{"id":9147,"date":"2025-11-20T18:12:18","date_gmt":"2025-11-20T15:12:18","guid":{"rendered":"https:\/\/leinfelder-juweler.com\/?post_type=product&#038;p=9147"},"modified":"2025-11-20T20:28:36","modified_gmt":"2025-11-20T17:28:36","slug":"athene-anhaenger-klein","status":"publish","type":"product","link":"https:\/\/leinfelder-juweler.com\/en\/product\/athene-anhaenger-klein\/","title":{"rendered":"Athene Anh\u00e4nger klein"},"content":{"rendered":"<p><strong>Ein Athene Anh\u00e4nger in 750 Gelb- und Wei\u00dfgold\u00a0klein<\/strong><\/p>\n<p data-mce-fragment=\"1\"><strong>Material: <\/strong>750 Gelbgold,\u00a0<span data-mce-fragment=\"1\">750 Wei\u00dfgold<\/span><\/p>\n<p data-mce-fragment=\"1\"><strong>Stones:\u00a0<\/strong><span data-mce-fragment=\"1\" lang=\"EN-US\">47 Brillanten \u00d8 1,0 mm = 0,235 ct tw vsi<\/span><span data-mce-fragment=\"1\"><\/span><\/p>\n<p data-mce-fragment=\"1\"><strong>Ma\u00dfe: <\/strong><span data-mce-fragment=\"1\">18 x 12,8 mm<\/span><span data-mce-fragment=\"1\"><\/span><\/p>\n<div><strong>Romantisch und schm\u00fcckend.<\/strong><\/div>\n<div data-mce-fragment=\"1\"><strong>Das\u00a0 Antlitz der Athene, G\u00f6ttin der Weisheit, umrahmt von einem Kranz aus Brillanten, ziert diesen Anh\u00e4nger.<\/strong><\/div>","protected":false},"excerpt":{"rendered":"<p>Ein Athene Anh\u00e4nger in 750 Gelb- und Wei\u00dfgold\u00a0klein Material: 750 Gelbgold,\u00a0750 Wei\u00dfgold Steine:\u00a0\ufeff47 Brillanten \u00d8 1,0 mm = 0,235 ct tw vsi Ma\u00dfe: 18 x 12,8 mm Romantisch und schm\u00fcckend. Das\u00a0 Antlitz der Athene, G\u00f6ttin der Weisheit, umrahmt von einem Kranz aus Brillanten, ziert diesen Anh\u00e4nger.<\/p>","protected":false},"featured_media":10314,"comment_status":"open","ping_status":"closed","template":"","meta":{"_acf_changed":false,"_et_pb_use_builder":"","_et_pb_old_content":"","_et_gb_content_width":"","inline_featured_image":false},"product_brand":[332],"product_cat":[333],"product_tag":[],"class_list":{"0":"post-9147","1":"product","2":"type-product","3":"status-publish","4":"has-post-thumbnail","6":"product_brand-leinfelder","7":"product_cat-halsschmuck","9":"first","10":"outofstock","11":"shipping-taxable","12":"purchasable","13":"product-type-simple"},"acf":[],"_links":{"self":[{"href":"https:\/\/leinfelder-juweler.com\/en\/wp-json\/wp\/v2\/product\/9147","targetHints":{"allow":["GET"]}}],"collection":[{"href":"https:\/\/leinfelder-juweler.com\/en\/wp-json\/wp\/v2\/product"}],"about":[{"href":"https:\/\/leinfelder-juweler.com\/en\/wp-json\/wp\/v2\/types\/product"}],"replies":[{"embeddable":true,"href":"https:\/\/leinfelder-juweler.com\/en\/wp-json\/wp\/v2\/comments?post=9147"}],"wp:featuredmedia":[{"embeddable":true,"href":"https:\/\/leinfelder-juweler.com\/en\/wp-json\/wp\/v2\/media\/10314"}],"wp:attachment":[{"href":"https:\/\/leinfelder-juweler.com\/en\/wp-json\/wp\/v2\/media?parent=9147"}],"wp:term":[{"taxonomy":"product_brand","embeddable":true,"href":"https:\/\/leinfelder-juweler.com\/en\/wp-json\/wp\/v2\/product_brand?post=9147"},{"taxonomy":"product_cat","embeddable":true,"href":"https:\/\/leinfelder-juweler.com\/en\/wp-json\/wp\/v2\/product_cat?post=9147"},{"taxonomy":"product_tag","embeddable":true,"href":"https:\/\/leinfelder-juweler.com\/en\/wp-json\/wp\/v2\/product_tag?post=9147"}],"curies":[{"name":"wp","href":"https:\/\/api.w.org\/{rel}","templated":true}]}}