{"id":9159,"date":"2025-11-20T18:12:22","date_gmt":"2025-11-20T15:12:22","guid":{"rendered":"https:\/\/leinfelder-juweler.com\/?post_type=product&#038;p=9159"},"modified":"2025-11-20T20:29:59","modified_gmt":"2025-11-20T17:29:59","slug":"klappcreolen-750-gelbgold-mit-brillanten-und-perleinhaengern-2","status":"publish","type":"product","link":"https:\/\/leinfelder-juweler.com\/en\/product\/klappcreolen-750-gelbgold-mit-brillanten-und-perleinhaengern-2\/","title":{"rendered":"Klappcreolen 750 Gelbgold mit Brillanten und Perleinh\u00e4ngern"},"content":{"rendered":"<p><strong>Ohrschmuck\u00a0Klappcreolen<\/strong><\/p>\n<p><strong>Material: <\/strong>750 Yellow Gold<\/p>\n<p><strong>Stones: <\/strong><span data-mce-fragment=\"1\" lang=\"EN-US\">18 Brillanten <\/span><span data-mce-fragment=\"1\" lang=\"EN-US\">= 0,288 ct tw vsi<\/span><\/p>\n<p><strong>Ma\u00dfe: <\/strong>2,5 mm breit \/au\u00dfen \u00d8 13,5 mm<\/p>\n<p><strong>Einh\u00e4nger:\u00a0<\/strong><span data-mce-fragment=\"1\"><\/span>750 Gelbgold mit S\u00fc\u00dfwasser-Perlen 10,5 mm rund<\/p>\n<p><span data-mce-fragment=\"1\"><\/span><span data-mce-fragment=\"1\"><\/span><strong>Weibliche Grazie zeichnet diese charmanten Ohrringe aus.<\/strong><\/p>","protected":false},"excerpt":{"rendered":"<p>Ohrschmuck\u00a0Klappcreolen Material: 750 Gelbgold Steine: 18 Brillanten = 0,288 ct tw vsi Ma\u00dfe: 2,5 mm breit \/au\u00dfen \u00d8 13,5 mm Einh\u00e4nger:\u00a0\ufeff750 Gelbgold mit S\u00fc\u00dfwasser-Perlen 10,5 mm rund Weibliche Grazie zeichnet diese charmanten Ohrringe aus.<\/p>","protected":false},"featured_media":10326,"comment_status":"open","ping_status":"closed","template":"","meta":{"_acf_changed":false,"_et_pb_use_builder":"","_et_pb_old_content":"","_et_gb_content_width":"","inline_featured_image":false},"product_brand":[332],"product_cat":[331],"product_tag":[],"class_list":{"0":"post-9159","1":"product","2":"type-product","3":"status-publish","4":"has-post-thumbnail","6":"product_brand-leinfelder","7":"product_cat-ohrschmuck","9":"first","10":"outofstock","11":"shipping-taxable","12":"purchasable","13":"product-type-simple"},"acf":[],"_links":{"self":[{"href":"https:\/\/leinfelder-juweler.com\/en\/wp-json\/wp\/v2\/product\/9159","targetHints":{"allow":["GET"]}}],"collection":[{"href":"https:\/\/leinfelder-juweler.com\/en\/wp-json\/wp\/v2\/product"}],"about":[{"href":"https:\/\/leinfelder-juweler.com\/en\/wp-json\/wp\/v2\/types\/product"}],"replies":[{"embeddable":true,"href":"https:\/\/leinfelder-juweler.com\/en\/wp-json\/wp\/v2\/comments?post=9159"}],"wp:featuredmedia":[{"embeddable":true,"href":"https:\/\/leinfelder-juweler.com\/en\/wp-json\/wp\/v2\/media\/10326"}],"wp:attachment":[{"href":"https:\/\/leinfelder-juweler.com\/en\/wp-json\/wp\/v2\/media?parent=9159"}],"wp:term":[{"taxonomy":"product_brand","embeddable":true,"href":"https:\/\/leinfelder-juweler.com\/en\/wp-json\/wp\/v2\/product_brand?post=9159"},{"taxonomy":"product_cat","embeddable":true,"href":"https:\/\/leinfelder-juweler.com\/en\/wp-json\/wp\/v2\/product_cat?post=9159"},{"taxonomy":"product_tag","embeddable":true,"href":"https:\/\/leinfelder-juweler.com\/en\/wp-json\/wp\/v2\/product_tag?post=9159"}],"curies":[{"name":"wp","href":"https:\/\/api.w.org\/{rel}","templated":true}]}}