{"id":9163,"date":"2025-11-20T18:12:39","date_gmt":"2025-11-20T15:12:39","guid":{"rendered":"https:\/\/leinfelder-juweler.com\/?post_type=product&#038;p=9163"},"modified":"2025-11-20T20:30:26","modified_gmt":"2025-11-20T17:30:26","slug":"mantelring-tailliert-mit-rubellit-und-40-brillanten","status":"publish","type":"product","link":"https:\/\/leinfelder-juweler.com\/en\/product\/mantelring-tailliert-mit-rubellit-und-40-brillanten\/","title":{"rendered":"Mantelring tailliert mit Rubellit und 40 Brillanten"},"content":{"rendered":"<p><strong>Mantelring tailliert mit<span data-mce-fragment=\"1\">\u00a0mit einem Rubellit Cabochon <\/span>und 40 Brillanten<\/strong><\/p>\n<p><strong>Material:\u00a0<\/strong>750 Yellow Gold<\/p>\n<p><strong>Stones: <\/strong>Rubellit Cabochon 10,04 ct 16 x 12 mm l\u00e4ngs und 40 Brillanten gesamt 0,236 ct tw vsi<\/p>\n<p style=\"margin-bottom: .0001pt; line-height: normal; mso-layout-grid-align: none; text-autospace: none;\" class=\"MsoNormal\"><b style=\"mso-bidi-font-weight: normal;\">Unsere Mantelringe zeichnen sich durch ihre kraftvolle Pr\u00e4senz und raffinierte Gestaltung aus. <\/b><\/p>\n<p><strong><b style=\"mso-bidi-font-weight: normal;\"><span style=\"font-size: 11.0pt; line-height: 115%; font-family: 'Calibri',sans-serif; mso-ascii-theme-font: minor-latin; mso-fareast-font-family: Calibri; mso-fareast-theme-font: minor-latin; mso-hansi-theme-font: minor-latin; mso-bidi-font-family: 'Times New Roman'; mso-bidi-theme-font: minor-bidi; mso-ansi-language: DE; mso-fareast-language: EN-US; mso-bidi-language: AR-SA;\">Der taillierte Goldring ummantelt den Edelstein und sch\u00fctzt ihn, w\u00e4hrend er zugleich seine volle Strahlkraft zur Geltung bringt. Ein Ausdruck zeitloser Eleganz und meisterlicher Handwerkskunst.<\/span><\/b><br \/><\/strong><\/p>\n<p style=\"margin-bottom: .0001pt;\" class=\"MsoNormal\"><b style=\"mso-bidi-font-weight: normal;\"><span style=\"mso-no-proof: yes;\">Ein Kranz aus Brillanten umschmeichelt den leuchtenden Rubellit, der l\u00e4ngs zum Finger gefasst ist.<\/span><\/b><\/p>\n<p><\/p>\n<p data-mce-fragment=\"1\"><b data-mce-fragment=\"1\">Hinweis: <\/b>Unsere Ringe sind in der angegebenen Gr\u00f6\u00dfe sofort lieferbar. Sollten sie sich einen Ring in einer anderen Gr\u00f6\u00dfe w\u00fcnschen, kontaktieren sie uns bitte. Wir informieren sie gerne \u00fcber die M\u00f6glichkeit und Dauer von Gr\u00f6\u00dfenanpassungen.<\/p>\n<p data-mce-fragment=\"1\"><\/p>\n<p><\/p>","protected":false},"excerpt":{"rendered":"<p>Mantelring tailliert mit\u00a0mit einem Rubellit Cabochon und 40 Brillanten Material:\u00a0750 Gelbgold Steine: Rubellit Cabochon 10,04 ct 16 x 12 mm l\u00e4ngs und 40 Brillanten gesamt 0,236 ct tw vsi Unsere Mantelringe zeichnen sich durch ihre kraftvolle Pr\u00e4senz und raffinierte Gestaltung aus. Der taillierte Goldring ummantelt den Edelstein und sch\u00fctzt ihn, w\u00e4hrend er zugleich seine volle [&hellip;]<\/p>","protected":false},"featured_media":10330,"comment_status":"open","ping_status":"closed","template":"","meta":{"_acf_changed":false,"_et_pb_use_builder":"","_et_pb_old_content":"","_et_gb_content_width":"","inline_featured_image":false},"product_brand":[332],"product_cat":[295],"product_tag":[],"class_list":{"0":"post-9163","1":"product","2":"type-product","3":"status-publish","4":"has-post-thumbnail","6":"product_brand-leinfelder","7":"product_cat-ringe","9":"first","10":"outofstock","11":"shipping-taxable","12":"purchasable","13":"product-type-simple"},"acf":[],"_links":{"self":[{"href":"https:\/\/leinfelder-juweler.com\/en\/wp-json\/wp\/v2\/product\/9163","targetHints":{"allow":["GET"]}}],"collection":[{"href":"https:\/\/leinfelder-juweler.com\/en\/wp-json\/wp\/v2\/product"}],"about":[{"href":"https:\/\/leinfelder-juweler.com\/en\/wp-json\/wp\/v2\/types\/product"}],"replies":[{"embeddable":true,"href":"https:\/\/leinfelder-juweler.com\/en\/wp-json\/wp\/v2\/comments?post=9163"}],"wp:featuredmedia":[{"embeddable":true,"href":"https:\/\/leinfelder-juweler.com\/en\/wp-json\/wp\/v2\/media\/10330"}],"wp:attachment":[{"href":"https:\/\/leinfelder-juweler.com\/en\/wp-json\/wp\/v2\/media?parent=9163"}],"wp:term":[{"taxonomy":"product_brand","embeddable":true,"href":"https:\/\/leinfelder-juweler.com\/en\/wp-json\/wp\/v2\/product_brand?post=9163"},{"taxonomy":"product_cat","embeddable":true,"href":"https:\/\/leinfelder-juweler.com\/en\/wp-json\/wp\/v2\/product_cat?post=9163"},{"taxonomy":"product_tag","embeddable":true,"href":"https:\/\/leinfelder-juweler.com\/en\/wp-json\/wp\/v2\/product_tag?post=9163"}],"curies":[{"name":"wp","href":"https:\/\/api.w.org\/{rel}","templated":true}]}}