{"id":9171,"date":"2025-11-20T18:12:42","date_gmt":"2025-11-20T15:12:42","guid":{"rendered":"https:\/\/leinfelder-juweler.com\/?post_type=product&#038;p=9171"},"modified":"2025-11-20T20:31:16","modified_gmt":"2025-11-20T17:31:16","slug":"schnuere-3-reihig","status":"publish","type":"product","link":"https:\/\/leinfelder-juweler.com\/en\/product\/schnuere-3-reihig\/","title":{"rendered":"Schn\u00fcre 3-reihig"},"content":{"rendered":"<p><strong>Schn\u00fcre 3-reihig mit Kapseln und S-Haken in 750 Wei\u00dfgold<br \/><\/strong><\/p>\n<p><strong>Material:<\/strong> 750 Wei\u00dfgold, Baumwolle<\/p>\n<div><strong>Die 3-reihigen schwarzen Schn\u00fcre in Verbindung mit dem edlen Verschlu\u00df<\/strong><\/div>\n<div><strong>aus 750 Wei\u00dfgold gefertigt, verleihen diversen Anh\u00e4ngern einen sportlichen Touch.<\/strong><\/div>","protected":false},"excerpt":{"rendered":"<p>Schn\u00fcre 3-reihig mit Kapseln und S-Haken in 750 Wei\u00dfgold Material: 750 Wei\u00dfgold, Baumwolle Die 3-reihigen schwarzen Schn\u00fcre in Verbindung mit dem edlen Verschlu\u00df aus 750 Wei\u00dfgold gefertigt, verleihen diversen Anh\u00e4ngern einen sportlichen Touch.<\/p>","protected":false},"featured_media":10337,"comment_status":"open","ping_status":"closed","template":"","meta":{"_acf_changed":false,"_et_pb_use_builder":"","_et_pb_old_content":"","_et_gb_content_width":"","inline_featured_image":false},"product_brand":[332],"product_cat":[333],"product_tag":[],"class_list":{"0":"post-9171","1":"product","2":"type-product","3":"status-publish","4":"has-post-thumbnail","6":"product_brand-leinfelder","7":"product_cat-halsschmuck","9":"first","10":"instock","11":"shipping-taxable","12":"purchasable","13":"product-type-simple"},"acf":[],"_links":{"self":[{"href":"https:\/\/leinfelder-juweler.com\/en\/wp-json\/wp\/v2\/product\/9171","targetHints":{"allow":["GET"]}}],"collection":[{"href":"https:\/\/leinfelder-juweler.com\/en\/wp-json\/wp\/v2\/product"}],"about":[{"href":"https:\/\/leinfelder-juweler.com\/en\/wp-json\/wp\/v2\/types\/product"}],"replies":[{"embeddable":true,"href":"https:\/\/leinfelder-juweler.com\/en\/wp-json\/wp\/v2\/comments?post=9171"}],"wp:featuredmedia":[{"embeddable":true,"href":"https:\/\/leinfelder-juweler.com\/en\/wp-json\/wp\/v2\/media\/10337"}],"wp:attachment":[{"href":"https:\/\/leinfelder-juweler.com\/en\/wp-json\/wp\/v2\/media?parent=9171"}],"wp:term":[{"taxonomy":"product_brand","embeddable":true,"href":"https:\/\/leinfelder-juweler.com\/en\/wp-json\/wp\/v2\/product_brand?post=9171"},{"taxonomy":"product_cat","embeddable":true,"href":"https:\/\/leinfelder-juweler.com\/en\/wp-json\/wp\/v2\/product_cat?post=9171"},{"taxonomy":"product_tag","embeddable":true,"href":"https:\/\/leinfelder-juweler.com\/en\/wp-json\/wp\/v2\/product_tag?post=9171"}],"curies":[{"name":"wp","href":"https:\/\/api.w.org\/{rel}","templated":true}]}}