{"id":9177,"date":"2025-11-20T18:12:44","date_gmt":"2025-11-20T15:12:44","guid":{"rendered":"https:\/\/leinfelder-juweler.com\/?post_type=product&#038;p=9177"},"modified":"2025-11-20T20:31:56","modified_gmt":"2025-11-20T17:31:56","slug":"klappcreolen-750-weissgold-mit-brillanten-und-rubellit-einhaengern-2","status":"publish","type":"product","link":"https:\/\/leinfelder-juweler.com\/en\/product\/klappcreolen-750-weissgold-mit-brillanten-und-rubellit-einhaengern-2\/","title":{"rendered":"Klappcreolen 750 Wei\u00dfgold mit Brillanten und Rubellit Einh\u00e4ngern"},"content":{"rendered":"<p><strong>Ohrschmuck\u00a0Klappcreolen<\/strong><\/p>\n<p><strong>Material: <\/strong>750 Wei\u00dfgold<\/p>\n<p><strong>Ma\u00dfe: <\/strong>\u00d8 3,0 Rundprofil\u00a0\/ <span data-mce-fragment=\"1\">30 mm au\u00dfen<\/span><span data-mce-fragment=\"1\"><\/span><\/p>\n<p><strong>Einh\u00e4nger:\u00a0<\/strong>750 Wei\u00dfgold <span data-mce-fragment=\"1\">mit 2 Brillanten \u00d8 3,9 mm = 0,46 ct tw vsi und Rubellittropfen\u00a09 mm \/ 4,96 ct<\/span>\u00a0<\/p>\n<div><strong>Ganz sch\u00f6n mutig!<\/strong><\/div>\n<div><strong>Mit geradezu verf\u00fchrerischer L\u00e4ssigkeit gelingt diesen Ohrringen <\/strong><\/div>\n<div><strong>der gro\u00dfe Auftritt.<\/strong><\/div>","protected":false},"excerpt":{"rendered":"<p>Ohrschmuck\u00a0Klappcreolen Material: 750 Wei\u00dfgold Ma\u00dfe: \u00d8 3,0 Rundprofil\u00a0\/ 30 mm au\u00dfen Einh\u00e4nger:\u00a0\ufeff750 Wei\u00dfgold mit 2 Brillanten \u00d8 3,9 mm = 0,46 ct tw vsi und Rubellittropfen\u00a09 mm \/ 4,96 ct\u00a0 Ganz sch\u00f6n mutig! Mit geradezu verf\u00fchrerischer L\u00e4ssigkeit gelingt diesen Ohrringen der gro\u00dfe Auftritt.<\/p>","protected":false},"featured_media":10343,"comment_status":"open","ping_status":"closed","template":"","meta":{"_acf_changed":false,"_et_pb_use_builder":"","_et_pb_old_content":"","_et_gb_content_width":"","inline_featured_image":false},"product_brand":[332],"product_cat":[331],"product_tag":[],"class_list":{"0":"post-9177","1":"product","2":"type-product","3":"status-publish","4":"has-post-thumbnail","6":"product_brand-leinfelder","7":"product_cat-ohrschmuck","9":"first","10":"outofstock","11":"shipping-taxable","12":"purchasable","13":"product-type-simple"},"acf":[],"_links":{"self":[{"href":"https:\/\/leinfelder-juweler.com\/en\/wp-json\/wp\/v2\/product\/9177","targetHints":{"allow":["GET"]}}],"collection":[{"href":"https:\/\/leinfelder-juweler.com\/en\/wp-json\/wp\/v2\/product"}],"about":[{"href":"https:\/\/leinfelder-juweler.com\/en\/wp-json\/wp\/v2\/types\/product"}],"replies":[{"embeddable":true,"href":"https:\/\/leinfelder-juweler.com\/en\/wp-json\/wp\/v2\/comments?post=9177"}],"wp:featuredmedia":[{"embeddable":true,"href":"https:\/\/leinfelder-juweler.com\/en\/wp-json\/wp\/v2\/media\/10343"}],"wp:attachment":[{"href":"https:\/\/leinfelder-juweler.com\/en\/wp-json\/wp\/v2\/media?parent=9177"}],"wp:term":[{"taxonomy":"product_brand","embeddable":true,"href":"https:\/\/leinfelder-juweler.com\/en\/wp-json\/wp\/v2\/product_brand?post=9177"},{"taxonomy":"product_cat","embeddable":true,"href":"https:\/\/leinfelder-juweler.com\/en\/wp-json\/wp\/v2\/product_cat?post=9177"},{"taxonomy":"product_tag","embeddable":true,"href":"https:\/\/leinfelder-juweler.com\/en\/wp-json\/wp\/v2\/product_tag?post=9177"}],"curies":[{"name":"wp","href":"https:\/\/api.w.org\/{rel}","templated":true}]}}