{"id":9179,"date":"2025-11-20T18:12:45","date_gmt":"2025-11-20T15:12:45","guid":{"rendered":"https:\/\/leinfelder-juweler.com\/?post_type=product&#038;p=9179"},"modified":"2025-11-20T20:32:10","modified_gmt":"2025-11-20T17:32:10","slug":"klappcreolen-wiener-brisur-750-weissgold-mit-brillanten-und-rubellit-einhaengern-2","status":"publish","type":"product","link":"https:\/\/leinfelder-juweler.com\/en\/product\/klappcreolen-wiener-brisur-750-weissgold-mit-brillanten-und-rubellit-einhaengern-2\/","title":{"rendered":"Klappcreolen &#8222;Wiener Brisur&#8220; 750 Wei\u00dfgold mit Brillanten und Rubellit Einh\u00e4ngern"},"content":{"rendered":"<p><strong>Ohrschmuck\u00a0Klappcreolen &#8222;Wiener Brisur&#8220;<br \/><\/strong><\/p>\n<p><strong>Material: <\/strong>750 Wei\u00dfgold<\/p>\n<p><strong>Stones: <\/strong><span data-mce-fragment=\"1\" lang=\"EN-US\">16 Brillanten <\/span><span data-mce-fragment=\"1\" lang=\"EN-US\">= 0,24 ct tw vsi<\/span><\/p>\n<p><strong>Ma\u00dfe: <\/strong>2,5 mm breit \/ au\u00dfen \u00d8 13,4 mm<\/p>\n<p><strong>Einh\u00e4nger:\u00a0<\/strong>750 Wei\u00dfgold <span data-mce-fragment=\"1\">mit 2 Brillanten \u00d8 3,9 mm = 0,46 ct tw vsi und Rubellittropfen\u00a09 mm \/ 4,96 ct<\/span><span data-mce-fragment=\"1\"><\/span><\/p>\n<div data-mce-fragment=\"1\"><strong>F\u00fcr den ganz gro\u00dfen Auftritt!<\/strong><\/div>\n<div><strong>Die kraftvollen roten Rubellit-Tropfen, gepaart <\/strong><\/div>\n<div><strong>mit funkelnden Diamanten ziehen alle Blicke auf sich.<\/strong><\/div>\n<p><\/p>\n<p>\u00a0<\/p>","protected":false},"excerpt":{"rendered":"<p>Ohrschmuck\u00a0Klappcreolen &#8222;Wiener Brisur&#8220; Material: 750 Wei\u00dfgold Steine: 16 Brillanten = 0,24 ct tw vsi Ma\u00dfe: 2,5 mm breit \/ au\u00dfen \u00d8 13,4 mm Einh\u00e4nger:\u00a0\ufeff750 Wei\u00dfgold mit 2 Brillanten \u00d8 3,9 mm = 0,46 ct tw vsi und Rubellittropfen\u00a09 mm \/ 4,96 ct F\u00fcr den ganz gro\u00dfen Auftritt! Die kraftvollen roten Rubellit-Tropfen, gepaart mit funkelnden Diamanten [&hellip;]<\/p>","protected":false},"featured_media":10345,"comment_status":"open","ping_status":"closed","template":"","meta":{"_acf_changed":false,"_et_pb_use_builder":"","_et_pb_old_content":"","_et_gb_content_width":"","inline_featured_image":false},"product_brand":[332],"product_cat":[331],"product_tag":[],"class_list":{"0":"post-9179","1":"product","2":"type-product","3":"status-publish","4":"has-post-thumbnail","6":"product_brand-leinfelder","7":"product_cat-ohrschmuck","9":"first","10":"outofstock","11":"shipping-taxable","12":"purchasable","13":"product-type-simple"},"acf":[],"_links":{"self":[{"href":"https:\/\/leinfelder-juweler.com\/en\/wp-json\/wp\/v2\/product\/9179","targetHints":{"allow":["GET"]}}],"collection":[{"href":"https:\/\/leinfelder-juweler.com\/en\/wp-json\/wp\/v2\/product"}],"about":[{"href":"https:\/\/leinfelder-juweler.com\/en\/wp-json\/wp\/v2\/types\/product"}],"replies":[{"embeddable":true,"href":"https:\/\/leinfelder-juweler.com\/en\/wp-json\/wp\/v2\/comments?post=9179"}],"wp:featuredmedia":[{"embeddable":true,"href":"https:\/\/leinfelder-juweler.com\/en\/wp-json\/wp\/v2\/media\/10345"}],"wp:attachment":[{"href":"https:\/\/leinfelder-juweler.com\/en\/wp-json\/wp\/v2\/media?parent=9179"}],"wp:term":[{"taxonomy":"product_brand","embeddable":true,"href":"https:\/\/leinfelder-juweler.com\/en\/wp-json\/wp\/v2\/product_brand?post=9179"},{"taxonomy":"product_cat","embeddable":true,"href":"https:\/\/leinfelder-juweler.com\/en\/wp-json\/wp\/v2\/product_cat?post=9179"},{"taxonomy":"product_tag","embeddable":true,"href":"https:\/\/leinfelder-juweler.com\/en\/wp-json\/wp\/v2\/product_tag?post=9179"}],"curies":[{"name":"wp","href":"https:\/\/api.w.org\/{rel}","templated":true}]}}