{"id":9181,"date":"2025-11-20T18:12:46","date_gmt":"2025-11-20T15:12:46","guid":{"rendered":"https:\/\/leinfelder-juweler.com\/?post_type=product&#038;p=9181"},"modified":"2025-11-20T20:32:23","modified_gmt":"2025-11-20T17:32:23","slug":"einhaenger-fuer-klappcreolen-mit-brillanten-und-rubelliten","status":"publish","type":"product","link":"https:\/\/leinfelder-juweler.com\/en\/product\/einhaenger-fuer-klappcreolen-mit-brillanten-und-rubelliten\/","title":{"rendered":"Einh\u00e4nger f\u00fcr Klappcreolen mit Brillanten und Rubelliten"},"content":{"rendered":"<p><strong>Einh\u00e4nger f\u00fcr\u00a0Klappcreolen<\/strong><\/p>\n<p><strong>Material: <\/strong>750 Wei\u00dfgold<\/p>\n<p><strong>Stones: <\/strong>Brillanten \u00d8 3,9 mm = 0,46 ct tw vsi und Rubellittropfen\u00a09 mm \/ 4,96 ct<\/p>\n<div><strong>Diese kraftvollen Einh\u00e4nger verwandeln unsere Klappcreolen <\/strong><\/div>\n<div><strong>zu einem feurigen Ensemble.<\/strong><\/div>","protected":false},"excerpt":{"rendered":"<p>Einh\u00e4nger f\u00fcr\u00a0Klappcreolen Material: 750 Wei\u00dfgold Steine: Brillanten \u00d8 3,9 mm = 0,46 ct tw vsi und Rubellittropfen\u00a09 mm \/ 4,96 ct \ufeffDiese kraftvollen Einh\u00e4nger verwandeln unsere Klappcreolen zu einem feurigen Ensemble.<\/p>","protected":false},"featured_media":10347,"comment_status":"open","ping_status":"closed","template":"","meta":{"_acf_changed":false,"_et_pb_use_builder":"","_et_pb_old_content":"","_et_gb_content_width":"","inline_featured_image":false},"product_brand":[332],"product_cat":[331],"product_tag":[],"class_list":{"0":"post-9181","1":"product","2":"type-product","3":"status-publish","4":"has-post-thumbnail","6":"product_brand-leinfelder","7":"product_cat-ohrschmuck","9":"first","10":"outofstock","11":"shipping-taxable","12":"purchasable","13":"product-type-simple"},"acf":[],"_links":{"self":[{"href":"https:\/\/leinfelder-juweler.com\/en\/wp-json\/wp\/v2\/product\/9181","targetHints":{"allow":["GET"]}}],"collection":[{"href":"https:\/\/leinfelder-juweler.com\/en\/wp-json\/wp\/v2\/product"}],"about":[{"href":"https:\/\/leinfelder-juweler.com\/en\/wp-json\/wp\/v2\/types\/product"}],"replies":[{"embeddable":true,"href":"https:\/\/leinfelder-juweler.com\/en\/wp-json\/wp\/v2\/comments?post=9181"}],"wp:featuredmedia":[{"embeddable":true,"href":"https:\/\/leinfelder-juweler.com\/en\/wp-json\/wp\/v2\/media\/10347"}],"wp:attachment":[{"href":"https:\/\/leinfelder-juweler.com\/en\/wp-json\/wp\/v2\/media?parent=9181"}],"wp:term":[{"taxonomy":"product_brand","embeddable":true,"href":"https:\/\/leinfelder-juweler.com\/en\/wp-json\/wp\/v2\/product_brand?post=9181"},{"taxonomy":"product_cat","embeddable":true,"href":"https:\/\/leinfelder-juweler.com\/en\/wp-json\/wp\/v2\/product_cat?post=9181"},{"taxonomy":"product_tag","embeddable":true,"href":"https:\/\/leinfelder-juweler.com\/en\/wp-json\/wp\/v2\/product_tag?post=9181"}],"curies":[{"name":"wp","href":"https:\/\/api.w.org\/{rel}","templated":true}]}}