{"id":9183,"date":"2025-11-20T18:12:46","date_gmt":"2025-11-20T15:12:46","guid":{"rendered":"https:\/\/leinfelder-juweler.com\/?post_type=product&#038;p=9183"},"modified":"2025-11-20T20:32:37","modified_gmt":"2025-11-20T17:32:37","slug":"klappcreolen-750-weissgold-mit-perleinhaengern-2","status":"publish","type":"product","link":"https:\/\/leinfelder-juweler.com\/en\/product\/klappcreolen-750-weissgold-mit-perleinhaengern-2\/","title":{"rendered":"Klappcreolen 750 Wei\u00dfgold mit Perleinh\u00e4ngern"},"content":{"rendered":"<p><strong>Ohrschmuck\u00a0Klappcreolen<\/strong><\/p>\n<p><strong>Material: <\/strong>750 Wei\u00dfgold<\/p>\n<p><strong>Ma\u00dfe: <\/strong>\u00d8 3,0 Rundprofil\u00a0\/ 30\u00a0mm\u00a0au\u00dfen<\/p>\n<p><strong>Einh\u00e4nger:\u00a0<\/strong>750 Wei\u00dfgold mit\u00a0S\u00fc\u00dfwasserperlen\u00a010-11 mm<\/p>\n<div><strong>Die feinen Perleinh\u00e4nger bilden einen reizvollen Kontrast <\/strong><\/div>\n<div><strong>zu den koketten gro\u00dfen Reifen.<\/strong><\/div>\n<p>\u00a0<\/p>","protected":false},"excerpt":{"rendered":"<p>Ohrschmuck\u00a0Klappcreolen Material: 750 Wei\u00dfgold Ma\u00dfe: \u00d8 3,0 Rundprofil\u00a0\/ 30\u00a0mm\u00a0au\u00dfen Einh\u00e4nger:\u00a0\ufeff750 Wei\u00dfgold mit\u00a0S\u00fc\u00dfwasserperlen\u00a010-11 mm Die feinen Perleinh\u00e4nger bilden einen reizvollen Kontrast zu den koketten gro\u00dfen Reifen. \u00a0<\/p>","protected":false},"featured_media":10349,"comment_status":"open","ping_status":"closed","template":"","meta":{"_acf_changed":false,"_et_pb_use_builder":"","_et_pb_old_content":"","_et_gb_content_width":"","inline_featured_image":false},"product_brand":[332],"product_cat":[331],"product_tag":[],"class_list":{"0":"post-9183","1":"product","2":"type-product","3":"status-publish","4":"has-post-thumbnail","6":"product_brand-leinfelder","7":"product_cat-ohrschmuck","9":"first","10":"outofstock","11":"shipping-taxable","12":"purchasable","13":"product-type-simple"},"acf":[],"_links":{"self":[{"href":"https:\/\/leinfelder-juweler.com\/en\/wp-json\/wp\/v2\/product\/9183","targetHints":{"allow":["GET"]}}],"collection":[{"href":"https:\/\/leinfelder-juweler.com\/en\/wp-json\/wp\/v2\/product"}],"about":[{"href":"https:\/\/leinfelder-juweler.com\/en\/wp-json\/wp\/v2\/types\/product"}],"replies":[{"embeddable":true,"href":"https:\/\/leinfelder-juweler.com\/en\/wp-json\/wp\/v2\/comments?post=9183"}],"wp:featuredmedia":[{"embeddable":true,"href":"https:\/\/leinfelder-juweler.com\/en\/wp-json\/wp\/v2\/media\/10349"}],"wp:attachment":[{"href":"https:\/\/leinfelder-juweler.com\/en\/wp-json\/wp\/v2\/media?parent=9183"}],"wp:term":[{"taxonomy":"product_brand","embeddable":true,"href":"https:\/\/leinfelder-juweler.com\/en\/wp-json\/wp\/v2\/product_brand?post=9183"},{"taxonomy":"product_cat","embeddable":true,"href":"https:\/\/leinfelder-juweler.com\/en\/wp-json\/wp\/v2\/product_cat?post=9183"},{"taxonomy":"product_tag","embeddable":true,"href":"https:\/\/leinfelder-juweler.com\/en\/wp-json\/wp\/v2\/product_tag?post=9183"}],"curies":[{"name":"wp","href":"https:\/\/api.w.org\/{rel}","templated":true}]}}