{"id":9186,"date":"2025-11-20T18:12:47","date_gmt":"2025-11-20T15:12:47","guid":{"rendered":"https:\/\/leinfelder-juweler.com\/?post_type=product&#038;p=9186"},"modified":"2025-11-20T20:32:58","modified_gmt":"2025-11-20T17:32:58","slug":"einhaenger-fuer-klappcreolen-mit-perlen-6","status":"publish","type":"product","link":"https:\/\/leinfelder-juweler.com\/en\/product\/einhaenger-fuer-klappcreolen-mit-perlen-6\/","title":{"rendered":"Einh\u00e4nger f\u00fcr Klappcreolen mit Perlen"},"content":{"rendered":"<p><strong>Einh\u00e4nger f\u00fcr\u00a0Klappcreolen<\/strong><\/p>\n<p><strong>Material: <\/strong>750 Wei\u00dfgold<\/p>\n<p><strong>Stones: <\/strong>S\u00fc\u00dfwasser- Perlen\u00a010 &#8211; 11 mm<\/p>\n<div>\n<p class=\"MsoNormal\"><strong>Tipp:\u00a0Die Einh\u00e4nger sind ma\u00dfgefertigt f\u00fcr unsere Klappcreolen bis 3 mm Breite, sowie f\u00fcr die Oberteile der Kollektion \u201eWiener Brisur\u201c.<\/strong><\/p>\n<p class=\"MsoNormal\"><strong>Die Kombination aus k\u00fchlem Wei\u00dfgold und den schimmernden Perlen verleihen den Creolen den besonderen Reiz.<\/strong><\/p>\n<p><strong><\/strong><strong><\/strong>\n<\/div>","protected":false},"excerpt":{"rendered":"<p>Einh\u00e4nger f\u00fcr\u00a0Klappcreolen Material: 750 Wei\u00dfgold Steine: S\u00fc\u00dfwasser- Perlen\u00a010 &#8211; 11 mm Tipp:\u00a0Die Einh\u00e4nger sind ma\u00dfgefertigt f\u00fcr unsere Klappcreolen bis 3 mm Breite, sowie f\u00fcr die Oberteile der Kollektion \u201eWiener Brisur\u201c. Die Kombination aus k\u00fchlem Wei\u00dfgold und den schimmernden Perlen verleihen den Creolen den besonderen Reiz.<\/p>","protected":false},"featured_media":10352,"comment_status":"open","ping_status":"closed","template":"","meta":{"_acf_changed":false,"_et_pb_use_builder":"","_et_pb_old_content":"","_et_gb_content_width":"","inline_featured_image":false},"product_brand":[332],"product_cat":[331],"product_tag":[],"class_list":{"0":"post-9186","1":"product","2":"type-product","3":"status-publish","4":"has-post-thumbnail","6":"product_brand-leinfelder","7":"product_cat-ohrschmuck","9":"first","10":"instock","11":"shipping-taxable","12":"purchasable","13":"product-type-simple"},"acf":[],"_links":{"self":[{"href":"https:\/\/leinfelder-juweler.com\/en\/wp-json\/wp\/v2\/product\/9186","targetHints":{"allow":["GET"]}}],"collection":[{"href":"https:\/\/leinfelder-juweler.com\/en\/wp-json\/wp\/v2\/product"}],"about":[{"href":"https:\/\/leinfelder-juweler.com\/en\/wp-json\/wp\/v2\/types\/product"}],"replies":[{"embeddable":true,"href":"https:\/\/leinfelder-juweler.com\/en\/wp-json\/wp\/v2\/comments?post=9186"}],"wp:featuredmedia":[{"embeddable":true,"href":"https:\/\/leinfelder-juweler.com\/en\/wp-json\/wp\/v2\/media\/10352"}],"wp:attachment":[{"href":"https:\/\/leinfelder-juweler.com\/en\/wp-json\/wp\/v2\/media?parent=9186"}],"wp:term":[{"taxonomy":"product_brand","embeddable":true,"href":"https:\/\/leinfelder-juweler.com\/en\/wp-json\/wp\/v2\/product_brand?post=9186"},{"taxonomy":"product_cat","embeddable":true,"href":"https:\/\/leinfelder-juweler.com\/en\/wp-json\/wp\/v2\/product_cat?post=9186"},{"taxonomy":"product_tag","embeddable":true,"href":"https:\/\/leinfelder-juweler.com\/en\/wp-json\/wp\/v2\/product_tag?post=9186"}],"curies":[{"name":"wp","href":"https:\/\/api.w.org\/{rel}","templated":true}]}}