{"id":9193,"date":"2025-11-20T18:13:05","date_gmt":"2025-11-20T15:13:05","guid":{"rendered":"https:\/\/leinfelder-juweler.com\/?post_type=product&#038;p=9193"},"modified":"2025-11-20T20:33:47","modified_gmt":"2025-11-20T17:33:47","slug":"klappcreolen-wiener-brisur-750-gelbgold-mit-peridot-einhaengern","status":"publish","type":"product","link":"https:\/\/leinfelder-juweler.com\/en\/product\/klappcreolen-wiener-brisur-750-gelbgold-mit-peridot-einhaengern\/","title":{"rendered":"Klappcreolen Wiener Brisur 750 Gelbgold mit Peridot Einh\u00e4ngern"},"content":{"rendered":"<p><strong>Ohrschmuck\u00a0Klappcreolen<\/strong><\/p>\n<p><strong>Material: <\/strong>750 Yellow Gold<\/p>\n<p><strong>Ma\u00dfe: <\/strong>2,4 mm breit \/ 17 mm lang<\/p>\n<p><strong>Einh\u00e4nger:\u00a0<\/strong>750 Gelbgold mit <span data-mce-fragment=\"1\">Peridot Cabochons 10 x 8 mm<\/span><span data-mce-fragment=\"1\"><\/span><\/p>\n<p><span data-mce-fragment=\"1\"><strong data-mce-fragment=\"1\">Als \u201cWiener Brisur\u201d war dieses besondere Design f\u00fcr Klappcreolen schon zu Zeiten von Kaiserin Sissi beliebt. Die abnehmbaren Einh\u00e4nger mit den leuchtend gr\u00fcnen Peridot Cabochons verleihen dem Ohrschmuck eine pers\u00f6nliche Note.<\/strong><\/span><\/p>","protected":false},"excerpt":{"rendered":"<p>Ohrschmuck\u00a0Klappcreolen Material: 750 Gelbgold Ma\u00dfe: 2,4 mm breit \/ 17 mm lang Einh\u00e4nger:\u00a0\ufeff750 Gelbgold mit Peridot Cabochons 10 x 8 mm Als \u201cWiener Brisur\u201d war dieses besondere Design f\u00fcr Klappcreolen schon zu Zeiten von Kaiserin Sissi beliebt. Die abnehmbaren Einh\u00e4nger mit den leuchtend gr\u00fcnen Peridot Cabochons verleihen dem Ohrschmuck eine pers\u00f6nliche Note.<\/p>","protected":false},"featured_media":10359,"comment_status":"open","ping_status":"closed","template":"","meta":{"_acf_changed":false,"_et_pb_use_builder":"","_et_pb_old_content":"","_et_gb_content_width":"","inline_featured_image":false},"product_brand":[332],"product_cat":[331],"product_tag":[],"class_list":{"0":"post-9193","1":"product","2":"type-product","3":"status-publish","4":"has-post-thumbnail","6":"product_brand-leinfelder","7":"product_cat-ohrschmuck","9":"first","10":"outofstock","11":"shipping-taxable","12":"purchasable","13":"product-type-simple"},"acf":[],"_links":{"self":[{"href":"https:\/\/leinfelder-juweler.com\/en\/wp-json\/wp\/v2\/product\/9193","targetHints":{"allow":["GET"]}}],"collection":[{"href":"https:\/\/leinfelder-juweler.com\/en\/wp-json\/wp\/v2\/product"}],"about":[{"href":"https:\/\/leinfelder-juweler.com\/en\/wp-json\/wp\/v2\/types\/product"}],"replies":[{"embeddable":true,"href":"https:\/\/leinfelder-juweler.com\/en\/wp-json\/wp\/v2\/comments?post=9193"}],"wp:featuredmedia":[{"embeddable":true,"href":"https:\/\/leinfelder-juweler.com\/en\/wp-json\/wp\/v2\/media\/10359"}],"wp:attachment":[{"href":"https:\/\/leinfelder-juweler.com\/en\/wp-json\/wp\/v2\/media?parent=9193"}],"wp:term":[{"taxonomy":"product_brand","embeddable":true,"href":"https:\/\/leinfelder-juweler.com\/en\/wp-json\/wp\/v2\/product_brand?post=9193"},{"taxonomy":"product_cat","embeddable":true,"href":"https:\/\/leinfelder-juweler.com\/en\/wp-json\/wp\/v2\/product_cat?post=9193"},{"taxonomy":"product_tag","embeddable":true,"href":"https:\/\/leinfelder-juweler.com\/en\/wp-json\/wp\/v2\/product_tag?post=9193"}],"curies":[{"name":"wp","href":"https:\/\/api.w.org\/{rel}","templated":true}]}}