{"id":9197,"date":"2025-11-20T18:13:06","date_gmt":"2025-11-20T15:13:06","guid":{"rendered":"https:\/\/leinfelder-juweler.com\/?post_type=product&#038;p=9197"},"modified":"2025-11-20T20:34:14","modified_gmt":"2025-11-20T17:34:14","slug":"klappcreolen-wiener-brisur-750-weissgold-mit-peridot-einhaengern","status":"publish","type":"product","link":"https:\/\/leinfelder-juweler.com\/en\/product\/klappcreolen-wiener-brisur-750-weissgold-mit-peridot-einhaengern\/","title":{"rendered":"Klappcreolen &#8222;Wiener Brisur&#8220; 750 Wei\u00dfgold mit Peridot Einh\u00e4ngern"},"content":{"rendered":"<p><strong>Ohrschmuck\u00a0Klappcreolen &#8222;Wiener Brisur&#8220;<br \/><\/strong><\/p>\n<p><strong>Material: <\/strong>750 Wei\u00dfgold<\/p>\n<p><strong>Ma\u00dfe: <\/strong>2,3 mm breit \/ 14 mm lang<\/p>\n<p><strong>Einh\u00e4nger:\u00a0<\/strong>750 Wei\u00dfgold mit <span data-mce-fragment=\"1\">Peridot Cabochons 10 x 8 mm<\/span><span data-mce-fragment=\"1\"><\/span><\/p>\n<div><strong>Das frische Gr\u00fcn der feinen Peridot- Einh\u00e4nger kommt durch <\/strong><\/div>\n<div><strong>die schlichten Oberteile besonders zur Geltung.<\/strong><\/div>\n<p><strong><br \/><\/strong><\/p>\n<p>\u00a0<\/p>","protected":false},"excerpt":{"rendered":"<p>Ohrschmuck\u00a0Klappcreolen &#8222;Wiener Brisur&#8220; Material: 750 Wei\u00dfgold Ma\u00dfe: 2,3 mm breit \/ 14 mm lang Einh\u00e4nger:\u00a0\ufeff750 Wei\u00dfgold mit Peridot Cabochons 10 x 8 mm Das frische Gr\u00fcn der feinen Peridot- Einh\u00e4nger kommt durch die schlichten Oberteile besonders zur Geltung. \u00a0<\/p>","protected":false},"featured_media":10363,"comment_status":"open","ping_status":"closed","template":"","meta":{"_acf_changed":false,"_et_pb_use_builder":"","_et_pb_old_content":"","_et_gb_content_width":"","inline_featured_image":false},"product_brand":[332],"product_cat":[331],"product_tag":[],"class_list":{"0":"post-9197","1":"product","2":"type-product","3":"status-publish","4":"has-post-thumbnail","6":"product_brand-leinfelder","7":"product_cat-ohrschmuck","9":"first","10":"instock","11":"shipping-taxable","12":"purchasable","13":"product-type-simple"},"acf":[],"_links":{"self":[{"href":"https:\/\/leinfelder-juweler.com\/en\/wp-json\/wp\/v2\/product\/9197","targetHints":{"allow":["GET"]}}],"collection":[{"href":"https:\/\/leinfelder-juweler.com\/en\/wp-json\/wp\/v2\/product"}],"about":[{"href":"https:\/\/leinfelder-juweler.com\/en\/wp-json\/wp\/v2\/types\/product"}],"replies":[{"embeddable":true,"href":"https:\/\/leinfelder-juweler.com\/en\/wp-json\/wp\/v2\/comments?post=9197"}],"wp:featuredmedia":[{"embeddable":true,"href":"https:\/\/leinfelder-juweler.com\/en\/wp-json\/wp\/v2\/media\/10363"}],"wp:attachment":[{"href":"https:\/\/leinfelder-juweler.com\/en\/wp-json\/wp\/v2\/media?parent=9197"}],"wp:term":[{"taxonomy":"product_brand","embeddable":true,"href":"https:\/\/leinfelder-juweler.com\/en\/wp-json\/wp\/v2\/product_brand?post=9197"},{"taxonomy":"product_cat","embeddable":true,"href":"https:\/\/leinfelder-juweler.com\/en\/wp-json\/wp\/v2\/product_cat?post=9197"},{"taxonomy":"product_tag","embeddable":true,"href":"https:\/\/leinfelder-juweler.com\/en\/wp-json\/wp\/v2\/product_tag?post=9197"}],"curies":[{"name":"wp","href":"https:\/\/api.w.org\/{rel}","templated":true}]}}