{"id":9204,"date":"2025-11-20T18:13:09","date_gmt":"2025-11-20T15:13:09","guid":{"rendered":"https:\/\/leinfelder-juweler.com\/?post_type=product&#038;p=9204"},"modified":"2025-11-20T20:34:50","modified_gmt":"2025-11-20T17:34:50","slug":"solitaerring-750-weissgold-mit-aussengravur-mon-cuer","status":"publish","type":"product","link":"https:\/\/leinfelder-juweler.com\/en\/product\/solitaerring-750-weissgold-mit-aussengravur-mon-cuer\/","title":{"rendered":"Solit\u00e4rring 750 Wei\u00dfgold mit Au\u00dfengravur &#8222;mon cuer&#8220;"},"content":{"rendered":"<p data-mce-fragment=\"1\"><strong>Solit\u00e4rring 750 Wei\u00dfgold mit vier Krappen parallel zur Schiene mit Au\u00dfengravur &#8222;mon cuer&#8220;<\/strong><\/p>\n<p data-mce-fragment=\"1\"><strong>Material: <\/strong>750 Wei\u00dfgold<\/p>\n<p><strong>Stein: <\/strong>Brillant 0,72 ct F si2 \u00d8 5,8 mm mit GIA Expertise 0015\/3\u00a0\u00a0\u00a0<\/p>\n<p class=\"MsoNormal\" style=\"margin-bottom: .0001pt;\"><b style=\"mso-bidi-font-weight: normal;\">Solit\u00e4rringe sind das Sinnbild klassischer Eleganz und zeitloser Sch\u00f6nheit. Ihr zentrales Merkmal ist ein einziger, funkelnder Edelstein \u2013 meist ein Diamant \u2013 der alle Blicke auf sich zieht. Dieser Stein wird kunstvoll in einer Fassung pr\u00e4sentiert, die ihn optimal zur Geltung bringt und das Licht in alle Richtungen reflektiert. Solit\u00e4rringe symbolisieren Reinheit, Klarheit und die Einzigartigkeit der Liebe, was sie zur perfekten Wahl f\u00fcr Verlobungen und besondere Momente macht.<u><\/u><\/b><\/p>\n<p class=\"MsoNormal\" style=\"margin-bottom: .0001pt;\">\u00a0<\/p>\n<p><strong>MON CUER AVEZ CANC DECYPARTIR \u201eDU HAST MEIN HERZ GANZ UNGETEILT\u201c<\/strong><\/p>\n<p><strong>Diese Inschrift fand man auf Liebesringen im Mittelalter eingraviert. Leinfelder f\u00fchrt diesen sch\u00f6nen Brauch weiter.<\/strong><\/p>\n<p><b>Hinweis: <\/b>Unsere Ringe sind in der angegebenen Gr\u00f6\u00dfe sofort lieferbar. Sollten sie sich einen Ring in einer anderen Gr\u00f6\u00dfe w\u00fcnschen, kontaktieren sie uns bitte. Wir informieren sie gerne \u00fcber die M\u00f6glichkeit und Dauer von Gr\u00f6\u00dfenanpassungen.<\/p>","protected":false},"excerpt":{"rendered":"<p>Solit\u00e4rring 750 Wei\u00dfgold mit vier Krappen parallel zur Schiene mit Au\u00dfengravur &#8222;mon cuer&#8220; Material: 750 Wei\u00dfgold Stein: Brillant 0,72 ct F si2 \u00d8 5,8 mm mit GIA Expertise 0015\/3\u00a0\u00a0\u00a0 Solit\u00e4rringe sind das Sinnbild klassischer Eleganz und zeitloser Sch\u00f6nheit. Ihr zentrales Merkmal ist ein einziger, funkelnder Edelstein \u2013 meist ein Diamant \u2013 der alle Blicke auf [&hellip;]<\/p>","protected":false},"featured_media":10369,"comment_status":"open","ping_status":"closed","template":"","meta":{"_acf_changed":false,"_et_pb_use_builder":"","_et_pb_old_content":"","_et_gb_content_width":"","inline_featured_image":false},"product_brand":[332],"product_cat":[295],"product_tag":[],"class_list":{"0":"post-9204","1":"product","2":"type-product","3":"status-publish","4":"has-post-thumbnail","6":"product_brand-leinfelder","7":"product_cat-ringe","9":"first","10":"outofstock","11":"shipping-taxable","12":"purchasable","13":"product-type-simple"},"acf":[],"_links":{"self":[{"href":"https:\/\/leinfelder-juweler.com\/en\/wp-json\/wp\/v2\/product\/9204","targetHints":{"allow":["GET"]}}],"collection":[{"href":"https:\/\/leinfelder-juweler.com\/en\/wp-json\/wp\/v2\/product"}],"about":[{"href":"https:\/\/leinfelder-juweler.com\/en\/wp-json\/wp\/v2\/types\/product"}],"replies":[{"embeddable":true,"href":"https:\/\/leinfelder-juweler.com\/en\/wp-json\/wp\/v2\/comments?post=9204"}],"wp:featuredmedia":[{"embeddable":true,"href":"https:\/\/leinfelder-juweler.com\/en\/wp-json\/wp\/v2\/media\/10369"}],"wp:attachment":[{"href":"https:\/\/leinfelder-juweler.com\/en\/wp-json\/wp\/v2\/media?parent=9204"}],"wp:term":[{"taxonomy":"product_brand","embeddable":true,"href":"https:\/\/leinfelder-juweler.com\/en\/wp-json\/wp\/v2\/product_brand?post=9204"},{"taxonomy":"product_cat","embeddable":true,"href":"https:\/\/leinfelder-juweler.com\/en\/wp-json\/wp\/v2\/product_cat?post=9204"},{"taxonomy":"product_tag","embeddable":true,"href":"https:\/\/leinfelder-juweler.com\/en\/wp-json\/wp\/v2\/product_tag?post=9204"}],"curies":[{"name":"wp","href":"https:\/\/api.w.org\/{rel}","templated":true}]}}