{"id":9206,"date":"2025-11-20T18:13:09","date_gmt":"2025-11-20T15:13:09","guid":{"rendered":"https:\/\/leinfelder-juweler.com\/?post_type=product&#038;p=9206"},"modified":"2025-11-20T20:35:08","modified_gmt":"2025-11-20T17:35:08","slug":"vario-ohrschmuck-konfigurator-weissgold","status":"publish","type":"product","link":"https:\/\/leinfelder-juweler.com\/en\/product\/vario-ohrschmuck-konfigurator-weissgold\/","title":{"rendered":"Vario Ohrschmuck Konfigurator Wei\u00dfgold"},"content":{"rendered":"<p><strong>Vario Ohrschmuck Oberteile:<\/strong><\/p>\n<p><strong>Kissen 3-ecke:<\/strong> Ohrstecker Kissen 3-ecke 750 Wei\u00dfgold 11,7 mm<\/p>\n<p><strong>Rund mit Brillanten: <\/strong>Ohrstecker 750 Wei\u00dfgold mit 234 Brillanten \u00d8 13 mm<\/p>\n<p><strong>Oval mit Aquamarinen: <\/strong>Ohrstecker 750 Wei\u00dfgold oval mit Aquamarinen 9 x 7 mm<strong><br data-mce-fragment=\"1\"><\/strong><\/p>\n<p><strong><br \/><\/strong><\/p>\n<p><strong>Vario Ohrschmuck Einh\u00e4nger:<\/strong><\/p>\n<p><strong>Perlquasten: <\/strong>Einh\u00e4nger 750 Wei\u00dfgold mit 88 Brillanten und S\u00fc\u00dfwasser Perlquasten<\/p>\n<p><strong>Brillanten und Ebenholz: <\/strong>Einh\u00e4nger 750 Wei\u00dfgold mit Brillanten und Ebenholz<\/p>\n<p><strong>Brillanten und Calcedon Pampeln:<\/strong> 750 Wei\u00dfgold mit 2 Brillanten = 0,20 ct tw vs \u00d8 3,0 mm und Calcedon Pampeln 12,9 ct 19,5 x 9 mm<\/p>\n<p>\u00a0<\/p>","protected":false},"excerpt":{"rendered":"<p>Vario Ohrschmuck Oberteile: Kissen 3-ecke: Ohrstecker Kissen 3-ecke 750 Wei\u00dfgold 11,7 mm Rund mit Brillanten: Ohrstecker 750 Wei\u00dfgold mit 234 Brillanten \u00d8 13 mm Oval mit Aquamarinen: Ohrstecker 750 Wei\u00dfgold oval mit Aquamarinen 9 x 7 mm Vario Ohrschmuck Einh\u00e4nger: Perlquasten: Einh\u00e4nger 750 Wei\u00dfgold mit 88 Brillanten und S\u00fc\u00dfwasser Perlquasten Brillanten und Ebenholz: Einh\u00e4nger 750 [&hellip;]<\/p>","protected":false},"featured_media":10379,"comment_status":"open","ping_status":"closed","template":"","meta":{"_acf_changed":false,"_et_pb_use_builder":"","_et_pb_old_content":"","_et_gb_content_width":"","inline_featured_image":false},"product_brand":[332],"product_cat":[331],"product_tag":[],"class_list":{"0":"post-9206","1":"product","2":"type-product","3":"status-publish","4":"has-post-thumbnail","6":"product_brand-leinfelder","7":"product_cat-ohrschmuck","9":"first","10":"instock","11":"shipping-taxable","12":"product-type-variable"},"acf":[],"_links":{"self":[{"href":"https:\/\/leinfelder-juweler.com\/en\/wp-json\/wp\/v2\/product\/9206","targetHints":{"allow":["GET"]}}],"collection":[{"href":"https:\/\/leinfelder-juweler.com\/en\/wp-json\/wp\/v2\/product"}],"about":[{"href":"https:\/\/leinfelder-juweler.com\/en\/wp-json\/wp\/v2\/types\/product"}],"replies":[{"embeddable":true,"href":"https:\/\/leinfelder-juweler.com\/en\/wp-json\/wp\/v2\/comments?post=9206"}],"wp:featuredmedia":[{"embeddable":true,"href":"https:\/\/leinfelder-juweler.com\/en\/wp-json\/wp\/v2\/media\/10379"}],"wp:attachment":[{"href":"https:\/\/leinfelder-juweler.com\/en\/wp-json\/wp\/v2\/media?parent=9206"}],"wp:term":[{"taxonomy":"product_brand","embeddable":true,"href":"https:\/\/leinfelder-juweler.com\/en\/wp-json\/wp\/v2\/product_brand?post=9206"},{"taxonomy":"product_cat","embeddable":true,"href":"https:\/\/leinfelder-juweler.com\/en\/wp-json\/wp\/v2\/product_cat?post=9206"},{"taxonomy":"product_tag","embeddable":true,"href":"https:\/\/leinfelder-juweler.com\/en\/wp-json\/wp\/v2\/product_tag?post=9206"}],"curies":[{"name":"wp","href":"https:\/\/api.w.org\/{rel}","templated":true}]}}