{"id":9208,"date":"2025-11-20T18:13:10","date_gmt":"2025-11-20T15:13:10","guid":{"rendered":"https:\/\/leinfelder-juweler.com\/?post_type=product&#038;p=9208"},"modified":"2025-11-20T20:35:21","modified_gmt":"2025-11-20T17:35:21","slug":"anhaenger-750-weissgold-mit-brillant","status":"publish","type":"product","link":"https:\/\/leinfelder-juweler.com\/en\/product\/anhaenger-750-weissgold-mit-brillant\/","title":{"rendered":"Anh\u00e4nger 750 Wei\u00dfgold mit Brillant"},"content":{"rendered":"<p data-mce-fragment=\"1\"><strong>Anh\u00e4nger 750 Wei\u00dfgold\u00a0mit Brillant\u00a0in 6er Krappenfassung<\/strong><\/p>\n<p data-mce-fragment=\"1\"><strong>Material: <\/strong>750 Wei\u00dfgold<\/p>\n<p data-mce-fragment=\"1\"><strong>Stones: <\/strong><span lang=\"EN-US\" data-mce-fragment=\"1\">Brillant \u00d8 5,2 mm\u00a00,55 ct H si1<\/span><\/p>\n<div>\n<p class=\"MsoNormal\" style=\"margin-bottom: .0001pt;\"><b style=\"mso-bidi-font-weight: normal;\"><span style=\"mso-bidi-font-family: Calibri; mso-bidi-theme-font: minor-latin;\">Ein Solit\u00e4ranh\u00e4nger verk\u00f6rpert pure Eleganz und zeitlose Raffinesse. Im Mittelpunkt steht ein einziger, pr\u00e4chtig funkelnder Edelstein, der sanft an einer filigranen Kette h\u00e4ngt und durch seine Schlichtheit besonders edel wirkt. Der Stein \u2013 oft ein funkelnder Diamant \u2013 ist meisterhaft gefasst, sodass er das Licht in einem atemberaubenden Spiel einf\u00e4ngt und reflektiert. Dieser Anh\u00e4nger symbolisiert die Klarheit und Reinheit der Liebe, weshalb er gerne als Geschenk f\u00fcr unvergessliche Momente gew\u00e4hlt wird.<\/span><\/b><\/p>\n<\/div>","protected":false},"excerpt":{"rendered":"<p>Anh\u00e4nger 750 Wei\u00dfgold\u00a0mit Brillant\u00a0in 6er Krappenfassung Material: 750 Wei\u00dfgold Steine: Brillant \u00d8 5,2 mm\u00a00,55 ct H si1 Ein Solit\u00e4ranh\u00e4nger verk\u00f6rpert pure Eleganz und zeitlose Raffinesse. Im Mittelpunkt steht ein einziger, pr\u00e4chtig funkelnder Edelstein, der sanft an einer filigranen Kette h\u00e4ngt und durch seine Schlichtheit besonders edel wirkt. Der Stein \u2013 oft ein funkelnder Diamant \u2013 [&hellip;]<\/p>","protected":false},"featured_media":10381,"comment_status":"open","ping_status":"closed","template":"","meta":{"_acf_changed":false,"_et_pb_use_builder":"","_et_pb_old_content":"","_et_gb_content_width":"","inline_featured_image":false},"product_brand":[332],"product_cat":[333],"product_tag":[],"class_list":{"0":"post-9208","1":"product","2":"type-product","3":"status-publish","4":"has-post-thumbnail","6":"product_brand-leinfelder","7":"product_cat-halsschmuck","9":"first","10":"outofstock","11":"shipping-taxable","12":"purchasable","13":"product-type-simple"},"acf":[],"_links":{"self":[{"href":"https:\/\/leinfelder-juweler.com\/en\/wp-json\/wp\/v2\/product\/9208","targetHints":{"allow":["GET"]}}],"collection":[{"href":"https:\/\/leinfelder-juweler.com\/en\/wp-json\/wp\/v2\/product"}],"about":[{"href":"https:\/\/leinfelder-juweler.com\/en\/wp-json\/wp\/v2\/types\/product"}],"replies":[{"embeddable":true,"href":"https:\/\/leinfelder-juweler.com\/en\/wp-json\/wp\/v2\/comments?post=9208"}],"wp:featuredmedia":[{"embeddable":true,"href":"https:\/\/leinfelder-juweler.com\/en\/wp-json\/wp\/v2\/media\/10381"}],"wp:attachment":[{"href":"https:\/\/leinfelder-juweler.com\/en\/wp-json\/wp\/v2\/media?parent=9208"}],"wp:term":[{"taxonomy":"product_brand","embeddable":true,"href":"https:\/\/leinfelder-juweler.com\/en\/wp-json\/wp\/v2\/product_brand?post=9208"},{"taxonomy":"product_cat","embeddable":true,"href":"https:\/\/leinfelder-juweler.com\/en\/wp-json\/wp\/v2\/product_cat?post=9208"},{"taxonomy":"product_tag","embeddable":true,"href":"https:\/\/leinfelder-juweler.com\/en\/wp-json\/wp\/v2\/product_tag?post=9208"}],"curies":[{"name":"wp","href":"https:\/\/api.w.org\/{rel}","templated":true}]}}