{"id":9209,"date":"2025-11-20T18:13:11","date_gmt":"2025-11-20T15:13:11","guid":{"rendered":"https:\/\/leinfelder-juweler.com\/?post_type=product&#038;p=9209"},"modified":"2025-11-20T20:35:27","modified_gmt":"2025-11-20T17:35:27","slug":"anhaenger-750-weissgold-mit-brillanten-und-perle","status":"publish","type":"product","link":"https:\/\/leinfelder-juweler.com\/en\/product\/anhaenger-750-weissgold-mit-brillanten-und-perle\/","title":{"rendered":"Anh\u00e4nger 750 Wei\u00dfgold mit Brillanten und Perle"},"content":{"rendered":"<p data-mce-fragment=\"1\"><strong>Anh\u00e4nger 750 Wei\u00dfgold\u00a0mit Brillanten und Perle<\/strong><\/p>\n<p data-mce-fragment=\"1\"><strong>Material: <\/strong>750 Wei\u00dfgold<\/p>\n<p data-mce-fragment=\"1\"><strong>Stones:\u00a0<\/strong>Brillant \u00d8 3,5 mm<span>\u00a0<\/span>0,15 ct tw vsi,\u00a036 Brillanten \u00d8 1,2 mm = 0,324 ct tw vvs\u00a0und eine S\u00fc\u00dfwasser-Perle<\/p>\n<div data-mce-fragment=\"1\">\n<p class=\"MsoNormal\" style=\"margin-bottom: .0001pt;\"><strong><span style=\"font-family: 'Calibri',sans-serif; mso-ascii-theme-font: minor-latin; mso-hansi-theme-font: minor-latin; mso-bidi-font-family: 'Times New Roman'; mso-bidi-theme-font: minor-bidi;\">Einzigartige Brillanz: Diamantschmuck in meisterhafter Handarbeit.<\/span><\/strong><br \/><strong><span style=\"font-family: 'Calibri',sans-serif; mso-ascii-theme-font: minor-latin; mso-hansi-theme-font: minor-latin; mso-bidi-font-family: 'Times New Roman'; mso-bidi-theme-font: minor-bidi;\">jedes Schmuckst\u00fcck \u2013 mit Sorgfalt und Hingabe f\u00fcr Sie gefertigt.<\/span><\/strong><\/p>\n<\/div>\n<div data-mce-fragment=\"1\"><strong>Das Zusammenspiel zwischen den f\u00f6rmlich eingewobenen <\/strong><\/div>\n<div data-mce-fragment=\"1\"><strong>glitzernden Brillanten und der frischen Perle verf\u00fchrt zum Tr\u00e4umen.<\/strong><\/div>","protected":false},"excerpt":{"rendered":"<p>Anh\u00e4nger 750 Wei\u00dfgold\u00a0mit Brillanten und Perle Material: 750 Wei\u00dfgold Steine:\u00a0Brillant \u00d8 3,5 mm\u00a00,15 ct tw vsi,\u00a036 Brillanten \u00d8 1,2 mm = 0,324 ct tw vvs\u00a0und eine S\u00fc\u00dfwasser-Perle Einzigartige Brillanz: Diamantschmuck in meisterhafter Handarbeit.jedes Schmuckst\u00fcck \u2013 mit Sorgfalt und Hingabe f\u00fcr Sie gefertigt. Das Zusammenspiel zwischen den f\u00f6rmlich eingewobenen glitzernden Brillanten und der frischen Perle verf\u00fchrt [&hellip;]<\/p>","protected":false},"featured_media":10382,"comment_status":"open","ping_status":"closed","template":"","meta":{"_acf_changed":false,"_et_pb_use_builder":"","_et_pb_old_content":"","_et_gb_content_width":"","inline_featured_image":false},"product_brand":[332],"product_cat":[333],"product_tag":[302],"class_list":{"0":"post-9209","1":"product","2":"type-product","3":"status-publish","4":"has-post-thumbnail","6":"product_brand-leinfelder","7":"product_cat-halsschmuck","8":"product_tag-ebenholz","10":"first","11":"instock","12":"shipping-taxable","13":"purchasable","14":"product-type-simple"},"acf":[],"_links":{"self":[{"href":"https:\/\/leinfelder-juweler.com\/en\/wp-json\/wp\/v2\/product\/9209","targetHints":{"allow":["GET"]}}],"collection":[{"href":"https:\/\/leinfelder-juweler.com\/en\/wp-json\/wp\/v2\/product"}],"about":[{"href":"https:\/\/leinfelder-juweler.com\/en\/wp-json\/wp\/v2\/types\/product"}],"replies":[{"embeddable":true,"href":"https:\/\/leinfelder-juweler.com\/en\/wp-json\/wp\/v2\/comments?post=9209"}],"wp:featuredmedia":[{"embeddable":true,"href":"https:\/\/leinfelder-juweler.com\/en\/wp-json\/wp\/v2\/media\/10382"}],"wp:attachment":[{"href":"https:\/\/leinfelder-juweler.com\/en\/wp-json\/wp\/v2\/media?parent=9209"}],"wp:term":[{"taxonomy":"product_brand","embeddable":true,"href":"https:\/\/leinfelder-juweler.com\/en\/wp-json\/wp\/v2\/product_brand?post=9209"},{"taxonomy":"product_cat","embeddable":true,"href":"https:\/\/leinfelder-juweler.com\/en\/wp-json\/wp\/v2\/product_cat?post=9209"},{"taxonomy":"product_tag","embeddable":true,"href":"https:\/\/leinfelder-juweler.com\/en\/wp-json\/wp\/v2\/product_tag?post=9209"}],"curies":[{"name":"wp","href":"https:\/\/api.w.org\/{rel}","templated":true}]}}