{"id":9211,"date":"2025-11-20T18:13:11","date_gmt":"2025-11-20T15:13:11","guid":{"rendered":"https:\/\/leinfelder-juweler.com\/?post_type=product&#038;p=9211"},"modified":"2025-11-20T20:35:39","modified_gmt":"2025-11-20T17:35:39","slug":"anhaenger-750-gelbgold-mit-turmalin-diamanten-und-perle","status":"publish","type":"product","link":"https:\/\/leinfelder-juweler.com\/en\/product\/anhaenger-750-gelbgold-mit-turmalin-diamanten-und-perle\/","title":{"rendered":"Anh\u00e4nger 750 Gelbgold mit Turmalin, Diamanten und Perle"},"content":{"rendered":"<p data-mce-fragment=\"1\"><strong>Anh\u00e4nger 750 Gelbgold mit Turmalin, Diamanten und Perle<\/strong><\/p>\n<p data-mce-fragment=\"1\"><strong>Material: <\/strong>750 Yellow Gold<\/p>\n<p data-mce-fragment=\"1\"><strong>Stones: <\/strong>afrikanischer Turmalin<span>\u00a0 <\/span>1,35 ct<span>\u00a0 <\/span>I aa+\u00a0\u00d8 7 mm rund facettiert, 4 Diamanten im princess cut\u00a00,40 ct tw vvs, 2,5 mm Kantenl\u00e4nge<strong><\/strong> und ein S\u00fcdseeperltropfen 13 x 10 mm<\/p>\n<div><strong>Schm\u00fcckend und edel ist dieser Anh\u00e4nger <\/strong><\/div>\n<div><strong>mit seinem feinen Turmalin im Brillantschliff.<\/strong><\/div>\n<div><strong>4 Diamanten sorgen f\u00fcr die reizvolle Symmetrie. <\/strong><\/div>\n<div><strong>Der S\u00fcdseeperltropfen rundet das Gesamtbild kunstvoll ab.<\/strong><\/div>","protected":false},"excerpt":{"rendered":"<p>Anh\u00e4nger 750 Gelbgold mit Turmalin, Diamanten und Perle Material: 750 Gelbgold Steine: afrikanischer Turmalin\u00a0 1,35 ct\u00a0 I aa+\u00a0\u00d8 7 mm rund facettiert, 4 Diamanten im princess cut\u00a00,40 ct tw vvs, 2,5 mm Kantenl\u00e4nge und ein S\u00fcdseeperltropfen 13 x 10 mm Schm\u00fcckend und edel ist dieser Anh\u00e4nger mit seinem feinen Turmalin im Brillantschliff. 4 Diamanten sorgen [&hellip;]<\/p>","protected":false},"featured_media":10384,"comment_status":"open","ping_status":"closed","template":"","meta":{"_acf_changed":false,"_et_pb_use_builder":"","_et_pb_old_content":"","_et_gb_content_width":"","inline_featured_image":false},"product_brand":[332],"product_cat":[333],"product_tag":[],"class_list":{"0":"post-9211","1":"product","2":"type-product","3":"status-publish","4":"has-post-thumbnail","6":"product_brand-leinfelder","7":"product_cat-halsschmuck","9":"first","10":"outofstock","11":"shipping-taxable","12":"purchasable","13":"product-type-simple"},"acf":[],"_links":{"self":[{"href":"https:\/\/leinfelder-juweler.com\/en\/wp-json\/wp\/v2\/product\/9211","targetHints":{"allow":["GET"]}}],"collection":[{"href":"https:\/\/leinfelder-juweler.com\/en\/wp-json\/wp\/v2\/product"}],"about":[{"href":"https:\/\/leinfelder-juweler.com\/en\/wp-json\/wp\/v2\/types\/product"}],"replies":[{"embeddable":true,"href":"https:\/\/leinfelder-juweler.com\/en\/wp-json\/wp\/v2\/comments?post=9211"}],"wp:featuredmedia":[{"embeddable":true,"href":"https:\/\/leinfelder-juweler.com\/en\/wp-json\/wp\/v2\/media\/10384"}],"wp:attachment":[{"href":"https:\/\/leinfelder-juweler.com\/en\/wp-json\/wp\/v2\/media?parent=9211"}],"wp:term":[{"taxonomy":"product_brand","embeddable":true,"href":"https:\/\/leinfelder-juweler.com\/en\/wp-json\/wp\/v2\/product_brand?post=9211"},{"taxonomy":"product_cat","embeddable":true,"href":"https:\/\/leinfelder-juweler.com\/en\/wp-json\/wp\/v2\/product_cat?post=9211"},{"taxonomy":"product_tag","embeddable":true,"href":"https:\/\/leinfelder-juweler.com\/en\/wp-json\/wp\/v2\/product_tag?post=9211"}],"curies":[{"name":"wp","href":"https:\/\/api.w.org\/{rel}","templated":true}]}}