{"id":9217,"date":"2025-11-20T18:13:27","date_gmt":"2025-11-20T15:13:27","guid":{"rendered":"https:\/\/leinfelder-juweler.com\/?post_type=product&#038;p=9217"},"modified":"2025-11-20T20:36:16","modified_gmt":"2025-11-20T17:36:16","slug":"anhaenger-750-gelbgold-leinfelder-kreuz","status":"publish","type":"product","link":"https:\/\/leinfelder-juweler.com\/en\/product\/anhaenger-750-gelbgold-leinfelder-kreuz\/","title":{"rendered":"Anh\u00e4nger 750 Gelbgold Leinfelder Kreuz"},"content":{"rendered":"<p data-mce-fragment=\"1\"><strong>Anh\u00e4nger 750 Gelbgold Leinfelder Kreuz <\/strong><\/p>\n<p data-mce-fragment=\"1\"><strong>Material: <\/strong>750 Gelbgold vollplastisch<\/p>\n<p data-mce-fragment=\"1\"><strong>Stein:\u00a0<\/strong>Brillant 0,70 ct H si2\u00a0mit Expertise DPL UP 636<\/p>\n<p data-mce-fragment=\"1\"><strong>Ma\u00dfe: <\/strong><span data-mce-fragment=\"1\">32 x 32<\/span><span data-mce-fragment=\"1\"><\/span> mm<\/p>\n<p data-mce-fragment=\"1\"><strong>Unser Leinfelder Kreuz ist dem Vorbild eines r\u00f6mischen Ausgrabungsst\u00fcckes nachempfunden. Ein funkelnder Brillant bildet das Zentrum dieses magischen Anh\u00e4ngers.<\/strong><\/p>","protected":false},"excerpt":{"rendered":"<p>Anh\u00e4nger 750 Gelbgold Leinfelder Kreuz Material: 750 Gelbgold vollplastisch Stein:\u00a0Brillant 0,70 ct H si2\u00a0mit Expertise DPL UP 636 Ma\u00dfe: 32 x 32 mm Unser Leinfelder Kreuz ist dem Vorbild eines r\u00f6mischen Ausgrabungsst\u00fcckes nachempfunden. Ein funkelnder Brillant bildet das Zentrum dieses magischen Anh\u00e4ngers.<\/p>","protected":false},"featured_media":7959,"comment_status":"open","ping_status":"closed","template":"","meta":{"_acf_changed":false,"_et_pb_use_builder":"","_et_pb_old_content":"","_et_gb_content_width":"","inline_featured_image":false},"product_brand":[332],"product_cat":[333],"product_tag":[],"class_list":{"0":"post-9217","1":"product","2":"type-product","3":"status-publish","4":"has-post-thumbnail","6":"product_brand-leinfelder","7":"product_cat-halsschmuck","9":"first","10":"outofstock","11":"sold-individually","12":"shipping-taxable","13":"purchasable","14":"product-type-simple"},"acf":[],"_links":{"self":[{"href":"https:\/\/leinfelder-juweler.com\/en\/wp-json\/wp\/v2\/product\/9217","targetHints":{"allow":["GET"]}}],"collection":[{"href":"https:\/\/leinfelder-juweler.com\/en\/wp-json\/wp\/v2\/product"}],"about":[{"href":"https:\/\/leinfelder-juweler.com\/en\/wp-json\/wp\/v2\/types\/product"}],"replies":[{"embeddable":true,"href":"https:\/\/leinfelder-juweler.com\/en\/wp-json\/wp\/v2\/comments?post=9217"}],"wp:featuredmedia":[{"embeddable":true,"href":"https:\/\/leinfelder-juweler.com\/en\/wp-json\/wp\/v2\/media\/7959"}],"wp:attachment":[{"href":"https:\/\/leinfelder-juweler.com\/en\/wp-json\/wp\/v2\/media?parent=9217"}],"wp:term":[{"taxonomy":"product_brand","embeddable":true,"href":"https:\/\/leinfelder-juweler.com\/en\/wp-json\/wp\/v2\/product_brand?post=9217"},{"taxonomy":"product_cat","embeddable":true,"href":"https:\/\/leinfelder-juweler.com\/en\/wp-json\/wp\/v2\/product_cat?post=9217"},{"taxonomy":"product_tag","embeddable":true,"href":"https:\/\/leinfelder-juweler.com\/en\/wp-json\/wp\/v2\/product_tag?post=9217"}],"curies":[{"name":"wp","href":"https:\/\/api.w.org\/{rel}","templated":true}]}}