{"id":9225,"date":"2025-11-20T18:13:30","date_gmt":"2025-11-20T15:13:30","guid":{"rendered":"https:\/\/leinfelder-juweler.com\/?post_type=product&#038;p=9225"},"modified":"2025-11-20T20:37:02","modified_gmt":"2025-11-20T17:37:02","slug":"anhaenger-kreuz-5","status":"publish","type":"product","link":"https:\/\/leinfelder-juweler.com\/en\/product\/anhaenger-kreuz-5\/","title":{"rendered":"Anh\u00e4nger Kreuz"},"content":{"rendered":"<p data-mce-fragment=\"1\"><strong>Anh\u00e4nger \u201e<span data-mce-fragment=\"1\">Kreuz<\/span>&#8220; ohne Kette<br \/><\/strong><\/p>\n<p data-mce-fragment=\"1\"><strong>Material: <\/strong>750 Yellow Gold<\/p>\n<p data-mce-fragment=\"1\"><strong>Ma\u00dfe: <\/strong>12 x 9 x 1,7 mm<\/p>\n<p data-mce-fragment=\"1\"><strong>Schon in der Fr\u00fchzeit der Menschheit war das Kreuz ein Kultgegenstand, wie man aus arch\u00e4ologischen Funden wei\u00df. Die Verwendung des Kreuzes geht zur\u00fcck bis in die Steinzeit.<\/strong><\/p>","protected":false},"excerpt":{"rendered":"<p>Anh\u00e4nger \u201eKreuz&#8220; ohne Kette Material: 750 Gelbgold Ma\u00dfe: 12 x 9 x 1,7 mm Schon in der Fr\u00fchzeit der Menschheit war das Kreuz ein Kultgegenstand, wie man aus arch\u00e4ologischen Funden wei\u00df. Die Verwendung des Kreuzes geht zur\u00fcck bis in die Steinzeit.<\/p>","protected":false},"featured_media":10397,"comment_status":"open","ping_status":"closed","template":"","meta":{"_acf_changed":false,"_et_pb_use_builder":"","_et_pb_old_content":"","_et_gb_content_width":"","inline_featured_image":false},"product_brand":[332],"product_cat":[333],"product_tag":[],"class_list":{"0":"post-9225","1":"product","2":"type-product","3":"status-publish","4":"has-post-thumbnail","6":"product_brand-leinfelder","7":"product_cat-halsschmuck","9":"first","10":"instock","11":"shipping-taxable","12":"purchasable","13":"product-type-simple"},"acf":[],"_links":{"self":[{"href":"https:\/\/leinfelder-juweler.com\/en\/wp-json\/wp\/v2\/product\/9225","targetHints":{"allow":["GET"]}}],"collection":[{"href":"https:\/\/leinfelder-juweler.com\/en\/wp-json\/wp\/v2\/product"}],"about":[{"href":"https:\/\/leinfelder-juweler.com\/en\/wp-json\/wp\/v2\/types\/product"}],"replies":[{"embeddable":true,"href":"https:\/\/leinfelder-juweler.com\/en\/wp-json\/wp\/v2\/comments?post=9225"}],"wp:featuredmedia":[{"embeddable":true,"href":"https:\/\/leinfelder-juweler.com\/en\/wp-json\/wp\/v2\/media\/10397"}],"wp:attachment":[{"href":"https:\/\/leinfelder-juweler.com\/en\/wp-json\/wp\/v2\/media?parent=9225"}],"wp:term":[{"taxonomy":"product_brand","embeddable":true,"href":"https:\/\/leinfelder-juweler.com\/en\/wp-json\/wp\/v2\/product_brand?post=9225"},{"taxonomy":"product_cat","embeddable":true,"href":"https:\/\/leinfelder-juweler.com\/en\/wp-json\/wp\/v2\/product_cat?post=9225"},{"taxonomy":"product_tag","embeddable":true,"href":"https:\/\/leinfelder-juweler.com\/en\/wp-json\/wp\/v2\/product_tag?post=9225"}],"curies":[{"name":"wp","href":"https:\/\/api.w.org\/{rel}","templated":true}]}}