{"id":9229,"date":"2025-11-20T18:13:32","date_gmt":"2025-11-20T15:13:32","guid":{"rendered":"https:\/\/leinfelder-juweler.com\/?post_type=product&#038;p=9229"},"modified":"2025-11-20T20:37:22","modified_gmt":"2025-11-20T17:37:22","slug":"vario-ohrschmuck-set-131","status":"publish","type":"product","link":"https:\/\/leinfelder-juweler.com\/en\/product\/vario-ohrschmuck-set-131\/","title":{"rendered":"Vario Ohrschmuck Set"},"content":{"rendered":"<p><strong>Vario Ohrschmuck Set aus Ohrsteckern und Einh\u00e4ngern: <\/strong><\/p>\n<p><strong>Oberteile:\u00a0Ohrstecker \u201eVario\u201c\u00a0mit Rubelliten<br \/><\/strong><\/p>\n<p><strong>Material: <\/strong>750 Yellow Gold<\/p>\n<p><strong>Stones: <\/strong>Rubellit Cabochons 15,50 ct Ia 13 x 11 mm<\/p>\n<p><strong>Einh\u00e4nger:<br \/><\/strong><\/p>\n<p><strong>Material:\u00a0<\/strong>750 Yellow Gold<\/p>\n<p><strong>Stones: <\/strong>2 Starlite 0,82 ct \u00d8 4 mm rund facettiert mit 8 pink Saphir Cabochons\u00a0 \u00d8 2,0 mm und Rosenquarz Pampeln 22,20 ct 22,5 x 8,8 mm<\/p>\n<div data-mce-fragment=\"1\"><strong>Unser Vario Ohrschmuck aus 750 Gelb- oder Wei\u00dfgold bietet vielseitige Kombinationsm\u00f6glichkeiten. Die Oberteile k\u00f6nnen separat getragen werden und lassen sich mit einer Vielzahl von Einh\u00e4ngern erg\u00e4nzen.\u00a0<br \/>Bezaubernd, anmutig und vielseitig, eine Bereicherung f\u00fcr jeden Anlass.\u00a0<br \/>Das Auswechseln der Einh\u00e4nger ist einfach und sicher.\u00a0<br \/>Die Oberteile sind als Clip oder Stecker erh\u00e4ltlich.<br \/><\/strong><\/div>\n<div data-mce-fragment=\"1\"><strong><\/strong><\/div>\n<div data-mce-fragment=\"1\"><strong>Die leuchtenden Rubellite im Cabochon-Schliff vereinen sich mit <\/strong><\/div>\n<div data-mce-fragment=\"1\"><strong>den t\u00fcrkis leuchtenden Starliten und den zarten Rosenquarzpampeln <\/strong><\/div>\n<div data-mce-fragment=\"1\"><strong>zu einem verf\u00fchrerischen Ohrschmuck.<\/strong><\/div>\n<div data-mce-fragment=\"1\"><strong>Ein weiteres liebevolles Detail sind die pinken Saphir Cabochons.<\/strong><\/div>\n<p><\/p>","protected":false},"excerpt":{"rendered":"<p>Vario Ohrschmuck Set aus Ohrsteckern und Einh\u00e4ngern: Oberteile:\u00a0Ohrstecker \u201eVario\u201c\u00a0mit Rubelliten Material: 750 Gelbgold Steine: Rubellit Cabochons 15,50 ct Ia 13 x 11 mm Einh\u00e4nger: Material:\u00a0750 Gelbgold Steine: 2 Starlite 0,82 ct \u00d8 4 mm rund facettiert mit 8 pink Saphir Cabochons\u00a0 \u00d8 2,0 mm und Rosenquarz Pampeln 22,20 ct 22,5 x 8,8 mm Unser Vario [&hellip;]<\/p>","protected":false},"featured_media":10401,"comment_status":"open","ping_status":"closed","template":"","meta":{"_acf_changed":false,"_et_pb_use_builder":"","_et_pb_old_content":"","_et_gb_content_width":"","inline_featured_image":false},"product_brand":[332],"product_cat":[331],"product_tag":[],"class_list":{"0":"post-9229","1":"product","2":"type-product","3":"status-publish","4":"has-post-thumbnail","6":"product_brand-leinfelder","7":"product_cat-ohrschmuck","9":"first","10":"outofstock","11":"shipping-taxable","12":"purchasable","13":"product-type-simple"},"acf":[],"_links":{"self":[{"href":"https:\/\/leinfelder-juweler.com\/en\/wp-json\/wp\/v2\/product\/9229","targetHints":{"allow":["GET"]}}],"collection":[{"href":"https:\/\/leinfelder-juweler.com\/en\/wp-json\/wp\/v2\/product"}],"about":[{"href":"https:\/\/leinfelder-juweler.com\/en\/wp-json\/wp\/v2\/types\/product"}],"replies":[{"embeddable":true,"href":"https:\/\/leinfelder-juweler.com\/en\/wp-json\/wp\/v2\/comments?post=9229"}],"wp:featuredmedia":[{"embeddable":true,"href":"https:\/\/leinfelder-juweler.com\/en\/wp-json\/wp\/v2\/media\/10401"}],"wp:attachment":[{"href":"https:\/\/leinfelder-juweler.com\/en\/wp-json\/wp\/v2\/media?parent=9229"}],"wp:term":[{"taxonomy":"product_brand","embeddable":true,"href":"https:\/\/leinfelder-juweler.com\/en\/wp-json\/wp\/v2\/product_brand?post=9229"},{"taxonomy":"product_cat","embeddable":true,"href":"https:\/\/leinfelder-juweler.com\/en\/wp-json\/wp\/v2\/product_cat?post=9229"},{"taxonomy":"product_tag","embeddable":true,"href":"https:\/\/leinfelder-juweler.com\/en\/wp-json\/wp\/v2\/product_tag?post=9229"}],"curies":[{"name":"wp","href":"https:\/\/api.w.org\/{rel}","templated":true}]}}