{"id":9250,"date":"2025-11-20T18:13:59","date_gmt":"2025-11-20T15:13:59","guid":{"rendered":"https:\/\/leinfelder-juweler.com\/?post_type=product&#038;p=9250"},"modified":"2025-11-20T20:39:30","modified_gmt":"2025-11-20T17:39:30","slug":"kugelkette-12-mm-42-cm","status":"publish","type":"product","link":"https:\/\/leinfelder-juweler.com\/en\/product\/kugelkette-12-mm-42-cm\/","title":{"rendered":"Kugelkette 1,2 mm \/ 42 cm"},"content":{"rendered":"<p><strong>Kugelkette 1,2 mm \/ 42 cm<\/strong><\/p>\n<p><strong>Material:<\/strong> 750 Wei\u00dfgold<\/p>\n<p style=\"margin: 0cm; margin-bottom: .0001pt;\"><strong><span style=\"font-size: 11.0pt; font-family: 'Calibri',sans-serif; mso-ascii-theme-font: minor-latin; mso-hansi-theme-font: minor-latin; mso-bidi-theme-font: minor-latin;\">Zeitlose Eleganz: Kugelketten in Gold<\/span><\/strong><span style=\"font-size: 11.0pt; font-family: 'Calibri',sans-serif; mso-ascii-theme-font: minor-latin; mso-hansi-theme-font: minor-latin; mso-bidi-theme-font: minor-latin;\"><\/span><\/p>\n<p style=\"margin: 0cm; margin-bottom: .0001pt;\" data-start=\"49\" data-end=\"395\" data-is-last-node=\"\" data-is-only-node=\"\"><span style=\"font-size: 11.0pt; font-family: 'Calibri',sans-serif; mso-ascii-theme-font: minor-latin; mso-hansi-theme-font: minor-latin; mso-bidi-theme-font: minor-latin;\">Unsere Kugelketten aus edlem 750 Gold vereinen klassische Sch\u00f6nheit mit moderner Raffinesse. Ob als dezentes Solo-Statement oder in Kombination mit Ihrem liebsten Anh\u00e4nger \u2013 diese zeitlosen Ketten passen zu jedem Stil und Anlass.\u00a0<\/span><\/p>","protected":false},"excerpt":{"rendered":"<p>Kugelkette 1,2 mm \/ 42 cm Material: 750 Wei\u00dfgold Zeitlose Eleganz: Kugelketten in Gold Unsere Kugelketten aus edlem 750 Gold vereinen klassische Sch\u00f6nheit mit moderner Raffinesse. Ob als dezentes Solo-Statement oder in Kombination mit Ihrem liebsten Anh\u00e4nger \u2013 diese zeitlosen Ketten passen zu jedem Stil und Anlass.\u00a0<\/p>","protected":false},"featured_media":10422,"comment_status":"open","ping_status":"closed","template":"","meta":{"_acf_changed":false,"_et_pb_use_builder":"","_et_pb_old_content":"","_et_gb_content_width":"","inline_featured_image":false},"product_brand":[332],"product_cat":[333],"product_tag":[],"class_list":{"0":"post-9250","1":"product","2":"type-product","3":"status-publish","4":"has-post-thumbnail","6":"product_brand-leinfelder","7":"product_cat-halsschmuck","9":"first","10":"instock","11":"shipping-taxable","12":"purchasable","13":"product-type-simple"},"acf":[],"_links":{"self":[{"href":"https:\/\/leinfelder-juweler.com\/en\/wp-json\/wp\/v2\/product\/9250","targetHints":{"allow":["GET"]}}],"collection":[{"href":"https:\/\/leinfelder-juweler.com\/en\/wp-json\/wp\/v2\/product"}],"about":[{"href":"https:\/\/leinfelder-juweler.com\/en\/wp-json\/wp\/v2\/types\/product"}],"replies":[{"embeddable":true,"href":"https:\/\/leinfelder-juweler.com\/en\/wp-json\/wp\/v2\/comments?post=9250"}],"wp:featuredmedia":[{"embeddable":true,"href":"https:\/\/leinfelder-juweler.com\/en\/wp-json\/wp\/v2\/media\/10422"}],"wp:attachment":[{"href":"https:\/\/leinfelder-juweler.com\/en\/wp-json\/wp\/v2\/media?parent=9250"}],"wp:term":[{"taxonomy":"product_brand","embeddable":true,"href":"https:\/\/leinfelder-juweler.com\/en\/wp-json\/wp\/v2\/product_brand?post=9250"},{"taxonomy":"product_cat","embeddable":true,"href":"https:\/\/leinfelder-juweler.com\/en\/wp-json\/wp\/v2\/product_cat?post=9250"},{"taxonomy":"product_tag","embeddable":true,"href":"https:\/\/leinfelder-juweler.com\/en\/wp-json\/wp\/v2\/product_tag?post=9250"}],"curies":[{"name":"wp","href":"https:\/\/api.w.org\/{rel}","templated":true}]}}