{"id":9256,"date":"2025-11-20T18:14:01","date_gmt":"2025-11-20T15:14:01","guid":{"rendered":"https:\/\/leinfelder-juweler.com\/?post_type=product&#038;p=9256"},"modified":"2025-11-20T20:40:11","modified_gmt":"2025-11-20T17:40:11","slug":"solitaerring-750-weissgold-2","status":"publish","type":"product","link":"https:\/\/leinfelder-juweler.com\/en\/product\/solitaerring-750-weissgold-2\/","title":{"rendered":"Solit\u00e4rring 750 Wei\u00dfgold"},"content":{"rendered":"<p data-mce-fragment=\"1\"><strong>Solit\u00e4rring 750 Wei\u00dfgold mit vier Krappen parallel zur Schiene<\/strong><\/p>\n<p data-mce-fragment=\"1\"><strong>Material: <\/strong>750 Wei\u00dfgold<\/p>\n<p data-mce-fragment=\"1\"><strong>Stein: <\/strong>Diamant im princess cut 0,80 ct tw vs2 5 x 5 mm mit GIA Expertise 1109295021<\/p>\n<p class=\"MsoNormal\" style=\"margin-bottom: .0001pt;\"><b style=\"mso-bidi-font-weight: normal;\">Solit\u00e4rringe sind das Sinnbild klassischer Eleganz und zeitloser Sch\u00f6nheit. Ihr zentrales Merkmal ist ein einziger, funkelnder Edelstein \u2013 meist ein Diamant \u2013 der alle Blicke auf sich zieht. Dieser Stein wird kunstvoll in einer Fassung pr\u00e4sentiert, die ihn optimal zur Geltung bringt und das Licht in alle Richtungen reflektiert. Solit\u00e4rringe symbolisieren Reinheit, Klarheit und die Einzigartigkeit der Liebe, was sie zur perfekten Wahl f\u00fcr Verlobungen und besondere Momente macht.<u><\/u><\/b><\/p>\n<p data-mce-fragment=\"1\"><strong><br \/><\/strong><\/p>\n<p><b>Hinweis: <\/b>Unsere Ringe sind in der angegebenen Gr\u00f6\u00dfe sofort lieferbar. Sollten sie sich einen Ring in einer anderen Gr\u00f6\u00dfe w\u00fcnschen, kontaktieren sie uns bitte. Wir informieren sie gerne \u00fcber die M\u00f6glichkeit und Dauer von Gr\u00f6\u00dfenanpassungen.<\/p>","protected":false},"excerpt":{"rendered":"<p>Solit\u00e4rring 750 Wei\u00dfgold mit vier Krappen parallel zur Schiene Material: 750 Wei\u00dfgold Stein: Diamant im princess cut 0,80 ct tw vs2 5 x 5 mm mit GIA Expertise 1109295021 Solit\u00e4rringe sind das Sinnbild klassischer Eleganz und zeitloser Sch\u00f6nheit. Ihr zentrales Merkmal ist ein einziger, funkelnder Edelstein \u2013 meist ein Diamant \u2013 der alle Blicke auf [&hellip;]<\/p>","protected":false},"featured_media":10428,"comment_status":"open","ping_status":"closed","template":"","meta":{"_acf_changed":false,"_et_pb_use_builder":"","_et_pb_old_content":"","_et_gb_content_width":"","inline_featured_image":false},"product_brand":[332],"product_cat":[295],"product_tag":[],"class_list":{"0":"post-9256","1":"product","2":"type-product","3":"status-publish","4":"has-post-thumbnail","6":"product_brand-leinfelder","7":"product_cat-ringe","9":"first","10":"outofstock","11":"shipping-taxable","12":"purchasable","13":"product-type-simple"},"acf":[],"_links":{"self":[{"href":"https:\/\/leinfelder-juweler.com\/en\/wp-json\/wp\/v2\/product\/9256","targetHints":{"allow":["GET"]}}],"collection":[{"href":"https:\/\/leinfelder-juweler.com\/en\/wp-json\/wp\/v2\/product"}],"about":[{"href":"https:\/\/leinfelder-juweler.com\/en\/wp-json\/wp\/v2\/types\/product"}],"replies":[{"embeddable":true,"href":"https:\/\/leinfelder-juweler.com\/en\/wp-json\/wp\/v2\/comments?post=9256"}],"wp:featuredmedia":[{"embeddable":true,"href":"https:\/\/leinfelder-juweler.com\/en\/wp-json\/wp\/v2\/media\/10428"}],"wp:attachment":[{"href":"https:\/\/leinfelder-juweler.com\/en\/wp-json\/wp\/v2\/media?parent=9256"}],"wp:term":[{"taxonomy":"product_brand","embeddable":true,"href":"https:\/\/leinfelder-juweler.com\/en\/wp-json\/wp\/v2\/product_brand?post=9256"},{"taxonomy":"product_cat","embeddable":true,"href":"https:\/\/leinfelder-juweler.com\/en\/wp-json\/wp\/v2\/product_cat?post=9256"},{"taxonomy":"product_tag","embeddable":true,"href":"https:\/\/leinfelder-juweler.com\/en\/wp-json\/wp\/v2\/product_tag?post=9256"}],"curies":[{"name":"wp","href":"https:\/\/api.w.org\/{rel}","templated":true}]}}