{"id":9257,"date":"2025-11-20T18:14:02","date_gmt":"2025-11-20T15:14:02","guid":{"rendered":"https:\/\/leinfelder-juweler.com\/?post_type=product&#038;p=9257"},"modified":"2025-11-20T20:40:19","modified_gmt":"2025-11-20T17:40:19","slug":"ring-mit-ebenholz-und-turmalin","status":"publish","type":"product","link":"https:\/\/leinfelder-juweler.com\/en\/product\/ring-mit-ebenholz-und-turmalin\/","title":{"rendered":"Ring mit Ebenholz und Turmalin"},"content":{"rendered":"<p><strong><\/strong><strong>Material: <\/strong>750 Gelbgold, Ebenholz<\/p>\n<p><strong>Stein: <\/strong>Turmalin 2,69 ct\u00a0Ia\u00a010 x 7 Baguette<\/p>\n<p><strong>Ma\u00dfe: <\/strong>11 x 2,8\u00a0mm gerade Form\u00a0<\/p>\n<div><strong>Markant und kraftvoll!<\/strong><\/div>\n<div><strong>Die Kombination aus schwarzem Ebenholz und dem satten Gelbgold setzen den leuchtend gr\u00fcnen Turmalin im Baguette-Schliff gekonnt in Szene.<\/strong><\/div>\n<div><strong><\/strong><\/div>\n<p data-mce-fragment=\"1\"><b data-mce-fragment=\"1\">Hinweis: <\/b>Unsere Ringe sind in der angegebenen Gr\u00f6\u00dfe sofort lieferbar. Sollten sie sich einen Ring in einer anderen Gr\u00f6\u00dfe w\u00fcnschen, kontaktieren sie uns bitte. Wir informieren sie gerne \u00fcber die M\u00f6glichkeit und Dauer von Gr\u00f6\u00dfenanpassungen.<\/p>\n<p><\/p>","protected":false},"excerpt":{"rendered":"<p>Material: 750 Gelbgold, Ebenholz Stein: Turmalin 2,69 ct\u00a0Ia\u00a010 x 7 Baguette Ma\u00dfe: 11 x 2,8\u00a0mm gerade Form\u00a0 Markant und kraftvoll! Die Kombination aus schwarzem Ebenholz und dem satten Gelbgold setzen den leuchtend gr\u00fcnen Turmalin im Baguette-Schliff gekonnt in Szene. Hinweis: Unsere Ringe sind in der angegebenen Gr\u00f6\u00dfe sofort lieferbar. Sollten sie sich einen Ring in [&hellip;]<\/p>","protected":false},"featured_media":10429,"comment_status":"open","ping_status":"closed","template":"","meta":{"_acf_changed":false,"_et_pb_use_builder":"","_et_pb_old_content":"","_et_gb_content_width":"","inline_featured_image":false},"product_brand":[332],"product_cat":[295],"product_tag":[],"class_list":{"0":"post-9257","1":"product","2":"type-product","3":"status-publish","4":"has-post-thumbnail","6":"product_brand-leinfelder","7":"product_cat-ringe","9":"first","10":"outofstock","11":"shipping-taxable","12":"purchasable","13":"product-type-simple"},"acf":[],"_links":{"self":[{"href":"https:\/\/leinfelder-juweler.com\/en\/wp-json\/wp\/v2\/product\/9257","targetHints":{"allow":["GET"]}}],"collection":[{"href":"https:\/\/leinfelder-juweler.com\/en\/wp-json\/wp\/v2\/product"}],"about":[{"href":"https:\/\/leinfelder-juweler.com\/en\/wp-json\/wp\/v2\/types\/product"}],"replies":[{"embeddable":true,"href":"https:\/\/leinfelder-juweler.com\/en\/wp-json\/wp\/v2\/comments?post=9257"}],"wp:featuredmedia":[{"embeddable":true,"href":"https:\/\/leinfelder-juweler.com\/en\/wp-json\/wp\/v2\/media\/10429"}],"wp:attachment":[{"href":"https:\/\/leinfelder-juweler.com\/en\/wp-json\/wp\/v2\/media?parent=9257"}],"wp:term":[{"taxonomy":"product_brand","embeddable":true,"href":"https:\/\/leinfelder-juweler.com\/en\/wp-json\/wp\/v2\/product_brand?post=9257"},{"taxonomy":"product_cat","embeddable":true,"href":"https:\/\/leinfelder-juweler.com\/en\/wp-json\/wp\/v2\/product_cat?post=9257"},{"taxonomy":"product_tag","embeddable":true,"href":"https:\/\/leinfelder-juweler.com\/en\/wp-json\/wp\/v2\/product_tag?post=9257"}],"curies":[{"name":"wp","href":"https:\/\/api.w.org\/{rel}","templated":true}]}}