{"id":9258,"date":"2025-11-20T18:14:02","date_gmt":"2025-11-20T15:14:02","guid":{"rendered":"https:\/\/leinfelder-juweler.com\/?post_type=product&#038;p=9258"},"modified":"2025-11-20T20:40:26","modified_gmt":"2025-11-20T17:40:26","slug":"mantelring-mit-mondstein-3","status":"publish","type":"product","link":"https:\/\/leinfelder-juweler.com\/en\/product\/mantelring-mit-mondstein-3\/","title":{"rendered":"Mantelring mit Mondstein"},"content":{"rendered":"<p><strong><span data-mce-fragment=\"1\">Mantelring 750 Gelbgold mit gr\u00fcnem Mondstein Cabochon<\/span><\/strong><\/p>\n<p><strong>Material:\u00a0<\/strong>750 Yellow Gold<\/p>\n<p><strong>Stein:\u00a0<\/strong>Mondstein Cabochon 33,46 ct\u00a024 x 17 mm<\/p>\n<p><strong>Unsere Mantelringe sind optisch und haptisch ein Genuss!<\/strong><\/p>\n<p><strong>Die Ringschiene ist seitlich schmal und gew\u00e4hrleistet ein angenehmes Tragegef\u00fchl. Ein \u00fcppiger Goldrausch ummantelt den gr\u00fcnen Mondstein im Cabochon Schliff.<\/strong><\/p>\n<p><b>Hinweis: <\/b>Unsere Ringe sind in der angegebenen Gr\u00f6\u00dfe sofort lieferbar. Sollten sie sich einen Ring in einer anderen Gr\u00f6\u00dfe w\u00fcnschen, kontaktieren sie uns bitte. Wir informieren sie gerne \u00fcber die M\u00f6glichkeit und Dauer von Gr\u00f6\u00dfenanpassungen.<\/p>\n<p><\/p>","protected":false},"excerpt":{"rendered":"<p>Mantelring 750 Gelbgold mit gr\u00fcnem Mondstein Cabochon Material:\u00a0750 Gelbgold Stein:\u00a0Mondstein Cabochon 33,46 ct\u00a024 x 17 mm Unsere Mantelringe sind optisch und haptisch ein Genuss! Die Ringschiene ist seitlich schmal und gew\u00e4hrleistet ein angenehmes Tragegef\u00fchl. Ein \u00fcppiger Goldrausch ummantelt den gr\u00fcnen Mondstein im Cabochon Schliff. Hinweis: Unsere Ringe sind in der angegebenen Gr\u00f6\u00dfe sofort lieferbar. Sollten [&hellip;]<\/p>","protected":false},"featured_media":10430,"comment_status":"open","ping_status":"closed","template":"","meta":{"_acf_changed":false,"_et_pb_use_builder":"","_et_pb_old_content":"","_et_gb_content_width":"","inline_featured_image":false},"product_brand":[332],"product_cat":[295],"product_tag":[],"class_list":{"0":"post-9258","1":"product","2":"type-product","3":"status-publish","4":"has-post-thumbnail","6":"product_brand-leinfelder","7":"product_cat-ringe","9":"first","10":"outofstock","11":"shipping-taxable","12":"purchasable","13":"product-type-simple"},"acf":[],"_links":{"self":[{"href":"https:\/\/leinfelder-juweler.com\/en\/wp-json\/wp\/v2\/product\/9258","targetHints":{"allow":["GET"]}}],"collection":[{"href":"https:\/\/leinfelder-juweler.com\/en\/wp-json\/wp\/v2\/product"}],"about":[{"href":"https:\/\/leinfelder-juweler.com\/en\/wp-json\/wp\/v2\/types\/product"}],"replies":[{"embeddable":true,"href":"https:\/\/leinfelder-juweler.com\/en\/wp-json\/wp\/v2\/comments?post=9258"}],"wp:featuredmedia":[{"embeddable":true,"href":"https:\/\/leinfelder-juweler.com\/en\/wp-json\/wp\/v2\/media\/10430"}],"wp:attachment":[{"href":"https:\/\/leinfelder-juweler.com\/en\/wp-json\/wp\/v2\/media?parent=9258"}],"wp:term":[{"taxonomy":"product_brand","embeddable":true,"href":"https:\/\/leinfelder-juweler.com\/en\/wp-json\/wp\/v2\/product_brand?post=9258"},{"taxonomy":"product_cat","embeddable":true,"href":"https:\/\/leinfelder-juweler.com\/en\/wp-json\/wp\/v2\/product_cat?post=9258"},{"taxonomy":"product_tag","embeddable":true,"href":"https:\/\/leinfelder-juweler.com\/en\/wp-json\/wp\/v2\/product_tag?post=9258"}],"curies":[{"name":"wp","href":"https:\/\/api.w.org\/{rel}","templated":true}]}}