{"id":9259,"date":"2025-11-20T18:14:03","date_gmt":"2025-11-20T15:14:03","guid":{"rendered":"https:\/\/leinfelder-juweler.com\/?post_type=product&#038;p=9259"},"modified":"2025-11-20T20:40:34","modified_gmt":"2025-11-20T17:40:34","slug":"mantelring-tailliert-mit-mondstein-2","status":"publish","type":"product","link":"https:\/\/leinfelder-juweler.com\/en\/product\/mantelring-tailliert-mit-mondstein-2\/","title":{"rendered":"Mantelring tailliert mit Mondstein"},"content":{"rendered":"<p><strong>Mantelring tailliert mit<span data-mce-fragment=\"1\">\u00a0grauem Mondstein Cabochon <\/span><span data-mce-fragment=\"1\"><\/span><\/strong><\/p>\n<p><strong>Material:\u00a0<\/strong>750 Yellow Gold<\/p>\n<p><strong>Stones:\u00a0<\/strong>grauer Mondstein Cabochon 9,68 ct\u00a016 x 12 mm l\u00e4ngs<\/p>\n<div><strong>Ein Lieblingsst\u00fcck!<\/strong><\/div>\n<div><strong>Dieser Ring schmiegt sich weich an Ihre Hand. Die taillierte Ringschiene hebt den seidig schimmernden Mondstein Cabochon empor, der hier l\u00e4ngs zum Finger gefasst ist.<\/strong><\/div>\n<div><strong><\/strong><\/div>\n<p data-mce-fragment=\"1\"><b data-mce-fragment=\"1\">Hinweis: <\/b>Unsere Ringe sind in der angegebenen Gr\u00f6\u00dfe sofort lieferbar. Sollten sie sich einen Ring in einer anderen Gr\u00f6\u00dfe w\u00fcnschen, kontaktieren sie uns bitte. Wir informieren sie gerne \u00fcber die M\u00f6glichkeit und Dauer von Gr\u00f6\u00dfenanpassungen.<\/p>\n<p><\/p>","protected":false},"excerpt":{"rendered":"<p>Mantelring tailliert mit\u00a0grauem Mondstein Cabochon Material:\u00a0750 Gelbgold Steine:\u00a0grauer Mondstein Cabochon 9,68 ct\u00a016 x 12 mm l\u00e4ngs Ein Lieblingsst\u00fcck! Dieser Ring schmiegt sich weich an Ihre Hand. Die taillierte Ringschiene hebt den seidig schimmernden Mondstein Cabochon empor, der hier l\u00e4ngs zum Finger gefasst ist. Hinweis: Unsere Ringe sind in der angegebenen Gr\u00f6\u00dfe sofort lieferbar. Sollten sie [&hellip;]<\/p>","protected":false},"featured_media":10431,"comment_status":"open","ping_status":"closed","template":"","meta":{"_acf_changed":false,"_et_pb_use_builder":"","_et_pb_old_content":"","_et_gb_content_width":"","inline_featured_image":false},"product_brand":[332],"product_cat":[295],"product_tag":[],"class_list":{"0":"post-9259","1":"product","2":"type-product","3":"status-publish","4":"has-post-thumbnail","6":"product_brand-leinfelder","7":"product_cat-ringe","9":"first","10":"outofstock","11":"shipping-taxable","12":"purchasable","13":"product-type-simple"},"acf":[],"_links":{"self":[{"href":"https:\/\/leinfelder-juweler.com\/en\/wp-json\/wp\/v2\/product\/9259","targetHints":{"allow":["GET"]}}],"collection":[{"href":"https:\/\/leinfelder-juweler.com\/en\/wp-json\/wp\/v2\/product"}],"about":[{"href":"https:\/\/leinfelder-juweler.com\/en\/wp-json\/wp\/v2\/types\/product"}],"replies":[{"embeddable":true,"href":"https:\/\/leinfelder-juweler.com\/en\/wp-json\/wp\/v2\/comments?post=9259"}],"wp:featuredmedia":[{"embeddable":true,"href":"https:\/\/leinfelder-juweler.com\/en\/wp-json\/wp\/v2\/media\/10431"}],"wp:attachment":[{"href":"https:\/\/leinfelder-juweler.com\/en\/wp-json\/wp\/v2\/media?parent=9259"}],"wp:term":[{"taxonomy":"product_brand","embeddable":true,"href":"https:\/\/leinfelder-juweler.com\/en\/wp-json\/wp\/v2\/product_brand?post=9259"},{"taxonomy":"product_cat","embeddable":true,"href":"https:\/\/leinfelder-juweler.com\/en\/wp-json\/wp\/v2\/product_cat?post=9259"},{"taxonomy":"product_tag","embeddable":true,"href":"https:\/\/leinfelder-juweler.com\/en\/wp-json\/wp\/v2\/product_tag?post=9259"}],"curies":[{"name":"wp","href":"https:\/\/api.w.org\/{rel}","templated":true}]}}