{"id":9261,"date":"2025-11-20T18:14:03","date_gmt":"2025-11-20T15:14:03","guid":{"rendered":"https:\/\/leinfelder-juweler.com\/?post_type=product&#038;p=9261"},"modified":"2025-11-20T20:40:47","modified_gmt":"2025-11-20T17:40:47","slug":"set-3-teilig-halsschmuck-750-gelbgold-mit-ebenholzzapfen","status":"publish","type":"product","link":"https:\/\/leinfelder-juweler.com\/en\/product\/set-3-teilig-halsschmuck-750-gelbgold-mit-ebenholzzapfen\/","title":{"rendered":"Set 3-teilig: Halsschmuck 750 Gelbgold mit Ebenholzzapfen"},"content":{"rendered":"<p><strong>Set 3-teilig: Halsschmuck 750 Gelbgold mit Ebenholzzapfen an einem Satinband<br \/><\/strong><\/p>\n<p><strong>Band: <\/strong>Ein Satinband mit H\u00fclsen in 750 Gelbgold<\/p>\n<p><strong>Clip\u00f6se: <\/strong>750 Gelbgold mit Inschrift und <span style=\"mso-bidi-font-family: Calibri; mso-bidi-theme-font: minor-latin;\">2 Brillanten<\/span><span style=\"mso-fareast-font-family: 'Times New Roman'; mso-bidi-font-family: Calibri; mso-bidi-theme-font: minor-latin; mso-fareast-language: DE;\"> \u00d8 1,0mm = 0,01 ct tw vs<\/span><span style=\"mso-bidi-font-family: Calibri; mso-bidi-theme-font: minor-latin;\"><\/span><\/p>\n<p><strong>MON CUER AVEZ CANC DECYPARTIR<\/strong><\/p>\n<p><strong>&#8222;Du hast mein Herz ganz ungeteilt&#8220;<\/strong><\/p>\n<p><strong>Die Inschrift stammt aus dem Marienkult und wurde ab dem sp\u00e4ten Mittelalter auf Liebesringen eingraviert. Diesen sch\u00f6nen Brauch f\u00fchrt Leinfelder weiter.<\/strong><\/p>\n<p><strong>Anh\u00e4nger:<\/strong><\/p>\n<p><strong>Material: <\/strong>750 Yellow Gold<\/p>\n<p><strong>Element:\u00a0<\/strong>Ebenholzzapfen 35 x 16 mm<\/p>\n<p><strong>Mehr als ein Schmuckst\u00fcck!<\/strong><\/p>\n<p><strong>Das dekorative Satinband mit den Goldh\u00fclsen und der als Verschluss dienende Goldring passen perfekt zu dem schwarzen Ebenholzanh\u00e4nger.<\/strong><\/p>","protected":false},"excerpt":{"rendered":"<p>Set 3-teilig: Halsschmuck 750 Gelbgold mit Ebenholzzapfen an einem Satinband Band: Ein Satinband mit H\u00fclsen in 750 Gelbgold Clip\u00f6se: 750 Gelbgold mit Inschrift und 2 Brillanten \u00d8 1,0mm = 0,01 ct tw vs MON CUER AVEZ CANC DECYPARTIR &#8222;Du hast mein Herz ganz ungeteilt&#8220; Die Inschrift stammt aus dem Marienkult und wurde ab dem sp\u00e4ten [&hellip;]<\/p>","protected":false},"featured_media":10433,"comment_status":"open","ping_status":"closed","template":"","meta":{"_acf_changed":false,"_et_pb_use_builder":"","_et_pb_old_content":"","_et_gb_content_width":"","inline_featured_image":false},"product_brand":[332],"product_cat":[333],"product_tag":[],"class_list":{"0":"post-9261","1":"product","2":"type-product","3":"status-publish","4":"has-post-thumbnail","6":"product_brand-leinfelder","7":"product_cat-halsschmuck","9":"first","10":"instock","11":"shipping-taxable","12":"purchasable","13":"product-type-simple"},"acf":[],"_links":{"self":[{"href":"https:\/\/leinfelder-juweler.com\/en\/wp-json\/wp\/v2\/product\/9261","targetHints":{"allow":["GET"]}}],"collection":[{"href":"https:\/\/leinfelder-juweler.com\/en\/wp-json\/wp\/v2\/product"}],"about":[{"href":"https:\/\/leinfelder-juweler.com\/en\/wp-json\/wp\/v2\/types\/product"}],"replies":[{"embeddable":true,"href":"https:\/\/leinfelder-juweler.com\/en\/wp-json\/wp\/v2\/comments?post=9261"}],"wp:featuredmedia":[{"embeddable":true,"href":"https:\/\/leinfelder-juweler.com\/en\/wp-json\/wp\/v2\/media\/10433"}],"wp:attachment":[{"href":"https:\/\/leinfelder-juweler.com\/en\/wp-json\/wp\/v2\/media?parent=9261"}],"wp:term":[{"taxonomy":"product_brand","embeddable":true,"href":"https:\/\/leinfelder-juweler.com\/en\/wp-json\/wp\/v2\/product_brand?post=9261"},{"taxonomy":"product_cat","embeddable":true,"href":"https:\/\/leinfelder-juweler.com\/en\/wp-json\/wp\/v2\/product_cat?post=9261"},{"taxonomy":"product_tag","embeddable":true,"href":"https:\/\/leinfelder-juweler.com\/en\/wp-json\/wp\/v2\/product_tag?post=9261"}],"curies":[{"name":"wp","href":"https:\/\/api.w.org\/{rel}","templated":true}]}}