{"id":9268,"date":"2025-11-20T18:14:06","date_gmt":"2025-11-20T15:14:06","guid":{"rendered":"https:\/\/leinfelder-juweler.com\/?post_type=product&#038;p=9268"},"modified":"2025-11-20T20:41:38","modified_gmt":"2025-11-20T17:41:38","slug":"armband-750-weissgold-erbs-oval","status":"publish","type":"product","link":"https:\/\/leinfelder-juweler.com\/en\/product\/armband-750-weissgold-erbs-oval\/","title":{"rendered":"Armband 750 Wei\u00dfgold Erbs oval"},"content":{"rendered":"<p data-mce-fragment=\"1\"><strong>Armband 750 Wei\u00dfgold mit Magnetschlie\u00dfe in 750 Gelbgold<\/strong><\/p>\n<p data-mce-fragment=\"1\"><strong>Material: <\/strong>750 Wei\u00dfgold, Schlie\u00dfe 750 Gelbgold<\/p>\n<p data-mce-fragment=\"1\"><strong>Ma\u00dfe: <\/strong>5,1 mm breit \/ 19 cm<\/p>\n<p><strong>Dieses zauberhafte Wei\u00dfgoldarmband ziert jedes Handgelenk.<\/strong><\/p>\n<p><strong>Die Magnetschlie\u00dfe in 750 Gelbgold vermittelt den besonderen Reiz.<\/strong><\/p>","protected":false},"excerpt":{"rendered":"<p>Armband 750 Wei\u00dfgold mit Magnetschlie\u00dfe in 750 Gelbgold Material: 750 Wei\u00dfgold, Schlie\u00dfe 750 Gelbgold Ma\u00dfe: 5,1 mm breit \/ 19 cm Dieses zauberhafte Wei\u00dfgoldarmband ziert jedes Handgelenk. Die Magnetschlie\u00dfe in 750 Gelbgold vermittelt den besonderen Reiz.<\/p>","protected":false},"featured_media":10440,"comment_status":"open","ping_status":"closed","template":"","meta":{"_acf_changed":false,"_et_pb_use_builder":"","_et_pb_old_content":"","_et_gb_content_width":"","inline_featured_image":false},"product_brand":[332],"product_cat":[335],"product_tag":[],"class_list":{"0":"post-9268","1":"product","2":"type-product","3":"status-publish","4":"has-post-thumbnail","6":"product_brand-leinfelder","7":"product_cat-armschmuck","9":"first","10":"outofstock","11":"shipping-taxable","12":"purchasable","13":"product-type-simple"},"acf":[],"_links":{"self":[{"href":"https:\/\/leinfelder-juweler.com\/en\/wp-json\/wp\/v2\/product\/9268","targetHints":{"allow":["GET"]}}],"collection":[{"href":"https:\/\/leinfelder-juweler.com\/en\/wp-json\/wp\/v2\/product"}],"about":[{"href":"https:\/\/leinfelder-juweler.com\/en\/wp-json\/wp\/v2\/types\/product"}],"replies":[{"embeddable":true,"href":"https:\/\/leinfelder-juweler.com\/en\/wp-json\/wp\/v2\/comments?post=9268"}],"wp:featuredmedia":[{"embeddable":true,"href":"https:\/\/leinfelder-juweler.com\/en\/wp-json\/wp\/v2\/media\/10440"}],"wp:attachment":[{"href":"https:\/\/leinfelder-juweler.com\/en\/wp-json\/wp\/v2\/media?parent=9268"}],"wp:term":[{"taxonomy":"product_brand","embeddable":true,"href":"https:\/\/leinfelder-juweler.com\/en\/wp-json\/wp\/v2\/product_brand?post=9268"},{"taxonomy":"product_cat","embeddable":true,"href":"https:\/\/leinfelder-juweler.com\/en\/wp-json\/wp\/v2\/product_cat?post=9268"},{"taxonomy":"product_tag","embeddable":true,"href":"https:\/\/leinfelder-juweler.com\/en\/wp-json\/wp\/v2\/product_tag?post=9268"}],"curies":[{"name":"wp","href":"https:\/\/api.w.org\/{rel}","templated":true}]}}