{"id":9272,"date":"2025-11-20T18:14:23","date_gmt":"2025-11-20T15:14:23","guid":{"rendered":"https:\/\/leinfelder-juweler.com\/?post_type=product&#038;p=9272"},"modified":"2025-11-20T20:42:18","modified_gmt":"2025-11-20T17:42:18","slug":"anhaenger-750-gelbgold-mit-brillant-4","status":"publish","type":"product","link":"https:\/\/leinfelder-juweler.com\/en\/product\/anhaenger-750-gelbgold-mit-brillant-4\/","title":{"rendered":"Anh\u00e4nger 750 Gelbgold mit Brillant"},"content":{"rendered":"<p data-mce-fragment=\"1\"><strong>Anh\u00e4nger 750 Gelbgold mit\u00a0Brillant<\/strong><\/p>\n<p data-mce-fragment=\"1\"><strong>Material: <\/strong>750 Gelbgold, Innenfassung 750 Wei\u00dfgold<\/p>\n<p data-mce-fragment=\"1\"><strong>Stein:\u00a0<\/strong>Brillant \u00d8 5,03mm = 0,50 ct G vs2 GIA3365919887<\/p>\n<p data-mce-fragment=\"1\"><strong>Die Fassung verj\u00fcngt sich stufenf\u00f6rmig und verleiht dem Anh\u00e4nger seinen besonderen Reiz. Die polierte Innenfassung setzt den Brillant optimal in Szene.<\/strong><\/p>\n<p data-mce-fragment=\"1\">\u00a0<\/p>\n<p data-mce-fragment=\"1\"><strong>Passend zu diesem Anh\u00e4nger empfehlen wir eine der folgenden Ketten: <\/strong><\/p>\n<p><strong>Kugelkette 1,5 mm \/ 45 cm:<\/strong><\/p>\n<p><a href=\"https:\/\/shop.leinfelder-goldschmiede.de\/products\/kugelkette-1-5-mm-45-cm\"><img decoding=\"async\" alt=\"Kugelkette 1,5 mm \/ 45 cm\" src=\"https:\/\/cdn.shopify.com\/s\/files\/1\/0537\/7205\/8797\/files\/45_55_017_Kugelkette_1_5_mm_zugeschnitten.jpg?v=1616748616\"><\/a><\/p>","protected":false},"excerpt":{"rendered":"<p>Anh\u00e4nger 750 Gelbgold mit\u00a0Brillant Material: 750 Gelbgold, Innenfassung 750 Wei\u00dfgold Stein:\u00a0Brillant \u00d8 5,03mm = 0,50 ct G vs2 GIA3365919887 Die Fassung verj\u00fcngt sich stufenf\u00f6rmig und verleiht dem Anh\u00e4nger seinen besonderen Reiz. Die polierte Innenfassung setzt den Brillant optimal in Szene. \u00a0 Passend zu diesem Anh\u00e4nger empfehlen wir eine der folgenden Ketten: Kugelkette 1,5 mm \/ [&hellip;]<\/p>","protected":false},"featured_media":10467,"comment_status":"open","ping_status":"closed","template":"","meta":{"_acf_changed":false,"_et_pb_use_builder":"","_et_pb_old_content":"","_et_gb_content_width":"","inline_featured_image":false},"product_brand":[332],"product_cat":[333],"product_tag":[],"class_list":{"0":"post-9272","1":"product","2":"type-product","3":"status-publish","4":"has-post-thumbnail","6":"product_brand-leinfelder","7":"product_cat-halsschmuck","9":"first","10":"outofstock","11":"shipping-taxable","12":"purchasable","13":"product-type-simple"},"acf":[],"_links":{"self":[{"href":"https:\/\/leinfelder-juweler.com\/en\/wp-json\/wp\/v2\/product\/9272","targetHints":{"allow":["GET"]}}],"collection":[{"href":"https:\/\/leinfelder-juweler.com\/en\/wp-json\/wp\/v2\/product"}],"about":[{"href":"https:\/\/leinfelder-juweler.com\/en\/wp-json\/wp\/v2\/types\/product"}],"replies":[{"embeddable":true,"href":"https:\/\/leinfelder-juweler.com\/en\/wp-json\/wp\/v2\/comments?post=9272"}],"wp:featuredmedia":[{"embeddable":true,"href":"https:\/\/leinfelder-juweler.com\/en\/wp-json\/wp\/v2\/media\/10467"}],"wp:attachment":[{"href":"https:\/\/leinfelder-juweler.com\/en\/wp-json\/wp\/v2\/media?parent=9272"}],"wp:term":[{"taxonomy":"product_brand","embeddable":true,"href":"https:\/\/leinfelder-juweler.com\/en\/wp-json\/wp\/v2\/product_brand?post=9272"},{"taxonomy":"product_cat","embeddable":true,"href":"https:\/\/leinfelder-juweler.com\/en\/wp-json\/wp\/v2\/product_cat?post=9272"},{"taxonomy":"product_tag","embeddable":true,"href":"https:\/\/leinfelder-juweler.com\/en\/wp-json\/wp\/v2\/product_tag?post=9272"}],"curies":[{"name":"wp","href":"https:\/\/api.w.org\/{rel}","templated":true}]}}