{"id":9279,"date":"2025-11-20T18:14:25","date_gmt":"2025-11-20T15:14:25","guid":{"rendered":"https:\/\/leinfelder-juweler.com\/?post_type=product&#038;p=9279"},"modified":"2025-11-20T20:43:10","modified_gmt":"2025-11-20T17:43:10","slug":"armreif-750-gelbgold-mit-brillant-und-rubellit","status":"publish","type":"product","link":"https:\/\/leinfelder-juweler.com\/en\/product\/armreif-750-gelbgold-mit-brillant-und-rubellit\/","title":{"rendered":"Armreif 750 Gelbgold mit Brillant und Rubellit"},"content":{"rendered":"<p data-mce-fragment=\"1\"><strong>Armreif 750 Gelbgold mit Brillant und Rubellit <\/strong><\/p>\n<p data-mce-fragment=\"1\"><strong>Material: <\/strong>750 Yellow Gold<\/p>\n<p data-mce-fragment=\"1\"><strong>Stones:\u00a0<\/strong>Brillant<span>\u00a0<\/span>\u00d8 3,0 mm<span>\u00a0<\/span>= 0,10 ct tw vsi und einem 1,27 ct Rubellit 8 x 6 mm facettiert oval<\/p>\n<p data-mce-fragment=\"1\"><strong>Ma\u00dfe: <\/strong>Innen 56 x 48 mm<\/p>\n<p class=\"MsoNormal\" style=\"margin-bottom: .0001pt;\"><b style=\"mso-bidi-font-weight: normal;\">Unsere Schmuck-Linie &#8218;Klassik&#8216; besticht durch zeitlose Harmonie und feine Details. Die Kollektion umfasst Ohrschmuck, Ringe, Anh\u00e4nger und Armb\u00e4nder aus 750 Gelb-, Ros\u00e9- und Wei\u00dfgold, veredelt mit hochwertigen, farbigen Edelsteinen im Cabochon- und Facettenschliff. <\/b><\/p>\n<p class=\"MsoNormal\" style=\"margin-bottom: .0001pt; line-height: normal;\"><b style=\"mso-bidi-font-weight: normal;\">Kunstvoll gefertigte Armspange aus 750 Gelbgold mit einem pinkfarbenen Rubellit und einem feurigen Brillanten. Die biegsame Form passt sich perfekt an Ihr Handgelenk an und sorgt f\u00fcr einen angenehmen Tragekomfort. <\/b><b style=\"mso-bidi-font-weight: normal;\"><span style=\"font-size: 12.0pt; font-family: 'Times New Roman',serif; mso-fareast-font-family: 'Times New Roman'; mso-fareast-language: DE;\"><\/span><\/b><\/p>\n<p data-mce-fragment=\"1\"><strong><br \/><\/strong><\/p>","protected":false},"excerpt":{"rendered":"<p>Armreif 750 Gelbgold mit Brillant und Rubellit Material: 750 Gelbgold Steine:\u00a0Brillant\u00a0\u00d8 3,0 mm\u00a0= 0,10 ct tw vsi und einem 1,27 ct Rubellit 8 x 6 mm facettiert oval Ma\u00dfe: Innen 56 x 48 mm Unsere Schmuck-Linie &#8218;Klassik&#8216; besticht durch zeitlose Harmonie und feine Details. Die Kollektion umfasst Ohrschmuck, Ringe, Anh\u00e4nger und Armb\u00e4nder aus 750 Gelb-, [&hellip;]<\/p>","protected":false},"featured_media":10474,"comment_status":"open","ping_status":"closed","template":"","meta":{"_acf_changed":false,"_et_pb_use_builder":"","_et_pb_old_content":"","_et_gb_content_width":"","inline_featured_image":false},"product_brand":[332],"product_cat":[335],"product_tag":[],"class_list":{"0":"post-9279","1":"product","2":"type-product","3":"status-publish","4":"has-post-thumbnail","6":"product_brand-leinfelder","7":"product_cat-armschmuck","9":"first","10":"instock","11":"shipping-taxable","12":"purchasable","13":"product-type-simple"},"acf":[],"_links":{"self":[{"href":"https:\/\/leinfelder-juweler.com\/en\/wp-json\/wp\/v2\/product\/9279","targetHints":{"allow":["GET"]}}],"collection":[{"href":"https:\/\/leinfelder-juweler.com\/en\/wp-json\/wp\/v2\/product"}],"about":[{"href":"https:\/\/leinfelder-juweler.com\/en\/wp-json\/wp\/v2\/types\/product"}],"replies":[{"embeddable":true,"href":"https:\/\/leinfelder-juweler.com\/en\/wp-json\/wp\/v2\/comments?post=9279"}],"wp:featuredmedia":[{"embeddable":true,"href":"https:\/\/leinfelder-juweler.com\/en\/wp-json\/wp\/v2\/media\/10474"}],"wp:attachment":[{"href":"https:\/\/leinfelder-juweler.com\/en\/wp-json\/wp\/v2\/media?parent=9279"}],"wp:term":[{"taxonomy":"product_brand","embeddable":true,"href":"https:\/\/leinfelder-juweler.com\/en\/wp-json\/wp\/v2\/product_brand?post=9279"},{"taxonomy":"product_cat","embeddable":true,"href":"https:\/\/leinfelder-juweler.com\/en\/wp-json\/wp\/v2\/product_cat?post=9279"},{"taxonomy":"product_tag","embeddable":true,"href":"https:\/\/leinfelder-juweler.com\/en\/wp-json\/wp\/v2\/product_tag?post=9279"}],"curies":[{"name":"wp","href":"https:\/\/api.w.org\/{rel}","templated":true}]}}