{"id":9280,"date":"2025-11-20T18:14:31","date_gmt":"2025-11-20T15:14:31","guid":{"rendered":"https:\/\/leinfelder-juweler.com\/?post_type=product&#038;p=9280"},"modified":"2025-11-20T20:43:19","modified_gmt":"2025-11-20T17:43:19","slug":"anhaenger-750-gelbgold-mit-brillant-und-rubellit","status":"publish","type":"product","link":"https:\/\/leinfelder-juweler.com\/en\/product\/anhaenger-750-gelbgold-mit-brillant-und-rubellit\/","title":{"rendered":"Anh\u00e4nger 750 Gelbgold mit Brillant und Rubellit"},"content":{"rendered":"<p data-mce-fragment=\"1\"><strong>Anh\u00e4nger 750 Gelbgold mit Brillant und Rubellit<\/strong><\/p>\n<p data-mce-fragment=\"1\"><strong>Material: <\/strong>750 Yellow Gold<\/p>\n<p data-mce-fragment=\"1\"><strong>Stones:\u00a0<\/strong>Brillant<span>\u00a0<\/span>0,46 ct tw vsi<span>\u00a0<\/span>\u00d8 4,8 mm und Rubellit 12,25 ct\u00a017,3 x 13,5 mm facettiert oval<\/p>\n<div>\n<strong>Atemberaubend sch\u00f6n ist dieser <\/strong><strong>Anh\u00e4nger mit dem majest\u00e4tischen <\/strong>\n<\/div>\n<div><strong>facettierten Rubellit. Die raffiniert gestufte Fassung aus 750 Gelbgold <\/strong><\/div>\n<div><strong>setzt den Edelstein gekonnt in Szene. <\/strong><\/div>\n<div><strong>Der funkelnde Brillant lockert das klassische Design erfrischend auf.<\/strong><\/div>\n<p>\u00a0<\/p>","protected":false},"excerpt":{"rendered":"<p>Anh\u00e4nger 750 Gelbgold mit Brillant und Rubellit Material: 750 Gelbgold Steine:\u00a0Brillant\u00a00,46 ct tw vsi\u00a0\u00d8 4,8 mm und Rubellit 12,25 ct\u00a017,3 x 13,5 mm facettiert oval Atemberaubend sch\u00f6n ist dieser Anh\u00e4nger mit dem majest\u00e4tischen facettierten Rubellit. Die raffiniert gestufte Fassung aus 750 Gelbgold setzt den Edelstein gekonnt in Szene. Der funkelnde Brillant lockert das klassische Design [&hellip;]<\/p>","protected":false},"featured_media":10475,"comment_status":"open","ping_status":"closed","template":"","meta":{"_acf_changed":false,"_et_pb_use_builder":"","_et_pb_old_content":"","_et_gb_content_width":"","inline_featured_image":false},"product_brand":[332],"product_cat":[333],"product_tag":[],"class_list":{"0":"post-9280","1":"product","2":"type-product","3":"status-publish","4":"has-post-thumbnail","6":"product_brand-leinfelder","7":"product_cat-halsschmuck","9":"first","10":"outofstock","11":"shipping-taxable","12":"purchasable","13":"product-type-simple"},"acf":[],"_links":{"self":[{"href":"https:\/\/leinfelder-juweler.com\/en\/wp-json\/wp\/v2\/product\/9280","targetHints":{"allow":["GET"]}}],"collection":[{"href":"https:\/\/leinfelder-juweler.com\/en\/wp-json\/wp\/v2\/product"}],"about":[{"href":"https:\/\/leinfelder-juweler.com\/en\/wp-json\/wp\/v2\/types\/product"}],"replies":[{"embeddable":true,"href":"https:\/\/leinfelder-juweler.com\/en\/wp-json\/wp\/v2\/comments?post=9280"}],"wp:featuredmedia":[{"embeddable":true,"href":"https:\/\/leinfelder-juweler.com\/en\/wp-json\/wp\/v2\/media\/10475"}],"wp:attachment":[{"href":"https:\/\/leinfelder-juweler.com\/en\/wp-json\/wp\/v2\/media?parent=9280"}],"wp:term":[{"taxonomy":"product_brand","embeddable":true,"href":"https:\/\/leinfelder-juweler.com\/en\/wp-json\/wp\/v2\/product_brand?post=9280"},{"taxonomy":"product_cat","embeddable":true,"href":"https:\/\/leinfelder-juweler.com\/en\/wp-json\/wp\/v2\/product_cat?post=9280"},{"taxonomy":"product_tag","embeddable":true,"href":"https:\/\/leinfelder-juweler.com\/en\/wp-json\/wp\/v2\/product_tag?post=9280"}],"curies":[{"name":"wp","href":"https:\/\/api.w.org\/{rel}","templated":true}]}}