{"id":9282,"date":"2025-11-20T18:14:31","date_gmt":"2025-11-20T15:14:31","guid":{"rendered":"https:\/\/leinfelder-juweler.com\/?post_type=product&#038;p=9282"},"modified":"2025-11-20T20:43:34","modified_gmt":"2025-11-20T17:43:34","slug":"anhaenger-750-gelbgold-mit-rosa-turmalin-und-aquamarin-cabochon","status":"publish","type":"product","link":"https:\/\/leinfelder-juweler.com\/en\/product\/anhaenger-750-gelbgold-mit-rosa-turmalin-und-aquamarin-cabochon\/","title":{"rendered":"Anh\u00e4nger 750 Gelbgold mit rosa Turmalin und Aquamarin Cabochon"},"content":{"rendered":"<p data-mce-fragment=\"1\"><strong>Anh\u00e4nger 750 Gelbgold mit rosa Turmalin und Aquamarin Cabochon<\/strong><\/p>\n<p data-mce-fragment=\"1\"><strong>Material: <\/strong>750 Yellow Gold<\/p>\n<p data-mce-fragment=\"1\"><strong>Stones: <\/strong>Rosa Turmalin 0,50 ct\u00a0\u00d8 5mm rund facettiert und einem\u00a0Aquamarin Cabochon 21,73 ct<span>\u00a0<\/span>Iaa\u00a019 x 15 mm<\/p>\n<p><strong>Der himmelblaue Aquamarin l\u00e4sst einen von einem klaren Bergsee tr\u00e4umen. Der rosa Turmalin im Brillantschliff meistert mit unbeschwerter Leichtigkeit die Symbiose von \u00d6se und Fassung.<\/strong><\/p>","protected":false},"excerpt":{"rendered":"<p>Anh\u00e4nger 750 Gelbgold mit rosa Turmalin und Aquamarin Cabochon Material: 750 Gelbgold Steine: Rosa Turmalin 0,50 ct\u00a0\u00d8 5mm rund facettiert und einem\u00a0Aquamarin Cabochon 21,73 ct\u00a0Iaa\u00a019 x 15 mm Der himmelblaue Aquamarin l\u00e4sst einen von einem klaren Bergsee tr\u00e4umen. Der rosa Turmalin im Brillantschliff meistert mit unbeschwerter Leichtigkeit die Symbiose von \u00d6se und Fassung.<\/p>","protected":false},"featured_media":10477,"comment_status":"open","ping_status":"closed","template":"","meta":{"_acf_changed":false,"_et_pb_use_builder":"","_et_pb_old_content":"","_et_gb_content_width":"","inline_featured_image":false},"product_brand":[332],"product_cat":[333],"product_tag":[],"class_list":{"0":"post-9282","1":"product","2":"type-product","3":"status-publish","4":"has-post-thumbnail","6":"product_brand-leinfelder","7":"product_cat-halsschmuck","9":"first","10":"outofstock","11":"shipping-taxable","12":"purchasable","13":"product-type-simple"},"acf":[],"_links":{"self":[{"href":"https:\/\/leinfelder-juweler.com\/en\/wp-json\/wp\/v2\/product\/9282","targetHints":{"allow":["GET"]}}],"collection":[{"href":"https:\/\/leinfelder-juweler.com\/en\/wp-json\/wp\/v2\/product"}],"about":[{"href":"https:\/\/leinfelder-juweler.com\/en\/wp-json\/wp\/v2\/types\/product"}],"replies":[{"embeddable":true,"href":"https:\/\/leinfelder-juweler.com\/en\/wp-json\/wp\/v2\/comments?post=9282"}],"wp:featuredmedia":[{"embeddable":true,"href":"https:\/\/leinfelder-juweler.com\/en\/wp-json\/wp\/v2\/media\/10477"}],"wp:attachment":[{"href":"https:\/\/leinfelder-juweler.com\/en\/wp-json\/wp\/v2\/media?parent=9282"}],"wp:term":[{"taxonomy":"product_brand","embeddable":true,"href":"https:\/\/leinfelder-juweler.com\/en\/wp-json\/wp\/v2\/product_brand?post=9282"},{"taxonomy":"product_cat","embeddable":true,"href":"https:\/\/leinfelder-juweler.com\/en\/wp-json\/wp\/v2\/product_cat?post=9282"},{"taxonomy":"product_tag","embeddable":true,"href":"https:\/\/leinfelder-juweler.com\/en\/wp-json\/wp\/v2\/product_tag?post=9282"}],"curies":[{"name":"wp","href":"https:\/\/api.w.org\/{rel}","templated":true}]}}