{"id":9285,"date":"2025-11-20T18:14:32","date_gmt":"2025-11-20T15:14:32","guid":{"rendered":"https:\/\/leinfelder-juweler.com\/?post_type=product&#038;p=9285"},"modified":"2025-11-20T20:43:57","modified_gmt":"2025-11-20T17:43:57","slug":"klappcreolen-750-gelbgold-mit-brillanten-2","status":"publish","type":"product","link":"https:\/\/leinfelder-juweler.com\/en\/product\/klappcreolen-750-gelbgold-mit-brillanten-2\/","title":{"rendered":"Klappcreolen 750 Gelbgold mit Brillanten"},"content":{"rendered":"<p><strong>Ohrschmuck\u00a0Klappcreolen<\/strong><\/p>\n<p><strong>Material: <\/strong>750 Yellow Gold<\/p>\n<p><strong>Stones: <\/strong><span data-mce-fragment=\"1\" lang=\"EN-US\">18 Brillanten <\/span><span data-mce-fragment=\"1\" lang=\"EN-US\">= 0,288 ct tw vsi<\/span><\/p>\n<p><strong>Ma\u00dfe: <\/strong>2,5 mm breit \/au\u00dfen \u00d8 13,5 mm<\/p>\n<div><strong><span style=\"font-size: 11.0pt; line-height: 115%; font-family: 'Calibri',sans-serif; mso-ascii-theme-font: minor-latin; mso-fareast-font-family: Calibri; mso-fareast-theme-font: minor-latin; mso-hansi-theme-font: minor-latin; mso-bidi-font-family: 'Times New Roman'; mso-bidi-theme-font: minor-bidi; mso-ansi-language: DE; mso-fareast-language: EN-US; mso-bidi-language: AR-SA;\">Einzigartige Brillanz: Diamantschmuck in meisterhafter Handarbeit.<\/span><span style=\"font-size: 11.0pt; line-height: 115%; font-family: 'Calibri',sans-serif; mso-ascii-theme-font: minor-latin; mso-fareast-font-family: Calibri; mso-fareast-theme-font: minor-latin; mso-hansi-theme-font: minor-latin; mso-bidi-font-family: 'Times New Roman'; mso-bidi-theme-font: minor-bidi; mso-ansi-language: DE; mso-fareast-language: EN-US; mso-bidi-language: AR-SA;\"><br \/><span style=\"font-family: 'Calibri',sans-serif; mso-ascii-theme-font: minor-latin; mso-hansi-theme-font: minor-latin; mso-bidi-font-family: 'Times New Roman'; mso-bidi-theme-font: minor-bidi;\">jedes Schmuckst\u00fcck \u2013 mit Sorgfalt und Hingabe f\u00fcr Sie gefertigt.<\/span><\/span><\/strong><\/div>\n<div>\n<strong><span style=\"font-size: 11.0pt; line-height: 115%; font-family: 'Calibri',sans-serif; mso-ascii-theme-font: minor-latin; mso-fareast-font-family: Calibri; mso-fareast-theme-font: minor-latin; mso-hansi-theme-font: minor-latin; mso-bidi-font-family: 'Times New Roman'; mso-bidi-theme-font: minor-bidi; mso-ansi-language: DE; mso-fareast-language: EN-US; mso-bidi-language: AR-SA;\"><span style=\"font-family: 'Calibri',sans-serif; mso-ascii-theme-font: minor-latin; mso-hansi-theme-font: minor-latin; mso-bidi-font-family: 'Times New Roman'; mso-bidi-theme-font: minor-bidi;\"><\/span><\/span><\/strong>\n<\/div>\n<div>\n<p class=\"MsoNormal\" style=\"margin-bottom: .0001pt;\"><b style=\"mso-bidi-font-weight: normal;\">Diese Ohrringe symbolisieren zeitlose Eleganz und best\u00e4ndige Sch\u00f6nheit.<\/b><\/p>\n<p class=\"MsoNormal\" style=\"margin-bottom: .0001pt;\"><b style=\"mso-bidi-font-weight: normal;\">Jeder Stein steht f\u00fcr einen besonderen Moment oder ein gemeinsames Erlebnis in einer Beziehung.<u><\/u><\/b><\/p>\n<\/div>\n<p>\u00a0<\/p>","protected":false},"excerpt":{"rendered":"<p>Ohrschmuck\u00a0Klappcreolen Material: 750 Gelbgold Steine: 18 Brillanten = 0,288 ct tw vsi Ma\u00dfe: 2,5 mm breit \/au\u00dfen \u00d8 13,5 mm Einzigartige Brillanz: Diamantschmuck in meisterhafter Handarbeit.jedes Schmuckst\u00fcck \u2013 mit Sorgfalt und Hingabe f\u00fcr Sie gefertigt. Diese Ohrringe symbolisieren zeitlose Eleganz und best\u00e4ndige Sch\u00f6nheit. Jeder Stein steht f\u00fcr einen besonderen Moment oder ein gemeinsames Erlebnis in [&hellip;]<\/p>","protected":false},"featured_media":10480,"comment_status":"open","ping_status":"closed","template":"","meta":{"_acf_changed":false,"_et_pb_use_builder":"","_et_pb_old_content":"","_et_gb_content_width":"","inline_featured_image":false},"product_brand":[332],"product_cat":[331],"product_tag":[],"class_list":{"0":"post-9285","1":"product","2":"type-product","3":"status-publish","4":"has-post-thumbnail","6":"product_brand-leinfelder","7":"product_cat-ohrschmuck","9":"first","10":"instock","11":"shipping-taxable","12":"purchasable","13":"product-type-simple"},"acf":[],"_links":{"self":[{"href":"https:\/\/leinfelder-juweler.com\/en\/wp-json\/wp\/v2\/product\/9285","targetHints":{"allow":["GET"]}}],"collection":[{"href":"https:\/\/leinfelder-juweler.com\/en\/wp-json\/wp\/v2\/product"}],"about":[{"href":"https:\/\/leinfelder-juweler.com\/en\/wp-json\/wp\/v2\/types\/product"}],"replies":[{"embeddable":true,"href":"https:\/\/leinfelder-juweler.com\/en\/wp-json\/wp\/v2\/comments?post=9285"}],"wp:featuredmedia":[{"embeddable":true,"href":"https:\/\/leinfelder-juweler.com\/en\/wp-json\/wp\/v2\/media\/10480"}],"wp:attachment":[{"href":"https:\/\/leinfelder-juweler.com\/en\/wp-json\/wp\/v2\/media?parent=9285"}],"wp:term":[{"taxonomy":"product_brand","embeddable":true,"href":"https:\/\/leinfelder-juweler.com\/en\/wp-json\/wp\/v2\/product_brand?post=9285"},{"taxonomy":"product_cat","embeddable":true,"href":"https:\/\/leinfelder-juweler.com\/en\/wp-json\/wp\/v2\/product_cat?post=9285"},{"taxonomy":"product_tag","embeddable":true,"href":"https:\/\/leinfelder-juweler.com\/en\/wp-json\/wp\/v2\/product_tag?post=9285"}],"curies":[{"name":"wp","href":"https:\/\/api.w.org\/{rel}","templated":true}]}}