{"id":9286,"date":"2025-11-20T18:14:33","date_gmt":"2025-11-20T15:14:33","guid":{"rendered":"https:\/\/leinfelder-juweler.com\/?post_type=product&#038;p=9286"},"modified":"2025-11-20T20:44:05","modified_gmt":"2025-11-20T17:44:05","slug":"klappcreolen-750-weissgold-mit-brillanten-wiener-brisur-klein","status":"publish","type":"product","link":"https:\/\/leinfelder-juweler.com\/en\/product\/klappcreolen-750-weissgold-mit-brillanten-wiener-brisur-klein\/","title":{"rendered":"Klappcreolen 750 Wei\u00dfgold mit Brillanten \u201eWiener Brisur\u201c klein"},"content":{"rendered":"<p><strong>Ohrschmuck Klappcreolen\u00a0<span data-mce-fragment=\"1\">\u201eWiener Brisur\u201c\u00a0klein<\/span><span data-mce-fragment=\"1\"><\/span><\/strong><\/p>\n<p><strong>Material: <\/strong>750 Wei\u00dfgold<\/p>\n<p><strong>Stones:<\/strong> 16\u00a0<span data-mce-fragment=\"1\">Brillanten \u00d8 1,5 = 0,24 ct tw vsi<\/span><span data-mce-fragment=\"1\"><\/span><\/p>\n<p><strong>Ma\u00dfe: <\/strong>2,3 mm breit \/ 14 mm lang<span data-mce-fragment=\"1\"><\/span><\/p>\n<p><strong>Als \u201cWiener Brisur\u201d war dieses besondere Design f\u00fcr Klappcreolen schon zu Zeiten von Kaiserin Sissi beliebt. Die elegante ovale Form, hier mit 16 strahlenden Brillanten verziert, l\u00e4sst sich perfekt mit unseren vielf\u00e4ltigen Einh\u00e4ngern erg\u00e4nzen.<\/strong><\/p>\n<p>\u00a0<\/p>\n<p><strong>Zu diesen Klappcreolen empfehlen wir die folgenden Einh\u00e4nger:<\/strong><\/p>\n<p><strong>Einh\u00e4nger 750 Wei\u00dfgold mit Starliten:<\/strong><\/p>\n<p><a href=\"https:\/\/shop.leinfelder-goldschmiede.de\/products\/einhanger-fur-klappcreolen-mit-starlit?_pos=2&amp;_sid=fbd20236a&amp;_ss=r\"><img decoding=\"async\" alt=\"Einh\u00e4nger 750 Wei\u00dfgold mit Starliten\" src=\"https:\/\/cdn.shopify.com\/s\/files\/1\/0537\/7205\/8797\/files\/97_85_265.jpg?v=1619175356\"><\/a><\/p>\n<p><strong>Einh\u00e4nger 750 Wei\u00dfgold mit S\u00fc\u00dfwasser-Perlen:<\/strong><\/p>\n<p><a href=\"https:\/\/shop.leinfelder-goldschmiede.de\/products\/einhanger-fur-klappcreolen-mit-perlen?_pos=1&amp;_sid=fbd20236a&amp;_ss=r\"><img decoding=\"async\" alt=\"Einh\u00e4nger 750 Wei\u00dfgold mit S\u00fc\u00dfwasser-Perlen\" src=\"https:\/\/cdn.shopify.com\/s\/files\/1\/0537\/7205\/8797\/files\/97_85_177.jpg?v=1619175423\"><\/a><\/p>\n<p>\u00a0<\/p>","protected":false},"excerpt":{"rendered":"<p>Ohrschmuck Klappcreolen\u00a0\u201eWiener Brisur\u201c\u00a0klein Material: 750 Wei\u00dfgold Steine: 16\u00a0Brillanten \u00d8 1,5 = 0,24 ct tw vsi Ma\u00dfe: 2,3 mm breit \/ 14 mm lang Als \u201cWiener Brisur\u201d war dieses besondere Design f\u00fcr Klappcreolen schon zu Zeiten von Kaiserin Sissi beliebt. Die elegante ovale Form, hier mit 16 strahlenden Brillanten verziert, l\u00e4sst sich perfekt mit unseren vielf\u00e4ltigen [&hellip;]<\/p>","protected":false},"featured_media":10481,"comment_status":"open","ping_status":"closed","template":"","meta":{"_acf_changed":false,"_et_pb_use_builder":"","_et_pb_old_content":"","_et_gb_content_width":"","inline_featured_image":false},"product_brand":[332],"product_cat":[331],"product_tag":[],"class_list":{"0":"post-9286","1":"product","2":"type-product","3":"status-publish","4":"has-post-thumbnail","6":"product_brand-leinfelder","7":"product_cat-ohrschmuck","9":"first","10":"instock","11":"shipping-taxable","12":"purchasable","13":"product-type-simple"},"acf":[],"_links":{"self":[{"href":"https:\/\/leinfelder-juweler.com\/en\/wp-json\/wp\/v2\/product\/9286","targetHints":{"allow":["GET"]}}],"collection":[{"href":"https:\/\/leinfelder-juweler.com\/en\/wp-json\/wp\/v2\/product"}],"about":[{"href":"https:\/\/leinfelder-juweler.com\/en\/wp-json\/wp\/v2\/types\/product"}],"replies":[{"embeddable":true,"href":"https:\/\/leinfelder-juweler.com\/en\/wp-json\/wp\/v2\/comments?post=9286"}],"wp:featuredmedia":[{"embeddable":true,"href":"https:\/\/leinfelder-juweler.com\/en\/wp-json\/wp\/v2\/media\/10481"}],"wp:attachment":[{"href":"https:\/\/leinfelder-juweler.com\/en\/wp-json\/wp\/v2\/media?parent=9286"}],"wp:term":[{"taxonomy":"product_brand","embeddable":true,"href":"https:\/\/leinfelder-juweler.com\/en\/wp-json\/wp\/v2\/product_brand?post=9286"},{"taxonomy":"product_cat","embeddable":true,"href":"https:\/\/leinfelder-juweler.com\/en\/wp-json\/wp\/v2\/product_cat?post=9286"},{"taxonomy":"product_tag","embeddable":true,"href":"https:\/\/leinfelder-juweler.com\/en\/wp-json\/wp\/v2\/product_tag?post=9286"}],"curies":[{"name":"wp","href":"https:\/\/api.w.org\/{rel}","templated":true}]}}