{"id":9291,"date":"2025-11-20T18:14:34","date_gmt":"2025-11-20T15:14:34","guid":{"rendered":"https:\/\/leinfelder-juweler.com\/?post_type=product&#038;p=9291"},"modified":"2025-11-20T20:44:41","modified_gmt":"2025-11-20T17:44:41","slug":"creolen-750-gelbgold","status":"publish","type":"product","link":"https:\/\/leinfelder-juweler.com\/en\/product\/creolen-750-gelbgold\/","title":{"rendered":"Creolen 750 Gelbgold"},"content":{"rendered":"<p><strong>Ohrschmuck Creolen<\/strong><\/p>\n<p><strong>Material: <\/strong>750 Yellow Gold<\/p>\n<p><strong>Ma\u00dfe: <\/strong><span data-mce-fragment=\"1\">30 mm au\u00dfen \/ \u00d8 8,0 Rundprofil<\/span><span data-mce-fragment=\"1\"><\/span><\/p>\n<p><strong>Forever young! Diese l\u00e4ssigen Creolen stehen f\u00fcr ein Lebensgef\u00fchl ganzer Generationen.\u00a0<\/strong><\/p>","protected":false},"excerpt":{"rendered":"<p>Ohrschmuck Creolen Material: 750 Gelbgold Ma\u00dfe: 30 mm au\u00dfen \/ \u00d8 8,0 Rundprofil Forever young! Diese l\u00e4ssigen Creolen stehen f\u00fcr ein Lebensgef\u00fchl ganzer Generationen.\u00a0<\/p>","protected":false},"featured_media":10486,"comment_status":"open","ping_status":"closed","template":"","meta":{"_acf_changed":false,"_et_pb_use_builder":"","_et_pb_old_content":"","_et_gb_content_width":"","inline_featured_image":false},"product_brand":[332],"product_cat":[331],"product_tag":[],"class_list":{"0":"post-9291","1":"product","2":"type-product","3":"status-publish","4":"has-post-thumbnail","6":"product_brand-leinfelder","7":"product_cat-ohrschmuck","9":"first","10":"outofstock","11":"sold-individually","12":"shipping-taxable","13":"purchasable","14":"product-type-simple"},"acf":[],"_links":{"self":[{"href":"https:\/\/leinfelder-juweler.com\/en\/wp-json\/wp\/v2\/product\/9291","targetHints":{"allow":["GET"]}}],"collection":[{"href":"https:\/\/leinfelder-juweler.com\/en\/wp-json\/wp\/v2\/product"}],"about":[{"href":"https:\/\/leinfelder-juweler.com\/en\/wp-json\/wp\/v2\/types\/product"}],"replies":[{"embeddable":true,"href":"https:\/\/leinfelder-juweler.com\/en\/wp-json\/wp\/v2\/comments?post=9291"}],"wp:featuredmedia":[{"embeddable":true,"href":"https:\/\/leinfelder-juweler.com\/en\/wp-json\/wp\/v2\/media\/10486"}],"wp:attachment":[{"href":"https:\/\/leinfelder-juweler.com\/en\/wp-json\/wp\/v2\/media?parent=9291"}],"wp:term":[{"taxonomy":"product_brand","embeddable":true,"href":"https:\/\/leinfelder-juweler.com\/en\/wp-json\/wp\/v2\/product_brand?post=9291"},{"taxonomy":"product_cat","embeddable":true,"href":"https:\/\/leinfelder-juweler.com\/en\/wp-json\/wp\/v2\/product_cat?post=9291"},{"taxonomy":"product_tag","embeddable":true,"href":"https:\/\/leinfelder-juweler.com\/en\/wp-json\/wp\/v2\/product_tag?post=9291"}],"curies":[{"name":"wp","href":"https:\/\/api.w.org\/{rel}","templated":true}]}}