{"id":9293,"date":"2025-11-20T18:14:35","date_gmt":"2025-11-20T15:14:35","guid":{"rendered":"https:\/\/leinfelder-juweler.com\/?post_type=product&#038;p=9293"},"modified":"2025-11-20T20:44:57","modified_gmt":"2025-11-20T17:44:57","slug":"klappcreolen-750-weissgold-5","status":"publish","type":"product","link":"https:\/\/leinfelder-juweler.com\/en\/product\/klappcreolen-750-weissgold-5\/","title":{"rendered":"Klappcreolen 750 Wei\u00dfgold"},"content":{"rendered":"<p><strong>Ohrschmuck\u00a0Klappcreolen<\/strong><\/p>\n<p><strong>Material: <\/strong>750 Wei\u00dfgold<\/p>\n<p><strong>Ma\u00dfe: <\/strong>30 mm au\u00dfen \u00d8 3,0 Rundprofil<\/p>\n<p><strong>Forever young! Diese l\u00e4ssigen Creolen stehen f\u00fcr ein Lebensgef\u00fchl ganzer Generationen. Auch mit unseren vielf\u00e4ltigen Einh\u00e4ngern kombinierbar.\u00a0<\/strong><\/p>\n<p>\u00a0<\/p>\n<p><strong>Zu diesen Klappcreolen empfehlen wir die folgenden Einh\u00e4nger:<\/strong><\/p>\n<p><strong>Einh\u00e4nger 750 Wei\u00dfgold mit rosa Zirkonen:<\/strong><\/p>\n<p>\u00a0<\/p>\n<p><a href=\"https:\/\/shop.leinfelder-goldschmiede.de\/collections\/zirkon\/products\/einhanger-fur-klappcreolen-mit-rosa-zirkonen\"><img decoding=\"async\" src=\"https:\/\/cdn.shopify.com\/s\/files\/1\/0537\/7205\/8797\/files\/97_85_366.jpg?v=1619079692\" alt=\"Einh\u00e4nger 750 Wei\u00dfgold mit rosa Zirkonen\"><\/a><\/p>\n<p><strong>Einh\u00e4nger 750 Wei\u00dfgold mit Starliten:<\/strong><\/p>\n<p>\u00a0<\/p>\n<p><a href=\"https:\/\/shop.leinfelder-goldschmiede.de\/products\/einhanger-fur-klappcreolen-mit-starlit?_pos=2&amp;_sid=fbd20236a&amp;_ss=r\"><img decoding=\"async\" src=\"https:\/\/cdn.shopify.com\/s\/files\/1\/0537\/7205\/8797\/files\/97_85_265.jpg?v=1619175356\" alt=\"Einh\u00e4nger 750 Wei\u00dfgold mit Starliten\"><\/a><\/p>\n<p><strong>Einh\u00e4nger 750 Wei\u00dfgold mit S\u00fc\u00dfwasser-Perlen:<\/strong><\/p>\n<p>\u00a0<\/p>\n<p><a href=\"https:\/\/shop.leinfelder-goldschmiede.de\/products\/einhanger-fur-klappcreolen-mit-perlen?_pos=1&amp;_sid=fbd20236a&amp;_ss=r\"><img decoding=\"async\" src=\"https:\/\/cdn.shopify.com\/s\/files\/1\/0537\/7205\/8797\/files\/97_85_177.jpg?v=1619175423\" alt=\"Einh\u00e4nger 750 Wei\u00dfgold mit S\u00fc\u00dfwasser-Perlen\"><\/a><\/p>\n<p><strong>Einh\u00e4nger 750 Wei\u00dfgold mit Brillanten und Rubellittropfen:<\/strong><\/p>\n<p>\u00a0<\/p>\n<p><a href=\"https:\/\/shop.leinfelder-goldschmiede.de\/products\/einhanger-fur-klappcreolen-mit-rubelliten?_pos=5&amp;_sid=fbd20236a&amp;_ss=r\"><img decoding=\"async\" src=\"https:\/\/cdn.shopify.com\/s\/files\/1\/0537\/7205\/8797\/files\/97_85_348.jpg?v=1619175506\" alt=\"Einh\u00e4nger 750 Wei\u00dfgold mit Brillanten und Rubellittropfen\"><\/a><\/p>","protected":false},"excerpt":{"rendered":"<p>Ohrschmuck\u00a0Klappcreolen Material: 750 Wei\u00dfgold Ma\u00dfe: 30 mm au\u00dfen \u00d8 3,0 Rundprofil Forever young! Diese l\u00e4ssigen Creolen stehen f\u00fcr ein Lebensgef\u00fchl ganzer Generationen. Auch mit unseren vielf\u00e4ltigen Einh\u00e4ngern kombinierbar.\u00a0 \u00a0 Zu diesen Klappcreolen empfehlen wir die folgenden Einh\u00e4nger: Einh\u00e4nger 750 Wei\u00dfgold mit rosa Zirkonen: \u00a0 Einh\u00e4nger 750 Wei\u00dfgold mit Starliten: \u00a0 Einh\u00e4nger 750 Wei\u00dfgold mit S\u00fc\u00dfwasser-Perlen: [&hellip;]<\/p>","protected":false},"featured_media":10488,"comment_status":"open","ping_status":"closed","template":"","meta":{"_acf_changed":false,"_et_pb_use_builder":"","_et_pb_old_content":"","_et_gb_content_width":"","inline_featured_image":false},"product_brand":[332],"product_cat":[331],"product_tag":[],"class_list":{"0":"post-9293","1":"product","2":"type-product","3":"status-publish","4":"has-post-thumbnail","6":"product_brand-leinfelder","7":"product_cat-ohrschmuck","9":"first","10":"outofstock","11":"shipping-taxable","12":"purchasable","13":"product-type-simple"},"acf":[],"_links":{"self":[{"href":"https:\/\/leinfelder-juweler.com\/en\/wp-json\/wp\/v2\/product\/9293","targetHints":{"allow":["GET"]}}],"collection":[{"href":"https:\/\/leinfelder-juweler.com\/en\/wp-json\/wp\/v2\/product"}],"about":[{"href":"https:\/\/leinfelder-juweler.com\/en\/wp-json\/wp\/v2\/types\/product"}],"replies":[{"embeddable":true,"href":"https:\/\/leinfelder-juweler.com\/en\/wp-json\/wp\/v2\/comments?post=9293"}],"wp:featuredmedia":[{"embeddable":true,"href":"https:\/\/leinfelder-juweler.com\/en\/wp-json\/wp\/v2\/media\/10488"}],"wp:attachment":[{"href":"https:\/\/leinfelder-juweler.com\/en\/wp-json\/wp\/v2\/media?parent=9293"}],"wp:term":[{"taxonomy":"product_brand","embeddable":true,"href":"https:\/\/leinfelder-juweler.com\/en\/wp-json\/wp\/v2\/product_brand?post=9293"},{"taxonomy":"product_cat","embeddable":true,"href":"https:\/\/leinfelder-juweler.com\/en\/wp-json\/wp\/v2\/product_cat?post=9293"},{"taxonomy":"product_tag","embeddable":true,"href":"https:\/\/leinfelder-juweler.com\/en\/wp-json\/wp\/v2\/product_tag?post=9293"}],"curies":[{"name":"wp","href":"https:\/\/api.w.org\/{rel}","templated":true}]}}