{"id":9299,"date":"2025-11-20T18:14:37","date_gmt":"2025-11-20T15:14:37","guid":{"rendered":"https:\/\/leinfelder-juweler.com\/?post_type=product&#038;p=9299"},"modified":"2025-11-20T20:46:22","modified_gmt":"2025-11-20T17:46:22","slug":"vario-ohrschmuck-konfigurator","status":"publish","type":"product","link":"https:\/\/leinfelder-juweler.com\/en\/product\/vario-ohrschmuck-konfigurator\/","title":{"rendered":"Vario Ohrschmuck Konfigurator"},"content":{"rendered":"<p><strong>Vario Ohrschmuck Oberteile:<\/strong><\/p>\n<p><strong>Kissen 3-ecke:<\/strong> Ohrstecker Kissen 3-ecke 750 Gelbgold 17,5 mm<\/p>\n<p><strong>Rund mit Mondstein:<\/strong> Ohrstecker 750 Gelbgold mit orangen Mondstein Cabochons\u00a0\u00a0\u00d8 11 mm<\/p>\n<p><strong>Rund mit Brillanten: <\/strong>Ohrstecker 750 Gelbgold mit 234 Brillanten \u00d8 13 mm<\/p>\n<p><strong>Rund konvex: <\/strong>Ohrstecker 750 Gelbgold \u00d8 12,75 mm rund konvex<\/p>\n<p><strong>Rund mit Tsavorithen: <\/strong>Ohrstecker 750 Gelbgold mit 234 Tsavorithen \u00d8 13 mm<strong><br \/><\/strong><\/p>\n<p><strong>Oval: <\/strong>Ohrstecker 750 Gelbgold 15 x 13 mm oval<strong><br data-mce-fragment=\"1\"><\/strong><\/p>\n<p><strong>3-Ecke mit Brillanten: <\/strong>Ohrstecker 750 Gelbgold 12 mm Kantenl\u00e4nge 750 Gelbgold mit 146 Brillanten gesamt\u00a0 2,424 ct tw vsi<\/p>\n<p><strong>Rund mit Koralle: <\/strong>Ohrstecker 750 Gelbgold Korall Cabochons \u00d8 9,7 mm rund\u00a0<\/p>\n<p><strong>Rund mit pink Safiren: <\/strong>Ohrstecker 750 Gelbgold mit 234 pink Safiren \u00d8 13 mm<\/p>\n<p>\u00a0<\/p>\n<p><strong>Vario Ohrschmuck Einh\u00e4nger:<\/strong><\/p>\n<p><strong>Perlquasten: <\/strong>Einh\u00e4nger 750 Gelbgold mit S\u00fc\u00dfwasser Perlquasten<\/p>\n<p><strong>Brillanten und Ebenholz: <\/strong>Einh\u00e4nger 750 Gelbgold mit Brillanten und Ebenholz<\/p>\n<p><strong>Rubellite und Mondstein Pampeln: <\/strong>Einh\u00e4nger 750 Gelbgold mit 2 Rubelliten und orangen Mondstein Pampeln\u00a0 <\/p>\n<p><strong>Tsavorithe und Mondsteine: <\/strong>Einh\u00e4nger 750 Gelbgold klein mit\u00a0 2 Tsavorithen und gr\u00fcnen Mondstein Cabochons<\/p>\n<p><strong>Aquamarine und Calcedon Pampeln: <\/strong>Einh\u00e4nger 750 Gelbgold mit 2 Aquamarinen und Calcedon Pampeln\u00a0\u00a0<strong><br \/><\/strong><\/p>\n<p><strong>Brillanten und S\u00fcdseeperlen:<\/strong> 750 Gelbgold mit 2 Brillanten = 0,30 ct tw vsi \u00d8 3,3 mm und S\u00fcdseeperlen 9,5-10mm<\/p>\n<p><strong>Brillanten und Ebenholzzapfen:<\/strong> 750 Gelbgold mit 2 Brillanten = 0,30 ct tw vsi \u00d8 3,3 mm und Ebenholzzapfen 25 x 10 mm<\/p>\n<p><strong data-mce-fragment=\"1\">Rubellite und Rosenquarze: <\/strong>Einh\u00e4nger 750 Gelbgold mit 2 Rubelliten und Rosenquarz Cabochons<\/p>","protected":false},"excerpt":{"rendered":"<p>Vario Ohrschmuck Oberteile: Kissen 3-ecke: Ohrstecker Kissen 3-ecke 750 Gelbgold 17,5 mm Rund mit Mondstein: Ohrstecker 750 Gelbgold mit orangen Mondstein Cabochons\u00a0\u00a0\u00d8 11 mm Rund mit Brillanten: Ohrstecker 750 Gelbgold mit 234 Brillanten \u00d8 13 mm Rund konvex: Ohrstecker 750 Gelbgold \u00d8 12,75 mm rund konvex Rund mit Tsavorithen: Ohrstecker 750 Gelbgold mit 234 Tsavorithen [&hellip;]<\/p>","protected":false},"featured_media":10565,"comment_status":"open","ping_status":"closed","template":"","meta":{"_acf_changed":false,"_et_pb_use_builder":"","_et_pb_old_content":"","_et_gb_content_width":"","inline_featured_image":false},"product_brand":[332],"product_cat":[331],"product_tag":[],"class_list":{"0":"post-9299","1":"product","2":"type-product","3":"status-publish","4":"has-post-thumbnail","6":"product_brand-leinfelder","7":"product_cat-ohrschmuck","9":"first","10":"outofstock","11":"shipping-taxable","12":"product-type-variable"},"acf":[],"_links":{"self":[{"href":"https:\/\/leinfelder-juweler.com\/en\/wp-json\/wp\/v2\/product\/9299","targetHints":{"allow":["GET"]}}],"collection":[{"href":"https:\/\/leinfelder-juweler.com\/en\/wp-json\/wp\/v2\/product"}],"about":[{"href":"https:\/\/leinfelder-juweler.com\/en\/wp-json\/wp\/v2\/types\/product"}],"replies":[{"embeddable":true,"href":"https:\/\/leinfelder-juweler.com\/en\/wp-json\/wp\/v2\/comments?post=9299"}],"wp:featuredmedia":[{"embeddable":true,"href":"https:\/\/leinfelder-juweler.com\/en\/wp-json\/wp\/v2\/media\/10565"}],"wp:attachment":[{"href":"https:\/\/leinfelder-juweler.com\/en\/wp-json\/wp\/v2\/media?parent=9299"}],"wp:term":[{"taxonomy":"product_brand","embeddable":true,"href":"https:\/\/leinfelder-juweler.com\/en\/wp-json\/wp\/v2\/product_brand?post=9299"},{"taxonomy":"product_cat","embeddable":true,"href":"https:\/\/leinfelder-juweler.com\/en\/wp-json\/wp\/v2\/product_cat?post=9299"},{"taxonomy":"product_tag","embeddable":true,"href":"https:\/\/leinfelder-juweler.com\/en\/wp-json\/wp\/v2\/product_tag?post=9299"}],"curies":[{"name":"wp","href":"https:\/\/api.w.org\/{rel}","templated":true}]}}