{"id":9303,"date":"2025-11-20T18:14:51","date_gmt":"2025-11-20T15:14:51","guid":{"rendered":"https:\/\/leinfelder-juweler.com\/?post_type=product&#038;p=9303"},"modified":"2025-11-20T20:46:51","modified_gmt":"2025-11-20T17:46:51","slug":"klappcreolen-750-gelbgold-mit-pink-saphiren-3","status":"publish","type":"product","link":"https:\/\/leinfelder-juweler.com\/en\/product\/klappcreolen-750-gelbgold-mit-pink-saphiren-3\/","title":{"rendered":"Klappcreolen 750 Gelbgold mit pink Saphiren"},"content":{"rendered":"<p><strong>Ohrschmuck\u00a0Klappcreolen<\/strong><\/p>\n<p><strong>Material: <\/strong>750 Yellow Gold<\/p>\n<p><strong>Stones:\u00a0<\/strong>Vorderseite 3-reihig<span>\u00a0<\/span>pav\u00e9 mit\u00a068 pink Saphiren<\/p>\n<p><strong>Ma\u00dfe: <\/strong>2,3\u00a0mm breit \/\u00a014 mm au\u00dfen<\/p>\n<p><strong>Ein Paar Einh\u00e4nger<\/strong><\/p>\n<p><strong>Material: <\/strong><span>750 <\/span><span>Gelb<\/span><span>gold<\/span><\/p>\n<p><strong>Stones:<\/strong> pink Saphire \u00d8 6 mm rund facettiert<\/p>\n<p style=\"margin-bottom: .0001pt; line-height: normal;\" class=\"MsoNormal\"><b><span style=\"mso-fareast-font-family: 'Times New Roman'; mso-bidi-font-family: Calibri; mso-bidi-theme-font: minor-latin; mso-fareast-language: DE;\">Die Creolen in abgerundeter Form sind sehr angenehm zu tragen. Sie sind wie winzige Armreife gearbeitet und umschmeicheln sanft das Ohr.<\/span><\/b><b style=\"mso-bidi-font-weight: normal;\"><span style=\"mso-fareast-font-family: 'Times New Roman'; mso-bidi-font-family: Calibri; mso-bidi-theme-font: minor-latin; mso-fareast-language: DE;\"><\/span><\/b><\/p>\n<p style=\"margin-bottom: .0001pt; line-height: normal;\" class=\"MsoNormal\"><b><span style=\"mso-fareast-font-family: 'Times New Roman'; mso-bidi-font-family: Calibri; mso-bidi-theme-font: minor-latin; mso-fareast-language: DE;\">68 pinkfarbene Saphire, in drei Reihen pav\u00e9 gefasst <\/span><\/b><b style=\"mso-bidi-font-weight: normal;\"><span style=\"mso-bidi-font-family: Calibri; mso-bidi-theme-font: minor-latin;\">(aus dem Franz\u00f6sischen: gepflastert)<\/span><\/b><b><span style=\"mso-fareast-font-family: 'Times New Roman'; mso-bidi-font-family: Calibri; mso-bidi-theme-font: minor-latin; mso-fareast-language: DE;\">, verleihen ihnen den besonderen Reiz.<\/span><\/b><b style=\"mso-bidi-font-weight: normal;\"><span style=\"mso-fareast-font-family: 'Times New Roman'; mso-bidi-font-family: Calibri; mso-bidi-theme-font: minor-latin; mso-fareast-language: DE;\"><\/span><\/b><\/p>\n<p style=\"margin-bottom: .0001pt; line-height: normal;\" class=\"MsoNormal\"><b style=\"mso-bidi-font-weight: normal;\">Die Einh\u00e4nger mit den facettierten pink Saphiren sind eine luxuri\u00f6se Erg\u00e4nzung.<\/b><\/p>","protected":false},"excerpt":{"rendered":"<p>Ohrschmuck\u00a0Klappcreolen Material: 750 Gelbgold Steine:\u00a0Vorderseite 3-reihig\u00a0pav\u00e9 mit\u00a068 pink Saphiren Ma\u00dfe: 2,3\u00a0mm breit \/\u00a014 mm au\u00dfen Ein Paar Einh\u00e4nger Material: 750 Gelbgold Steine: pink Saphire \u00d8 6 mm rund facettiert Die Creolen in abgerundeter Form sind sehr angenehm zu tragen. Sie sind wie winzige Armreife gearbeitet und umschmeicheln sanft das Ohr. 68 pinkfarbene Saphire, in drei [&hellip;]<\/p>","protected":false},"featured_media":10569,"comment_status":"open","ping_status":"closed","template":"","meta":{"_acf_changed":false,"_et_pb_use_builder":"","_et_pb_old_content":"","_et_gb_content_width":"","inline_featured_image":false},"product_brand":[332],"product_cat":[331],"product_tag":[],"class_list":{"0":"post-9303","1":"product","2":"type-product","3":"status-publish","4":"has-post-thumbnail","6":"product_brand-leinfelder","7":"product_cat-ohrschmuck","9":"first","10":"outofstock","11":"shipping-taxable","12":"purchasable","13":"product-type-simple"},"acf":[],"_links":{"self":[{"href":"https:\/\/leinfelder-juweler.com\/en\/wp-json\/wp\/v2\/product\/9303","targetHints":{"allow":["GET"]}}],"collection":[{"href":"https:\/\/leinfelder-juweler.com\/en\/wp-json\/wp\/v2\/product"}],"about":[{"href":"https:\/\/leinfelder-juweler.com\/en\/wp-json\/wp\/v2\/types\/product"}],"replies":[{"embeddable":true,"href":"https:\/\/leinfelder-juweler.com\/en\/wp-json\/wp\/v2\/comments?post=9303"}],"wp:featuredmedia":[{"embeddable":true,"href":"https:\/\/leinfelder-juweler.com\/en\/wp-json\/wp\/v2\/media\/10569"}],"wp:attachment":[{"href":"https:\/\/leinfelder-juweler.com\/en\/wp-json\/wp\/v2\/media?parent=9303"}],"wp:term":[{"taxonomy":"product_brand","embeddable":true,"href":"https:\/\/leinfelder-juweler.com\/en\/wp-json\/wp\/v2\/product_brand?post=9303"},{"taxonomy":"product_cat","embeddable":true,"href":"https:\/\/leinfelder-juweler.com\/en\/wp-json\/wp\/v2\/product_cat?post=9303"},{"taxonomy":"product_tag","embeddable":true,"href":"https:\/\/leinfelder-juweler.com\/en\/wp-json\/wp\/v2\/product_tag?post=9303"}],"curies":[{"name":"wp","href":"https:\/\/api.w.org\/{rel}","templated":true}]}}