{"id":9305,"date":"2025-11-20T18:14:52","date_gmt":"2025-11-20T15:14:52","guid":{"rendered":"https:\/\/leinfelder-juweler.com\/?post_type=product&#038;p=9305"},"modified":"2025-11-20T20:47:05","modified_gmt":"2025-11-20T17:47:05","slug":"vario-ohrschmuck-set-137","status":"publish","type":"product","link":"https:\/\/leinfelder-juweler.com\/en\/product\/vario-ohrschmuck-set-137\/","title":{"rendered":"Vario Ohrschmuck Set"},"content":{"rendered":"<p><strong>Vario Ohrschmuck Set aus Ohrsteckern und Einh\u00e4ngern: <\/strong><\/p>\n<p><strong>Oberteile:\u00a0Ohrstecker \u201eVario\u201c\u00a0mit Mondsteinen<\/strong><\/p>\n<p><strong>Material: <\/strong>750 Yellow Gold<\/p>\n<p><strong>Stones:<\/strong> Mondstein Cabochons\u00a0<span data-mce-fragment=\"1\">12,43 ct\u00a0<\/span><span lang=\"EN-US\" data-mce-fragment=\"1\">\u00d8 12 mm rund<\/span><\/p>\n<p><strong>Einh\u00e4nger:\u00a0Einh\u00e4nger mit <span data-mce-fragment=\"1\">S\u00fc\u00dfwasser Perlquasten<\/span><\/strong><\/p>\n<p><strong>Material:\u00a0<\/strong>750 Yellow Gold<\/p>\n<p><strong>Elemente: <\/strong><span lang=\"EN-US\" data-mce-fragment=\"1\">S\u00fc\u00dfwasser Perlquasten<\/span><span>\u00a0 \u00a0 \u00a0 \u00a0 \u00a0 \u00a0 \u00a0\u00a0<\/span><\/p>\n<p><strong>Unser Vario Ohrschmuck aus 750 Gelb- oder Wei\u00dfgold bietet vielseitige Kombinationsm\u00f6glichkeiten. Die Oberteile k\u00f6nnen separat getragen werden und lassen sich mit einer Vielzahl von Einh\u00e4ngern erg\u00e4nzen.\u00a0<br \/>Bezaubernd, anmutig und vielseitig, eine Bereicherung f\u00fcr jeden Anlass.\u00a0<br \/>Das Auswechseln der Einh\u00e4nger ist einfach und sicher.\u00a0<br \/>Die Oberteile sind als Clip oder Stecker erh\u00e4ltlich.<\/strong><\/p>\n<p><strong><br \/>Die orangen Mondsteine mit ihrem seidigen Glanz in einer runden Goldfassung gebettet, harmonieren wunderbar mit den Perlquasten, die dem Ensemble den Schwung verleihen.<\/strong><\/p>","protected":false},"excerpt":{"rendered":"<p>Vario Ohrschmuck Set aus Ohrsteckern und Einh\u00e4ngern: Oberteile:\u00a0Ohrstecker \u201eVario\u201c\u00a0mit Mondsteinen Material: 750 Gelbgold Steine: Mondstein Cabochons\u00a012,43 ct\u00a0\u00d8 12 mm rund Einh\u00e4nger:\u00a0Einh\u00e4nger mit S\u00fc\u00dfwasser Perlquasten Material:\u00a0750 Gelbgold Elemente: S\u00fc\u00dfwasser Perlquasten\u00a0 \u00a0 \u00a0 \u00a0 \u00a0 \u00a0 \u00a0\u00a0 Unser Vario Ohrschmuck aus 750 Gelb- oder Wei\u00dfgold bietet vielseitige Kombinationsm\u00f6glichkeiten. Die Oberteile k\u00f6nnen separat getragen werden und lassen sich [&hellip;]<\/p>","protected":false},"featured_media":10571,"comment_status":"open","ping_status":"closed","template":"","meta":{"_acf_changed":false,"_et_pb_use_builder":"","_et_pb_old_content":"","_et_gb_content_width":"","inline_featured_image":false},"product_brand":[332],"product_cat":[331],"product_tag":[],"class_list":{"0":"post-9305","1":"product","2":"type-product","3":"status-publish","4":"has-post-thumbnail","6":"product_brand-leinfelder","7":"product_cat-ohrschmuck","9":"first","10":"outofstock","11":"shipping-taxable","12":"purchasable","13":"product-type-simple"},"acf":[],"_links":{"self":[{"href":"https:\/\/leinfelder-juweler.com\/en\/wp-json\/wp\/v2\/product\/9305","targetHints":{"allow":["GET"]}}],"collection":[{"href":"https:\/\/leinfelder-juweler.com\/en\/wp-json\/wp\/v2\/product"}],"about":[{"href":"https:\/\/leinfelder-juweler.com\/en\/wp-json\/wp\/v2\/types\/product"}],"replies":[{"embeddable":true,"href":"https:\/\/leinfelder-juweler.com\/en\/wp-json\/wp\/v2\/comments?post=9305"}],"wp:featuredmedia":[{"embeddable":true,"href":"https:\/\/leinfelder-juweler.com\/en\/wp-json\/wp\/v2\/media\/10571"}],"wp:attachment":[{"href":"https:\/\/leinfelder-juweler.com\/en\/wp-json\/wp\/v2\/media?parent=9305"}],"wp:term":[{"taxonomy":"product_brand","embeddable":true,"href":"https:\/\/leinfelder-juweler.com\/en\/wp-json\/wp\/v2\/product_brand?post=9305"},{"taxonomy":"product_cat","embeddable":true,"href":"https:\/\/leinfelder-juweler.com\/en\/wp-json\/wp\/v2\/product_cat?post=9305"},{"taxonomy":"product_tag","embeddable":true,"href":"https:\/\/leinfelder-juweler.com\/en\/wp-json\/wp\/v2\/product_tag?post=9305"}],"curies":[{"name":"wp","href":"https:\/\/api.w.org\/{rel}","templated":true}]}}