{"id":9307,"date":"2025-11-20T18:14:52","date_gmt":"2025-11-20T15:14:52","guid":{"rendered":"https:\/\/leinfelder-juweler.com\/?post_type=product&#038;p=9307"},"modified":"2025-11-20T20:47:20","modified_gmt":"2025-11-20T17:47:20","slug":"vario-ohrschmuck-set-139","status":"publish","type":"product","link":"https:\/\/leinfelder-juweler.com\/en\/product\/vario-ohrschmuck-set-139\/","title":{"rendered":"Vario Ohrschmuck Set"},"content":{"rendered":"<p><strong>Vario Ohrschmuck Set aus Ohrsteckern und Einh\u00e4ngern: <\/strong><\/p>\n<p><strong>Oberteile:\u00a0<\/strong>Ohrstecker \u201eVario\u201c\u00a0mit 234 Brillanten<\/p>\n<p><strong>Material: <\/strong>750 Yellow Gold<\/p>\n<p><strong>Stones:<\/strong>\u00a0234 Brillanten<span>\u00a0<\/span>gesamt<span>\u00a0 <\/span>2,46 ct tw vs<\/p>\n<p><strong>Ma\u00dfe: <\/strong><span lang=\"EN-US\" data-mce-fragment=\"1\">\u00d8 13 mm<\/span><\/p>\n<p><strong>Einh\u00e4nger:\u00a0<\/strong>Einh\u00e4nger mit\u00a0Brillanten und Ebenholz<\/p>\n<p><strong>Material:\u00a0<\/strong>750 Yellow Gold<\/p>\n<p><strong>Stones:\u00a0<\/strong>2 Brillanten 0,57 ct tw vs \u00d8 4 mm\u00a084 Brillanten 0,63 ct tw vs \u00d8 1,2 mm<\/p>\n<p><strong>Elemente:<\/strong> Ebenholz\u00a0 25 x 12,5 mm<span>\u00a0 <\/span><\/p>\n<p><strong>Unser Vario Ohrschmuck ist in 750 Gelb- oder Wei\u00dfgold gefertigt und besteht aus verschiedenen Oberteilen, die auch separat getragen werden k\u00f6nnen.<\/strong><\/p>\n<p class=\"MsoNormal\" style=\"margin-bottom: .0001pt;\"><strong>Erg\u00e4nzend dazu gibt es eine Vielfalt an Einh\u00e4ngern zu kombinieren.<\/strong><\/p>\n<p class=\"MsoNormal\" style=\"margin-bottom: .0001pt;\"><strong><span style=\"mso-bidi-font-family: Calibri; mso-bidi-theme-font: minor-latin; mso-fareast-language: DE; mso-no-proof: yes;\">Bezaubernd, anmutig und vielseitig, eine Bereicherung zu jedem Anlass. <\/span>Das Auswechseln der Einh\u00e4nger ist einfach und sicher in der Handhabung.<span style=\"mso-bidi-font-family: Calibri; mso-bidi-theme-font: minor-latin; mso-fareast-language: DE; mso-no-proof: yes;\"><\/span><\/strong><\/p>\n<p class=\"MsoNormal\" style=\"margin-bottom: .0001pt;\"><strong>Die Oberteile sind wahlweise mit Clipmechanik oder als Stecker erh\u00e4ltlich.<\/strong><\/p>\n<p><span><br \/><\/span><\/p>\n<p><strong>\u00dcber 230 Brillanten erzeugen ein wahres Feuerwerk, alleine in den Oberteilen dieses beeindruckenden Ensembles. Die Brillanten im Mittelteil gl\u00e4nzen als \u00dcbergang zu den eher schlichten Ebenholztropfen, die von einem zarten Band aus Brillanten umrahmt sind.<\/strong><\/p>","protected":false},"excerpt":{"rendered":"<p>Vario Ohrschmuck Set aus Ohrsteckern und Einh\u00e4ngern: Oberteile:\u00a0Ohrstecker \u201eVario\u201c\u00a0mit 234 Brillanten Material: 750 Gelbgold Steine:\u00a0234 Brillanten\u00a0gesamt\u00a0 2,46 ct tw vs Ma\u00dfe: \u00d8 13 mm Einh\u00e4nger:\u00a0Einh\u00e4nger mit\u00a0Brillanten und Ebenholz Material:\u00a0750 Gelbgold Steine:\u00a02 Brillanten 0,57 ct tw vs \u00d8 4 mm\u00a084 Brillanten 0,63 ct tw vs \u00d8 1,2 mm Elemente: Ebenholz\u00a0 25 x 12,5 mm\u00a0 Unser Vario [&hellip;]<\/p>","protected":false},"featured_media":10573,"comment_status":"open","ping_status":"closed","template":"","meta":{"_acf_changed":false,"_et_pb_use_builder":"","_et_pb_old_content":"","_et_gb_content_width":"","inline_featured_image":false},"product_brand":[332],"product_cat":[331],"product_tag":[],"class_list":{"0":"post-9307","1":"product","2":"type-product","3":"status-publish","4":"has-post-thumbnail","6":"product_brand-leinfelder","7":"product_cat-ohrschmuck","9":"first","10":"instock","11":"shipping-taxable","12":"purchasable","13":"product-type-simple"},"acf":[],"_links":{"self":[{"href":"https:\/\/leinfelder-juweler.com\/en\/wp-json\/wp\/v2\/product\/9307","targetHints":{"allow":["GET"]}}],"collection":[{"href":"https:\/\/leinfelder-juweler.com\/en\/wp-json\/wp\/v2\/product"}],"about":[{"href":"https:\/\/leinfelder-juweler.com\/en\/wp-json\/wp\/v2\/types\/product"}],"replies":[{"embeddable":true,"href":"https:\/\/leinfelder-juweler.com\/en\/wp-json\/wp\/v2\/comments?post=9307"}],"wp:featuredmedia":[{"embeddable":true,"href":"https:\/\/leinfelder-juweler.com\/en\/wp-json\/wp\/v2\/media\/10573"}],"wp:attachment":[{"href":"https:\/\/leinfelder-juweler.com\/en\/wp-json\/wp\/v2\/media?parent=9307"}],"wp:term":[{"taxonomy":"product_brand","embeddable":true,"href":"https:\/\/leinfelder-juweler.com\/en\/wp-json\/wp\/v2\/product_brand?post=9307"},{"taxonomy":"product_cat","embeddable":true,"href":"https:\/\/leinfelder-juweler.com\/en\/wp-json\/wp\/v2\/product_cat?post=9307"},{"taxonomy":"product_tag","embeddable":true,"href":"https:\/\/leinfelder-juweler.com\/en\/wp-json\/wp\/v2\/product_tag?post=9307"}],"curies":[{"name":"wp","href":"https:\/\/api.w.org\/{rel}","templated":true}]}}