{"id":9308,"date":"2025-11-20T18:14:52","date_gmt":"2025-11-20T15:14:52","guid":{"rendered":"https:\/\/leinfelder-juweler.com\/?post_type=product&#038;p=9308"},"modified":"2025-11-20T20:47:27","modified_gmt":"2025-11-20T17:47:27","slug":"vario-ohrschmuck-set-140","status":"publish","type":"product","link":"https:\/\/leinfelder-juweler.com\/en\/product\/vario-ohrschmuck-set-140\/","title":{"rendered":"Vario Ohrschmuck Set"},"content":{"rendered":"<p><strong>Vario Ohrschmuck Set aus Ohrsteckern und Einh\u00e4ngern: <\/strong><\/p>\n<p><strong>Oberteile:\u00a0<\/strong>Ohrstecker \u201eVario\u201c<span>\u00a0rund<\/span><\/p>\n<p><strong>Material: <\/strong>750 Yellow Gold<\/p>\n<p><strong>Ma\u00dfe: <\/strong><span data-mce-fragment=\"1\" lang=\"EN-US\">\u00d8 12,75 mm rund, konvex<\/span><\/p>\n<p><strong>Einh\u00e4nger:<\/strong>\u00a0Einh\u00e4nger mit Rubelliten\u00a0und Mondstein Pampeln<\/p>\n<p><strong>Material:\u00a0<\/strong>750 Yellow Gold<\/p>\n<p><strong>Stones:\u00a0<\/strong>2 Rubellite 0,48ct\u00a0\u00d8 4,0 mm rund facettiert\u00a0und orange Mondstein Pampeln<\/p>\n<p>23,45 ct \/ 22 x 12,8 mm<span>\u00a0\u00a0\u00a0\u00a0\u00a0\u00a0\u00a0\u00a0\u00a0\u00a0\u00a0\u00a0\u00a0\u00a0\u00a0\u00a0\u00a0 <\/span><\/p>\n<p><strong>Unser Vario Ohrschmuck aus 750 Gelb- oder Wei\u00dfgold bietet vielseitige Kombinationsm\u00f6glichkeiten. Die Oberteile k\u00f6nnen separat getragen werden und lassen sich mit einer Vielzahl von Einh\u00e4ngern erg\u00e4nzen.\u00a0<br \/>Bezaubernd, anmutig und vielseitig, eine Bereicherung f\u00fcr jeden Anlass.\u00a0<br \/>Das Auswechseln der Einh\u00e4nger ist einfach und sicher.\u00a0<br \/>Die Oberteile sind als Clip oder Stecker erh\u00e4ltlich.<\/strong><\/p>\n<p><strong>Bestechende Einfachheit beschreiben die Oberteile dieser Vario-Ohrschmuck Kombination. Mit den Einh\u00e4ngern in angesagtem pink\/orange wird es ein gro\u00dfer Auftritt.<\/strong><\/p>\n<p><strong><\/strong><\/p>","protected":false},"excerpt":{"rendered":"<p>Vario Ohrschmuck Set aus Ohrsteckern und Einh\u00e4ngern: Oberteile:\u00a0Ohrstecker \u201eVario\u201c\u00a0rund Material: 750 Gelbgold Ma\u00dfe: \u00d8 12,75 mm rund, konvex Einh\u00e4nger:\u00a0Einh\u00e4nger mit Rubelliten\u00a0und Mondstein Pampeln Material:\u00a0750 Gelbgold Steine:\u00a02 Rubellite 0,48ct\u00a0\u00d8 4,0 mm rund facettiert\u00a0und orange Mondstein Pampeln 23,45 ct \/ 22 x 12,8 mm\u00a0\u00a0\u00a0\u00a0\u00a0\u00a0\u00a0\u00a0\u00a0\u00a0\u00a0\u00a0\u00a0\u00a0\u00a0\u00a0\u00a0 Unser Vario Ohrschmuck aus 750 Gelb- oder Wei\u00dfgold bietet vielseitige Kombinationsm\u00f6glichkeiten. Die Oberteile [&hellip;]<\/p>","protected":false},"featured_media":10574,"comment_status":"open","ping_status":"closed","template":"","meta":{"_acf_changed":false,"_et_pb_use_builder":"","_et_pb_old_content":"","_et_gb_content_width":"","inline_featured_image":false},"product_brand":[332],"product_cat":[331],"product_tag":[],"class_list":{"0":"post-9308","1":"product","2":"type-product","3":"status-publish","4":"has-post-thumbnail","6":"product_brand-leinfelder","7":"product_cat-ohrschmuck","9":"first","10":"outofstock","11":"shipping-taxable","12":"purchasable","13":"product-type-simple"},"acf":[],"_links":{"self":[{"href":"https:\/\/leinfelder-juweler.com\/en\/wp-json\/wp\/v2\/product\/9308","targetHints":{"allow":["GET"]}}],"collection":[{"href":"https:\/\/leinfelder-juweler.com\/en\/wp-json\/wp\/v2\/product"}],"about":[{"href":"https:\/\/leinfelder-juweler.com\/en\/wp-json\/wp\/v2\/types\/product"}],"replies":[{"embeddable":true,"href":"https:\/\/leinfelder-juweler.com\/en\/wp-json\/wp\/v2\/comments?post=9308"}],"wp:featuredmedia":[{"embeddable":true,"href":"https:\/\/leinfelder-juweler.com\/en\/wp-json\/wp\/v2\/media\/10574"}],"wp:attachment":[{"href":"https:\/\/leinfelder-juweler.com\/en\/wp-json\/wp\/v2\/media?parent=9308"}],"wp:term":[{"taxonomy":"product_brand","embeddable":true,"href":"https:\/\/leinfelder-juweler.com\/en\/wp-json\/wp\/v2\/product_brand?post=9308"},{"taxonomy":"product_cat","embeddable":true,"href":"https:\/\/leinfelder-juweler.com\/en\/wp-json\/wp\/v2\/product_cat?post=9308"},{"taxonomy":"product_tag","embeddable":true,"href":"https:\/\/leinfelder-juweler.com\/en\/wp-json\/wp\/v2\/product_tag?post=9308"}],"curies":[{"name":"wp","href":"https:\/\/api.w.org\/{rel}","templated":true}]}}