{"id":9313,"date":"2025-11-20T18:14:54","date_gmt":"2025-11-20T15:14:54","guid":{"rendered":"https:\/\/leinfelder-juweler.com\/?post_type=product&#038;p=9313"},"modified":"2025-11-20T20:48:01","modified_gmt":"2025-11-20T17:48:01","slug":"vario-ohrschmuck-oberteile-mit-grauen-mondsteinen-und-pink-saphiren","status":"publish","type":"product","link":"https:\/\/leinfelder-juweler.com\/en\/product\/vario-ohrschmuck-oberteile-mit-grauen-mondsteinen-und-pink-saphiren\/","title":{"rendered":"Vario Ohrschmuck Oberteile mit grauen Mondsteinen und pink Saphiren"},"content":{"rendered":"<p><strong>Vario Ohrschmuck Oberteile kombinierbar mit verschiedenen Einh\u00e4ngern:<\/strong><\/p>\n<p><strong>Ohrstecker mit grauen Mondstein Cabochons und pink Saphiren<br \/><\/strong><\/p>\n<p><strong>Material: <\/strong>750 Yellow Gold<\/p>\n<p><strong>Stones:\u00a0<\/strong>graue Mondsteine<span>\u00a0 <\/span>11,53 ct<span>\u00a0 <\/span>\u00d8 11,7 mm rund und\u00a072 pink Saphire \u00d8 1,1 mm<strong><br \/><\/strong><\/p>\n<p><strong>Eine bezaubernde Kombination! Ein Kranz von pink Saphiren im Brillantschliff umschmeichelt die anthrazitfarbenen Mondsteine.<\/strong><\/p>\n<p><strong>Die raffinierte Einh\u00e4ngevorrichtung bietet unz\u00e4hlige M\u00f6glichkeiten zu variieren.<\/strong><\/p>","protected":false},"excerpt":{"rendered":"<p>Vario Ohrschmuck Oberteile kombinierbar mit verschiedenen Einh\u00e4ngern: Ohrstecker mit grauen Mondstein Cabochons und pink Saphiren Material: 750 Gelbgold Steine:\u00a0graue Mondsteine\u00a0 11,53 ct\u00a0 \u00d8 11,7 mm rund und\u00a072 pink Saphire \u00d8 1,1 mm Eine bezaubernde Kombination! Ein Kranz von pink Saphiren im Brillantschliff umschmeichelt die anthrazitfarbenen Mondsteine. Die raffinierte Einh\u00e4ngevorrichtung bietet unz\u00e4hlige M\u00f6glichkeiten zu variieren.<\/p>","protected":false},"featured_media":10579,"comment_status":"open","ping_status":"closed","template":"","meta":{"_acf_changed":false,"_et_pb_use_builder":"","_et_pb_old_content":"","_et_gb_content_width":"","inline_featured_image":false},"product_brand":[332],"product_cat":[331],"product_tag":[],"class_list":{"0":"post-9313","1":"product","2":"type-product","3":"status-publish","4":"has-post-thumbnail","6":"product_brand-leinfelder","7":"product_cat-ohrschmuck","9":"first","10":"outofstock","11":"shipping-taxable","12":"purchasable","13":"product-type-simple"},"acf":[],"_links":{"self":[{"href":"https:\/\/leinfelder-juweler.com\/en\/wp-json\/wp\/v2\/product\/9313","targetHints":{"allow":["GET"]}}],"collection":[{"href":"https:\/\/leinfelder-juweler.com\/en\/wp-json\/wp\/v2\/product"}],"about":[{"href":"https:\/\/leinfelder-juweler.com\/en\/wp-json\/wp\/v2\/types\/product"}],"replies":[{"embeddable":true,"href":"https:\/\/leinfelder-juweler.com\/en\/wp-json\/wp\/v2\/comments?post=9313"}],"wp:featuredmedia":[{"embeddable":true,"href":"https:\/\/leinfelder-juweler.com\/en\/wp-json\/wp\/v2\/media\/10579"}],"wp:attachment":[{"href":"https:\/\/leinfelder-juweler.com\/en\/wp-json\/wp\/v2\/media?parent=9313"}],"wp:term":[{"taxonomy":"product_brand","embeddable":true,"href":"https:\/\/leinfelder-juweler.com\/en\/wp-json\/wp\/v2\/product_brand?post=9313"},{"taxonomy":"product_cat","embeddable":true,"href":"https:\/\/leinfelder-juweler.com\/en\/wp-json\/wp\/v2\/product_cat?post=9313"},{"taxonomy":"product_tag","embeddable":true,"href":"https:\/\/leinfelder-juweler.com\/en\/wp-json\/wp\/v2\/product_tag?post=9313"}],"curies":[{"name":"wp","href":"https:\/\/api.w.org\/{rel}","templated":true}]}}