{"id":9318,"date":"2025-11-20T18:14:56","date_gmt":"2025-11-20T15:14:56","guid":{"rendered":"https:\/\/leinfelder-juweler.com\/?post_type=product&#038;p=9318"},"modified":"2025-11-20T20:48:32","modified_gmt":"2025-11-20T17:48:32","slug":"bandring-750-gelbgold-mit-rosenquarz-cabochon","status":"publish","type":"product","link":"https:\/\/leinfelder-juweler.com\/en\/product\/bandring-750-gelbgold-mit-rosenquarz-cabochon\/","title":{"rendered":"Bandring 750 Gelbgold mit Rosenquarz Cabochon"},"content":{"rendered":"<p><strong>Bandring mit <span data-mce-fragment=\"1\">Rosenquarz Cabochon<\/span><\/strong><\/p>\n<p><strong>Material:\u00a0<\/strong>750 Yellow Gold<\/p>\n<p><strong>Stein:\u00a0<\/strong>10,89\u00a0ct Rosenquarz Cabochon 16 x 12 mm<\/p>\n<p class=\"MsoNormal\" style=\"margin-bottom: .0001pt;\"><b style=\"mso-bidi-font-weight: normal;\">Handschmeichler!<\/b><\/p>\n<p><strong><b style=\"mso-bidi-font-weight: normal;\"><span style=\"font-size: 11.0pt; line-height: 115%; font-family: 'Calibri',sans-serif; mso-ascii-theme-font: minor-latin; mso-fareast-font-family: Calibri; mso-fareast-theme-font: minor-latin; mso-hansi-theme-font: minor-latin; mso-bidi-font-family: 'Times New Roman'; mso-bidi-theme-font: minor-bidi; mso-ansi-language: DE; mso-fareast-language: EN-US; mso-bidi-language: AR-SA;\">Unsere Bandringe verk\u00f6rpern schlichte Eleganz. Der quer gefasste Edelstein und die flie\u00dfende Form die sich zu beiden Seiten verj\u00fcngt, verleihen ihnen eine einzigartige \u00c4sthetik. Gefertigt aus 750 Gelb-, Ros\u00e9- oder Wei\u00dfgold, betonen hochwertige, farbige Edelsteine im Cabochon- oder Facettenschliff die zeitlose Sch\u00f6nheit.<\/span><\/b><\/strong><\/p>\n<p><b>Hinweis: <\/b>Unsere Ringe sind in der angegebenen Gr\u00f6\u00dfe sofort lieferbar. Sollten sie sich einen Ring in einer anderen Gr\u00f6\u00dfe w\u00fcnschen, kontaktieren sie uns bitte. Wir informieren sie gerne \u00fcber die M\u00f6glichkeit und Dauer von Gr\u00f6\u00dfenanpassungen.<\/p>\n<p><\/p>","protected":false},"excerpt":{"rendered":"<p>Bandring mit Rosenquarz Cabochon Material:\u00a0750 Gelbgold Stein:\u00a010,89\u00a0ct Rosenquarz Cabochon 16 x 12 mm Handschmeichler! Unsere Bandringe verk\u00f6rpern schlichte Eleganz. Der quer gefasste Edelstein und die flie\u00dfende Form die sich zu beiden Seiten verj\u00fcngt, verleihen ihnen eine einzigartige \u00c4sthetik. Gefertigt aus 750 Gelb-, Ros\u00e9- oder Wei\u00dfgold, betonen hochwertige, farbige Edelsteine im Cabochon- oder Facettenschliff die zeitlose [&hellip;]<\/p>","protected":false},"featured_media":10584,"comment_status":"open","ping_status":"closed","template":"","meta":{"_acf_changed":false,"_et_pb_use_builder":"","_et_pb_old_content":"","_et_gb_content_width":"","inline_featured_image":false},"product_brand":[332],"product_cat":[295],"product_tag":[],"class_list":{"0":"post-9318","1":"product","2":"type-product","3":"status-publish","4":"has-post-thumbnail","6":"product_brand-leinfelder","7":"product_cat-ringe","9":"first","10":"outofstock","11":"shipping-taxable","12":"purchasable","13":"product-type-simple"},"acf":[],"_links":{"self":[{"href":"https:\/\/leinfelder-juweler.com\/en\/wp-json\/wp\/v2\/product\/9318","targetHints":{"allow":["GET"]}}],"collection":[{"href":"https:\/\/leinfelder-juweler.com\/en\/wp-json\/wp\/v2\/product"}],"about":[{"href":"https:\/\/leinfelder-juweler.com\/en\/wp-json\/wp\/v2\/types\/product"}],"replies":[{"embeddable":true,"href":"https:\/\/leinfelder-juweler.com\/en\/wp-json\/wp\/v2\/comments?post=9318"}],"wp:featuredmedia":[{"embeddable":true,"href":"https:\/\/leinfelder-juweler.com\/en\/wp-json\/wp\/v2\/media\/10584"}],"wp:attachment":[{"href":"https:\/\/leinfelder-juweler.com\/en\/wp-json\/wp\/v2\/media?parent=9318"}],"wp:term":[{"taxonomy":"product_brand","embeddable":true,"href":"https:\/\/leinfelder-juweler.com\/en\/wp-json\/wp\/v2\/product_brand?post=9318"},{"taxonomy":"product_cat","embeddable":true,"href":"https:\/\/leinfelder-juweler.com\/en\/wp-json\/wp\/v2\/product_cat?post=9318"},{"taxonomy":"product_tag","embeddable":true,"href":"https:\/\/leinfelder-juweler.com\/en\/wp-json\/wp\/v2\/product_tag?post=9318"}],"curies":[{"name":"wp","href":"https:\/\/api.w.org\/{rel}","templated":true}]}}