{"id":9323,"date":"2025-11-20T18:14:58","date_gmt":"2025-11-20T15:14:58","guid":{"rendered":"https:\/\/leinfelder-juweler.com\/?post_type=product&#038;p=9323"},"modified":"2025-11-20T20:49:11","modified_gmt":"2025-11-20T17:49:11","slug":"bandring-mit-drachenmuster-und-turmalinkatzenauge-2","status":"publish","type":"product","link":"https:\/\/leinfelder-juweler.com\/en\/product\/bandring-mit-drachenmuster-und-turmalinkatzenauge-2\/","title":{"rendered":"Bandring mit Drachenmuster und Turmalinkatzenauge"},"content":{"rendered":"<p><strong>Bandring mit Drachenmuster<\/strong><\/p>\n<p><strong>Material: <\/strong>750 Yellow Gold\u00a0<\/p>\n<p><strong>Stein:\u00a0<\/strong><span data-mce-fragment=\"1\" lang=\"EN-US\">Turmalinkatzenauge 11 x 9<span data-mce-fragment=\"1\">\u00a0 <\/span>mm<\/span><span data-mce-fragment=\"1\"><\/span><\/p>\n<p><strong>Die Struktur der Oberfl\u00e4che ist die Besonderheit an diesem Bandring aus unserer Kollektion \u201eGl\u00fccksdrache\u201c.<\/strong><\/p>\n<p><strong>Die Form verj\u00fcngt sich flie\u00dfend zu beiden Seiten. Das Turmalinkatzenauge\u00a0 mit seinem besonderen Lichtspiel unterstreicht die Mystik, die so einen Drachen umgibt.<\/strong><\/p>\n<p><b>Hinweis: <\/b>Unsere Ringe sind in der angegebenen Gr\u00f6\u00dfe sofort lieferbar. Sollten sie sich einen Ring in einer anderen Gr\u00f6\u00dfe w\u00fcnschen, kontaktieren sie uns bitte. Wir informieren sie gerne \u00fcber die M\u00f6glichkeit und Dauer von Gr\u00f6\u00dfenanpassungen.<\/p>\n<p data-mce-fragment=\"1\">\u00a0<\/p>\n<p><\/p>","protected":false},"excerpt":{"rendered":"<p>Bandring mit Drachenmuster Material: 750 Gelbgold\u00a0 Stein:\u00a0Turmalinkatzenauge 11 x 9\u00a0 mm Die Struktur der Oberfl\u00e4che ist die Besonderheit an diesem Bandring aus unserer Kollektion \u201eGl\u00fccksdrache\u201c. Die Form verj\u00fcngt sich flie\u00dfend zu beiden Seiten. Das Turmalinkatzenauge\u00a0 mit seinem besonderen Lichtspiel unterstreicht die Mystik, die so einen Drachen umgibt. Hinweis: Unsere Ringe sind in der angegebenen Gr\u00f6\u00dfe [&hellip;]<\/p>","protected":false},"featured_media":10589,"comment_status":"open","ping_status":"closed","template":"","meta":{"_acf_changed":false,"_et_pb_use_builder":"","_et_pb_old_content":"","_et_gb_content_width":"","inline_featured_image":false},"product_brand":[332],"product_cat":[295],"product_tag":[],"class_list":{"0":"post-9323","1":"product","2":"type-product","3":"status-publish","4":"has-post-thumbnail","6":"product_brand-leinfelder","7":"product_cat-ringe","9":"first","10":"outofstock","11":"shipping-taxable","12":"purchasable","13":"product-type-simple"},"acf":[],"_links":{"self":[{"href":"https:\/\/leinfelder-juweler.com\/en\/wp-json\/wp\/v2\/product\/9323","targetHints":{"allow":["GET"]}}],"collection":[{"href":"https:\/\/leinfelder-juweler.com\/en\/wp-json\/wp\/v2\/product"}],"about":[{"href":"https:\/\/leinfelder-juweler.com\/en\/wp-json\/wp\/v2\/types\/product"}],"replies":[{"embeddable":true,"href":"https:\/\/leinfelder-juweler.com\/en\/wp-json\/wp\/v2\/comments?post=9323"}],"wp:featuredmedia":[{"embeddable":true,"href":"https:\/\/leinfelder-juweler.com\/en\/wp-json\/wp\/v2\/media\/10589"}],"wp:attachment":[{"href":"https:\/\/leinfelder-juweler.com\/en\/wp-json\/wp\/v2\/media?parent=9323"}],"wp:term":[{"taxonomy":"product_brand","embeddable":true,"href":"https:\/\/leinfelder-juweler.com\/en\/wp-json\/wp\/v2\/product_brand?post=9323"},{"taxonomy":"product_cat","embeddable":true,"href":"https:\/\/leinfelder-juweler.com\/en\/wp-json\/wp\/v2\/product_cat?post=9323"},{"taxonomy":"product_tag","embeddable":true,"href":"https:\/\/leinfelder-juweler.com\/en\/wp-json\/wp\/v2\/product_tag?post=9323"}],"curies":[{"name":"wp","href":"https:\/\/api.w.org\/{rel}","templated":true}]}}