{"id":9325,"date":"2025-11-20T18:14:58","date_gmt":"2025-11-20T15:14:58","guid":{"rendered":"https:\/\/leinfelder-juweler.com\/?post_type=product&#038;p=9325"},"modified":"2025-11-20T20:49:23","modified_gmt":"2025-11-20T17:49:23","slug":"anhaenger-750-gelbgold-gecko-gross","status":"publish","type":"product","link":"https:\/\/leinfelder-juweler.com\/en\/product\/anhaenger-750-gelbgold-gecko-gross\/","title":{"rendered":"Anh\u00e4nger 750 Gelbgold Gecko gro\u00df"},"content":{"rendered":"<p data-mce-fragment=\"1\"><strong>Anh\u00e4nger 750 Gelbgold Gecko gro\u00df <\/strong><\/p>\n<p data-mce-fragment=\"1\"><strong>Material: <\/strong>750 Yellow Gold<\/p>\n<p data-mce-fragment=\"1\"><strong>Stein:<\/strong> Amethyst dunkel 29 x 22 mm<\/p>\n<p><strong>Geckos bevorzugen und vermitteln eine harmonische Atmosph\u00e4re. Unser Gecko ist bis ins Detail liebevoll ausgearbeitet, sogar die\u00a0 Halsfalten sind erkennbar und laden zum Streicheln ein. Der leuchtende Amethyst schmeichelt dem warmen Farbton des Goldes.<\/strong><\/p>\n<p>\u00a0<\/p>\n<p><strong>Passend zu diesem Anh\u00e4nger empfehlen wir eine der folgenden Ketten: <\/strong><\/p>\n<p><strong>Ovale Erbskette  4,4 mm \/ 63 cm:<\/strong><\/p>\n<p><a href=\"https:\/\/shop.leinfelder-goldschmiede.de\/products\/ovale-erbskette-4-4-63-cm\"><img decoding=\"async\" alt=\"Ovale Erbskette  4,4 mm \/ 63 cm\" src=\"https:\/\/cdn.shopify.com\/s\/files\/1\/0537\/7205\/8797\/files\/38_55_19_D_4_4_zugeschnitten.jpg?v=1616745740\" target=\"_blank\" rel=\"noopener\"><\/a><\/p>\n<p><strong>Satinband mit Bajonett 2,7 mm \/ 50 cm:<\/strong><\/p>\n<p><a href=\"https:\/\/shop.leinfelder-goldschmiede.de\/products\/satinband-mit-bajonett-2-7-mm-50-cm\"><img decoding=\"async\" alt=\"Satinband mit Bajonett 2,7 mm \/ 50 cm\" src=\"https:\/\/cdn.shopify.com\/s\/files\/1\/0537\/7205\/8797\/files\/97_55_433_Satinband_mit_Bajonett_2_7_mm_zugeschnitten.jpg?v=1616748928\"><\/a><\/p>","protected":false},"excerpt":{"rendered":"<p>Anh\u00e4nger 750 Gelbgold Gecko gro\u00df Material: 750 Gelbgold Stein: Amethyst dunkel 29 x 22 mm Geckos bevorzugen und vermitteln eine harmonische Atmosph\u00e4re. Unser Gecko ist bis ins Detail liebevoll ausgearbeitet, sogar die\u00a0 Halsfalten sind erkennbar und laden zum Streicheln ein. Der leuchtende Amethyst schmeichelt dem warmen Farbton des Goldes. \u00a0 Passend zu diesem Anh\u00e4nger empfehlen [&hellip;]<\/p>","protected":false},"featured_media":10591,"comment_status":"open","ping_status":"closed","template":"","meta":{"_acf_changed":false,"_et_pb_use_builder":"","_et_pb_old_content":"","_et_gb_content_width":"","inline_featured_image":false},"product_brand":[332],"product_cat":[333],"product_tag":[],"class_list":{"0":"post-9325","1":"product","2":"type-product","3":"status-publish","4":"has-post-thumbnail","6":"product_brand-leinfelder","7":"product_cat-halsschmuck","9":"first","10":"outofstock","11":"sold-individually","12":"shipping-taxable","13":"purchasable","14":"product-type-simple"},"acf":[],"_links":{"self":[{"href":"https:\/\/leinfelder-juweler.com\/en\/wp-json\/wp\/v2\/product\/9325","targetHints":{"allow":["GET"]}}],"collection":[{"href":"https:\/\/leinfelder-juweler.com\/en\/wp-json\/wp\/v2\/product"}],"about":[{"href":"https:\/\/leinfelder-juweler.com\/en\/wp-json\/wp\/v2\/types\/product"}],"replies":[{"embeddable":true,"href":"https:\/\/leinfelder-juweler.com\/en\/wp-json\/wp\/v2\/comments?post=9325"}],"wp:featuredmedia":[{"embeddable":true,"href":"https:\/\/leinfelder-juweler.com\/en\/wp-json\/wp\/v2\/media\/10591"}],"wp:attachment":[{"href":"https:\/\/leinfelder-juweler.com\/en\/wp-json\/wp\/v2\/media?parent=9325"}],"wp:term":[{"taxonomy":"product_brand","embeddable":true,"href":"https:\/\/leinfelder-juweler.com\/en\/wp-json\/wp\/v2\/product_brand?post=9325"},{"taxonomy":"product_cat","embeddable":true,"href":"https:\/\/leinfelder-juweler.com\/en\/wp-json\/wp\/v2\/product_cat?post=9325"},{"taxonomy":"product_tag","embeddable":true,"href":"https:\/\/leinfelder-juweler.com\/en\/wp-json\/wp\/v2\/product_tag?post=9325"}],"curies":[{"name":"wp","href":"https:\/\/api.w.org\/{rel}","templated":true}]}}