{"id":9327,"date":"2025-11-20T18:14:59","date_gmt":"2025-11-20T15:14:59","guid":{"rendered":"https:\/\/leinfelder-juweler.com\/?post_type=product&#038;p=9327"},"modified":"2025-11-20T20:49:33","modified_gmt":"2025-11-20T17:49:33","slug":"armreif-750-gelbgold-mit-ebenholz-3","status":"publish","type":"product","link":"https:\/\/leinfelder-juweler.com\/en\/product\/armreif-750-gelbgold-mit-ebenholz-3\/","title":{"rendered":"Armreif 750 Gelbgold\n mit Ebenholz"},"content":{"rendered":"<p data-mce-fragment=\"1\"><strong>Armreif 750 Gelbgold mit Ebenholz <\/strong><\/p>\n<p data-mce-fragment=\"1\"><strong>Material: <\/strong>750 Gelbgold, Ebenholz<\/p>\n<p data-mce-fragment=\"1\"><strong>Ma\u00dfe: <\/strong>16 mm breit \/ 7,3 mm hoch 48 x 60 mm innen <\/p>\n<p><strong>Schwarzes Ebenholz, eingebettet in einen Armreif aus warmem Gelbgold bewirkt den Charme dieses Meisterst\u00fcckes.<\/strong><\/p>\n<p><strong>Der Querschnitt ist oval, die Innenfl\u00e4che ist leicht gew\u00f6lbt und poliert \u2013 das sorgt f\u00fcr den wunderbaren Tragekomfort.<\/strong><\/p>","protected":false},"excerpt":{"rendered":"<p>Armreif 750 Gelbgold mit Ebenholz Material: 750 Gelbgold, Ebenholz Ma\u00dfe: 16 mm breit \/ 7,3 mm hoch 48 x 60 mm innen Schwarzes Ebenholz, eingebettet in einen Armreif aus warmem Gelbgold bewirkt den Charme dieses Meisterst\u00fcckes. Der Querschnitt ist oval, die Innenfl\u00e4che ist leicht gew\u00f6lbt und poliert \u2013 das sorgt f\u00fcr den wunderbaren Tragekomfort.<\/p>","protected":false},"featured_media":10593,"comment_status":"open","ping_status":"closed","template":"","meta":{"_acf_changed":false,"_et_pb_use_builder":"","_et_pb_old_content":"","_et_gb_content_width":"","inline_featured_image":false},"product_brand":[332],"product_cat":[335],"product_tag":[],"class_list":{"0":"post-9327","1":"product","2":"type-product","3":"status-publish","4":"has-post-thumbnail","6":"product_brand-leinfelder","7":"product_cat-armschmuck","9":"first","10":"outofstock","11":"shipping-taxable","12":"purchasable","13":"product-type-simple"},"acf":[],"_links":{"self":[{"href":"https:\/\/leinfelder-juweler.com\/en\/wp-json\/wp\/v2\/product\/9327","targetHints":{"allow":["GET"]}}],"collection":[{"href":"https:\/\/leinfelder-juweler.com\/en\/wp-json\/wp\/v2\/product"}],"about":[{"href":"https:\/\/leinfelder-juweler.com\/en\/wp-json\/wp\/v2\/types\/product"}],"replies":[{"embeddable":true,"href":"https:\/\/leinfelder-juweler.com\/en\/wp-json\/wp\/v2\/comments?post=9327"}],"wp:featuredmedia":[{"embeddable":true,"href":"https:\/\/leinfelder-juweler.com\/en\/wp-json\/wp\/v2\/media\/10593"}],"wp:attachment":[{"href":"https:\/\/leinfelder-juweler.com\/en\/wp-json\/wp\/v2\/media?parent=9327"}],"wp:term":[{"taxonomy":"product_brand","embeddable":true,"href":"https:\/\/leinfelder-juweler.com\/en\/wp-json\/wp\/v2\/product_brand?post=9327"},{"taxonomy":"product_cat","embeddable":true,"href":"https:\/\/leinfelder-juweler.com\/en\/wp-json\/wp\/v2\/product_cat?post=9327"},{"taxonomy":"product_tag","embeddable":true,"href":"https:\/\/leinfelder-juweler.com\/en\/wp-json\/wp\/v2\/product_tag?post=9327"}],"curies":[{"name":"wp","href":"https:\/\/api.w.org\/{rel}","templated":true}]}}