{"id":9328,"date":"2025-11-20T18:14:59","date_gmt":"2025-11-20T15:14:59","guid":{"rendered":"https:\/\/leinfelder-juweler.com\/?post_type=product&#038;p=9328"},"modified":"2025-11-20T20:49:39","modified_gmt":"2025-11-20T17:49:39","slug":"armreif-750-weissgold","status":"publish","type":"product","link":"https:\/\/leinfelder-juweler.com\/en\/product\/armreif-750-weissgold\/","title":{"rendered":"Armreif 750 Wei\u00dfgold"},"content":{"rendered":"<p data-mce-fragment=\"1\"><strong>Armreif 750 Wei\u00dfgold<\/strong><\/p>\n<p data-mce-fragment=\"1\"><strong>Material: <\/strong>750 Wei\u00dfgold<\/p>\n<p data-mce-fragment=\"1\"><strong>Ma\u00dfe: <\/strong>8,5 mm breit Innen ca. 61 x 53 mm\u00a0<\/p>\n<p class=\"MsoNormal\"><strong><span style=\"font-size: 11.0pt; font-family: 'Calibri',sans-serif; mso-ascii-theme-font: minor-latin; mso-hansi-theme-font: minor-latin; mso-bidi-theme-font: minor-latin;\">Pur- Schlichte Eleganz in reinem Gold.<\/span><\/strong><span style=\"font-size: 11.0pt; font-family: 'Calibri',sans-serif; mso-ascii-theme-font: minor-latin; mso-hansi-theme-font: minor-latin; mso-bidi-theme-font: minor-latin;\"><br \/><strong><span style=\"font-family: 'Calibri',sans-serif; mso-ascii-theme-font: minor-latin; mso-hansi-theme-font: minor-latin; mso-bidi-theme-font: minor-latin;\">Unsere &#8218;Pur&#8216;-Kollektion besticht durch ihre klare, unverf\u00e4lschte Formensprache. In 750 Gold gefertigt, ohne den Einsatz von Edelsteinen, verk\u00f6rpern diese Schmuckst\u00fccke zeitlose Sch\u00f6nheit und reduzierte Eleganz. Perfekt f\u00fcr alle, die das Wesentliche sch\u00e4tzen und den Luxus der Einfachheit lieben.<\/span><\/strong><\/span><\/p>\n<p><strong>Der Querschnitt ist oval, die Innenfl\u00e4che ist leicht gew\u00f6lbt und poliert \u2013 das sorgt f\u00fcr den wunderbaren Tragekomfort dieses Armreifs.<\/strong><\/p>\n<p><strong><br \/><\/strong><\/p>","protected":false},"excerpt":{"rendered":"<p>Armreif 750 Wei\u00dfgold Material: 750 Wei\u00dfgold Ma\u00dfe: 8,5 mm breit Innen ca. 61 x 53 mm\u00a0 Pur- Schlichte Eleganz in reinem Gold.Unsere &#8218;Pur&#8216;-Kollektion besticht durch ihre klare, unverf\u00e4lschte Formensprache. In 750 Gold gefertigt, ohne den Einsatz von Edelsteinen, verk\u00f6rpern diese Schmuckst\u00fccke zeitlose Sch\u00f6nheit und reduzierte Eleganz. Perfekt f\u00fcr alle, die das Wesentliche sch\u00e4tzen und den [&hellip;]<\/p>","protected":false},"featured_media":10594,"comment_status":"open","ping_status":"closed","template":"","meta":{"_acf_changed":false,"_et_pb_use_builder":"","_et_pb_old_content":"","_et_gb_content_width":"","inline_featured_image":false},"product_brand":[332],"product_cat":[335],"product_tag":[],"class_list":{"0":"post-9328","1":"product","2":"type-product","3":"status-publish","4":"has-post-thumbnail","6":"product_brand-leinfelder","7":"product_cat-armschmuck","9":"first","10":"outofstock","11":"shipping-taxable","12":"purchasable","13":"product-type-simple"},"acf":[],"_links":{"self":[{"href":"https:\/\/leinfelder-juweler.com\/en\/wp-json\/wp\/v2\/product\/9328","targetHints":{"allow":["GET"]}}],"collection":[{"href":"https:\/\/leinfelder-juweler.com\/en\/wp-json\/wp\/v2\/product"}],"about":[{"href":"https:\/\/leinfelder-juweler.com\/en\/wp-json\/wp\/v2\/types\/product"}],"replies":[{"embeddable":true,"href":"https:\/\/leinfelder-juweler.com\/en\/wp-json\/wp\/v2\/comments?post=9328"}],"wp:featuredmedia":[{"embeddable":true,"href":"https:\/\/leinfelder-juweler.com\/en\/wp-json\/wp\/v2\/media\/10594"}],"wp:attachment":[{"href":"https:\/\/leinfelder-juweler.com\/en\/wp-json\/wp\/v2\/media?parent=9328"}],"wp:term":[{"taxonomy":"product_brand","embeddable":true,"href":"https:\/\/leinfelder-juweler.com\/en\/wp-json\/wp\/v2\/product_brand?post=9328"},{"taxonomy":"product_cat","embeddable":true,"href":"https:\/\/leinfelder-juweler.com\/en\/wp-json\/wp\/v2\/product_cat?post=9328"},{"taxonomy":"product_tag","embeddable":true,"href":"https:\/\/leinfelder-juweler.com\/en\/wp-json\/wp\/v2\/product_tag?post=9328"}],"curies":[{"name":"wp","href":"https:\/\/api.w.org\/{rel}","templated":true}]}}