{"id":9332,"date":"2025-11-20T18:15:16","date_gmt":"2025-11-20T15:15:16","guid":{"rendered":"https:\/\/leinfelder-juweler.com\/?post_type=product&#038;p=9332"},"modified":"2025-11-20T20:50:06","modified_gmt":"2025-11-20T17:50:06","slug":"solitaerring-750-gelbgold-2","status":"publish","type":"product","link":"https:\/\/leinfelder-juweler.com\/en\/product\/solitaerring-750-gelbgold-2\/","title":{"rendered":"Solit\u00e4rring 750 Gelbgold"},"content":{"rendered":"<p data-mce-fragment=\"1\"><strong>Solit\u00e4rring 750 Gelbgold<\/strong><\/p>\n<p data-mce-fragment=\"1\"><strong>Material: <\/strong>750 Gelbgold, Innenfassung 750 Wei\u00dfgold<\/p>\n<p data-mce-fragment=\"1\"><strong>Stein:<\/strong> Brillant 0,25 ct tw vsi \u00d8 3,95 mm<\/p>\n<p data-mce-fragment=\"1\"><strong>Raffiniert ist die doppelte Fassung, aus 750 Gelb- und Wei\u00dfgold, die den Brillanten so perfekt in Szene setzt.<\/strong><\/p>\n<p><b>Hinweis: <\/b>Unsere Ringe sind in der angegebenen Gr\u00f6\u00dfe sofort lieferbar. Sollten sie sich einen Ring in einer anderen Gr\u00f6\u00dfe w\u00fcnschen, kontaktieren sie uns bitte. Wir informieren sie gerne \u00fcber die M\u00f6glichkeit und Dauer von Gr\u00f6\u00dfenanpassungen.<\/p>","protected":false},"excerpt":{"rendered":"<p>Solit\u00e4rring 750 Gelbgold Material: 750 Gelbgold, Innenfassung 750 Wei\u00dfgold Stein: Brillant 0,25 ct tw vsi \u00d8 3,95 mm Raffiniert ist die doppelte Fassung, aus 750 Gelb- und Wei\u00dfgold, die den Brillanten so perfekt in Szene setzt. Hinweis: Unsere Ringe sind in der angegebenen Gr\u00f6\u00dfe sofort lieferbar. Sollten sie sich einen Ring in einer anderen Gr\u00f6\u00dfe [&hellip;]<\/p>","protected":false},"featured_media":10598,"comment_status":"open","ping_status":"closed","template":"","meta":{"_acf_changed":false,"_et_pb_use_builder":"","_et_pb_old_content":"","_et_gb_content_width":"","inline_featured_image":false},"product_brand":[332],"product_cat":[295],"product_tag":[246],"class_list":{"0":"post-9332","1":"product","2":"type-product","3":"status-publish","4":"has-post-thumbnail","6":"product_brand-leinfelder","7":"product_cat-ringe","8":"product_tag-pave","10":"first","11":"outofstock","12":"shipping-taxable","13":"purchasable","14":"product-type-simple"},"acf":[],"_links":{"self":[{"href":"https:\/\/leinfelder-juweler.com\/en\/wp-json\/wp\/v2\/product\/9332","targetHints":{"allow":["GET"]}}],"collection":[{"href":"https:\/\/leinfelder-juweler.com\/en\/wp-json\/wp\/v2\/product"}],"about":[{"href":"https:\/\/leinfelder-juweler.com\/en\/wp-json\/wp\/v2\/types\/product"}],"replies":[{"embeddable":true,"href":"https:\/\/leinfelder-juweler.com\/en\/wp-json\/wp\/v2\/comments?post=9332"}],"wp:featuredmedia":[{"embeddable":true,"href":"https:\/\/leinfelder-juweler.com\/en\/wp-json\/wp\/v2\/media\/10598"}],"wp:attachment":[{"href":"https:\/\/leinfelder-juweler.com\/en\/wp-json\/wp\/v2\/media?parent=9332"}],"wp:term":[{"taxonomy":"product_brand","embeddable":true,"href":"https:\/\/leinfelder-juweler.com\/en\/wp-json\/wp\/v2\/product_brand?post=9332"},{"taxonomy":"product_cat","embeddable":true,"href":"https:\/\/leinfelder-juweler.com\/en\/wp-json\/wp\/v2\/product_cat?post=9332"},{"taxonomy":"product_tag","embeddable":true,"href":"https:\/\/leinfelder-juweler.com\/en\/wp-json\/wp\/v2\/product_tag?post=9332"}],"curies":[{"name":"wp","href":"https:\/\/api.w.org\/{rel}","templated":true}]}}