{"id":9335,"date":"2025-11-20T18:15:17","date_gmt":"2025-11-20T15:15:17","guid":{"rendered":"https:\/\/leinfelder-juweler.com\/?post_type=product&#038;p=9335"},"modified":"2025-11-20T20:50:24","modified_gmt":"2025-11-20T17:50:24","slug":"ring-750-gelbgold-mit-mandaringranat-und-40-brillanten","status":"publish","type":"product","link":"https:\/\/leinfelder-juweler.com\/en\/product\/ring-750-gelbgold-mit-mandaringranat-und-40-brillanten\/","title":{"rendered":"Ring 750 Gelbgold mit Mandaringranat und 40 Brillanten"},"content":{"rendered":"<p data-mce-fragment=\"1\"><strong>Ring 750 Gelbgold mit Mandaringranat und 40 Brillanten <\/strong><\/p>\n<p data-mce-fragment=\"1\"><strong>Material: <\/strong>750 Yellow Gold<\/p>\n<p data-mce-fragment=\"1\"><strong>Stones:<\/strong> Mandaringranat 4,88 ct \u00d8 9,2 mm rund facettiert und 40 Brillanten \u00d8 1,33-1,86 mm gesamt 0,48ct top wesselton vsi<\/p>\n<p class=\"MsoNormal\" style=\"margin-bottom: .0001pt;\"><b style=\"mso-bidi-font-weight: normal;\">Ein stilvoller Ring aus Gelbgold, der durch einen strahlenden Mandaringranat im Zentrum besticht. Der funkelnde Edelstein wird von Brillanten umgeben, die das warme Gelbgold perfekt erg\u00e4nzen. Die Kombination aus dem Mandaringranat und den Brillanten verleiht dem Ring eine schlichte, aber dennoch edle Ausstrahlung. Ein zeitloses Schmuckst\u00fcck, das Eleganz und Alltagstauglichkeit vereint.<\/b><\/p>\n<p><strong><br \/><\/strong><\/p>\n<p data-mce-fragment=\"1\"><strong>Hinweis:\u00a0<\/strong>Unsere Ringe sind in der angegebenen Gr\u00f6\u00dfe sofort lieferbar. Sollten sie sich einen Ring in einer anderen Gr\u00f6\u00dfe w\u00fcnschen, kontaktieren sie uns bitte. Wir informieren sie gerne \u00fcber die M\u00f6glichkeit und Dauer von Gr\u00f6\u00dfenanpassungen.<\/p>","protected":false},"excerpt":{"rendered":"<p>Ring 750 Gelbgold mit Mandaringranat und 40 Brillanten Material: 750 Gelbgold Steine: Mandaringranat 4,88 ct \u00d8 9,2 mm rund facettiert und 40 Brillanten \u00d8 1,33-1,86 mm gesamt 0,48ct top wesselton vsi Ein stilvoller Ring aus Gelbgold, der durch einen strahlenden Mandaringranat im Zentrum besticht. Der funkelnde Edelstein wird von Brillanten umgeben, die das warme Gelbgold [&hellip;]<\/p>","protected":false},"featured_media":10601,"comment_status":"open","ping_status":"closed","template":"","meta":{"_acf_changed":false,"_et_pb_use_builder":"","_et_pb_old_content":"","_et_gb_content_width":"","inline_featured_image":false},"product_brand":[332],"product_cat":[295],"product_tag":[],"class_list":{"0":"post-9335","1":"product","2":"type-product","3":"status-publish","4":"has-post-thumbnail","6":"product_brand-leinfelder","7":"product_cat-ringe","9":"first","10":"outofstock","11":"shipping-taxable","12":"purchasable","13":"product-type-simple"},"acf":[],"_links":{"self":[{"href":"https:\/\/leinfelder-juweler.com\/en\/wp-json\/wp\/v2\/product\/9335","targetHints":{"allow":["GET"]}}],"collection":[{"href":"https:\/\/leinfelder-juweler.com\/en\/wp-json\/wp\/v2\/product"}],"about":[{"href":"https:\/\/leinfelder-juweler.com\/en\/wp-json\/wp\/v2\/types\/product"}],"replies":[{"embeddable":true,"href":"https:\/\/leinfelder-juweler.com\/en\/wp-json\/wp\/v2\/comments?post=9335"}],"wp:featuredmedia":[{"embeddable":true,"href":"https:\/\/leinfelder-juweler.com\/en\/wp-json\/wp\/v2\/media\/10601"}],"wp:attachment":[{"href":"https:\/\/leinfelder-juweler.com\/en\/wp-json\/wp\/v2\/media?parent=9335"}],"wp:term":[{"taxonomy":"product_brand","embeddable":true,"href":"https:\/\/leinfelder-juweler.com\/en\/wp-json\/wp\/v2\/product_brand?post=9335"},{"taxonomy":"product_cat","embeddable":true,"href":"https:\/\/leinfelder-juweler.com\/en\/wp-json\/wp\/v2\/product_cat?post=9335"},{"taxonomy":"product_tag","embeddable":true,"href":"https:\/\/leinfelder-juweler.com\/en\/wp-json\/wp\/v2\/product_tag?post=9335"}],"curies":[{"name":"wp","href":"https:\/\/api.w.org\/{rel}","templated":true}]}}