{"id":9337,"date":"2025-11-20T18:15:18","date_gmt":"2025-11-20T15:15:18","guid":{"rendered":"https:\/\/leinfelder-juweler.com\/?post_type=product&#038;p=9337"},"modified":"2025-11-20T20:50:33","modified_gmt":"2025-11-20T17:50:33","slug":"anhaenger-750-weissgold-mit-aquamarin-4","status":"publish","type":"product","link":"https:\/\/leinfelder-juweler.com\/en\/product\/anhaenger-750-weissgold-mit-aquamarin-4\/","title":{"rendered":"Anh\u00e4nger 750 Wei\u00dfgold mit Aquamarin"},"content":{"rendered":"<p data-mce-fragment=\"1\"><strong>Anh\u00e4nger 750 Wei\u00dfgold mit Aquamarin <\/strong><\/p>\n<p data-mce-fragment=\"1\"><strong>Material: <\/strong>750 Wei\u00dfgold<\/p>\n<p data-mce-fragment=\"1\"><strong>Stones:<\/strong> Aquamarin 0,39 ct \u00d8 5 mm rund facettiert und 45 Brillanten, gesamt 0,295 ct tw vvs<\/p>\n<p><strong><span style=\"font-size: 11.0pt; line-height: 115%; font-family: 'Calibri',sans-serif; mso-ascii-theme-font: minor-latin; mso-fareast-font-family: Calibri; mso-fareast-theme-font: minor-latin; mso-hansi-theme-font: minor-latin; mso-bidi-font-family: 'Times New Roman'; mso-bidi-theme-font: minor-bidi; mso-ansi-language: DE; mso-fareast-language: EN-US; mso-bidi-language: AR-SA;\">Einzigartige Brillanz: Diamantschmuck in meisterhafter Handarbeit.<\/span><span style=\"font-size: 11.0pt; line-height: 115%; font-family: 'Calibri',sans-serif; mso-ascii-theme-font: minor-latin; mso-fareast-font-family: Calibri; mso-fareast-theme-font: minor-latin; mso-hansi-theme-font: minor-latin; mso-bidi-font-family: 'Times New Roman'; mso-bidi-theme-font: minor-bidi; mso-ansi-language: DE; mso-fareast-language: EN-US; mso-bidi-language: AR-SA;\"><br \/><span style=\"font-family: 'Calibri',sans-serif; mso-ascii-theme-font: minor-latin; mso-hansi-theme-font: minor-latin; mso-bidi-font-family: 'Times New Roman'; mso-bidi-theme-font: minor-bidi;\">jedes Schmuckst\u00fcck \u2013 mit Sorgfalt und Hingabe f\u00fcr Sie gefertigt.<\/span><\/span><\/strong><\/p>\n<div data-mce-fragment=\"1\"><strong>Das Zusammenspiel zwischen den f\u00f6rmlich eingewobenen <\/strong><\/div>\n<div data-mce-fragment=\"1\"><strong>glitzernden Brillanten und dem himmelblauen Aquamarin verf\u00fchrt zum Tr\u00e4umen.<\/strong><\/div>\n<p>\u00a0<\/p>\n<p><strong>Passend zu diesem Anh\u00e4nger empfehlen wir eine der folgenden Ketten: <\/strong><\/p>\n<p><strong>Rundankerkette 3,0 mm \/ 45 cm:<\/strong><\/p>\n<p><a href=\"https:\/\/shop.leinfelder-goldschmiede.de\/products\/rundankerkette-3-0-mm-45-cm\"><img decoding=\"async\" src=\"https:\/\/cdn.shopify.com\/s\/files\/1\/0537\/7205\/8797\/files\/45_55_20_Rundankerkette_3_0_mm_zugeschnitten.jpg?v=1616748645\" alt=\"Rundankerkette 3,0 mm \/ 45 cm\"><\/a><\/p>\n<p><strong>Rundankerkette 2,6 mm \/ 43 cm:<\/strong><\/p>\n<p><a href=\"https:\/\/shop.leinfelder-goldschmiede.de\/products\/rundankerkette-2-6-mm-43-cm\"><img decoding=\"async\" src=\"https:\/\/cdn.shopify.com\/s\/files\/1\/0537\/7205\/8797\/files\/45_55_019_B_Rundankerkette_2_6_mm_zugeschnitten.jpg?v=1616748631\" alt=\"Rundankerkette 2,6 mm \/ 43 cm\"><\/a><\/p>","protected":false},"excerpt":{"rendered":"<p>Anh\u00e4nger 750 Wei\u00dfgold mit Aquamarin Material: 750 Wei\u00dfgold Steine: Aquamarin 0,39 ct \u00d8 5 mm rund facettiert und 45 Brillanten, gesamt 0,295 ct tw vvs Einzigartige Brillanz: Diamantschmuck in meisterhafter Handarbeit.jedes Schmuckst\u00fcck \u2013 mit Sorgfalt und Hingabe f\u00fcr Sie gefertigt. Das Zusammenspiel zwischen den f\u00f6rmlich eingewobenen glitzernden Brillanten und dem himmelblauen Aquamarin verf\u00fchrt zum Tr\u00e4umen. [&hellip;]<\/p>","protected":false},"featured_media":10603,"comment_status":"open","ping_status":"closed","template":"","meta":{"_acf_changed":false,"_et_pb_use_builder":"","_et_pb_old_content":"","_et_gb_content_width":"","inline_featured_image":false},"product_brand":[332],"product_cat":[333],"product_tag":[],"class_list":{"0":"post-9337","1":"product","2":"type-product","3":"status-publish","4":"has-post-thumbnail","6":"product_brand-leinfelder","7":"product_cat-halsschmuck","9":"first","10":"instock","11":"shipping-taxable","12":"purchasable","13":"product-type-simple"},"acf":[],"_links":{"self":[{"href":"https:\/\/leinfelder-juweler.com\/en\/wp-json\/wp\/v2\/product\/9337","targetHints":{"allow":["GET"]}}],"collection":[{"href":"https:\/\/leinfelder-juweler.com\/en\/wp-json\/wp\/v2\/product"}],"about":[{"href":"https:\/\/leinfelder-juweler.com\/en\/wp-json\/wp\/v2\/types\/product"}],"replies":[{"embeddable":true,"href":"https:\/\/leinfelder-juweler.com\/en\/wp-json\/wp\/v2\/comments?post=9337"}],"wp:featuredmedia":[{"embeddable":true,"href":"https:\/\/leinfelder-juweler.com\/en\/wp-json\/wp\/v2\/media\/10603"}],"wp:attachment":[{"href":"https:\/\/leinfelder-juweler.com\/en\/wp-json\/wp\/v2\/media?parent=9337"}],"wp:term":[{"taxonomy":"product_brand","embeddable":true,"href":"https:\/\/leinfelder-juweler.com\/en\/wp-json\/wp\/v2\/product_brand?post=9337"},{"taxonomy":"product_cat","embeddable":true,"href":"https:\/\/leinfelder-juweler.com\/en\/wp-json\/wp\/v2\/product_cat?post=9337"},{"taxonomy":"product_tag","embeddable":true,"href":"https:\/\/leinfelder-juweler.com\/en\/wp-json\/wp\/v2\/product_tag?post=9337"}],"curies":[{"name":"wp","href":"https:\/\/api.w.org\/{rel}","templated":true}]}}