{"id":9338,"date":"2025-11-20T18:15:18","date_gmt":"2025-11-20T15:15:18","guid":{"rendered":"https:\/\/leinfelder-juweler.com\/?post_type=product&#038;p=9338"},"modified":"2025-11-20T20:50:39","modified_gmt":"2025-11-20T17:50:39","slug":"anhaenger-750-gelbgold-mit-5-diamanten","status":"publish","type":"product","link":"https:\/\/leinfelder-juweler.com\/en\/product\/anhaenger-750-gelbgold-mit-5-diamanten\/","title":{"rendered":"Anh\u00e4nger 750 Gelbgold mit 5 Diamanten"},"content":{"rendered":"<p data-mce-fragment=\"1\"><strong>Anh\u00e4nger 750 Gelbgold mit 5 Diamanten<\/strong><\/p>\n<p data-mce-fragment=\"1\"><strong>Material: <\/strong>750 Yellow Gold<\/p>\n<p data-mce-fragment=\"1\"><strong>Elemente:<\/strong> 5 Diamanten im princess cut gesamt 0,33 ct tw vsi 2,25 mm Kantenl\u00e4nge und eine S\u00fcdseeperle 15-16 mm<\/p>\n<p><strong>Holen Sie sich die S\u00fcdsee nach Hause! Die organische S\u00fcdseeperle mit ihrem seidigen L\u00fcster bildet den reizvollen Kontrast zu der markanten Fassung. F\u00fcnf bet\u00f6rende Diamanten im princess cut befeuern diesen Anh\u00e4nger.<\/strong><\/p>\n<p>\u00a0<\/p>\n<p><strong>Passend zu diesem Anh\u00e4nger empfehlen wir eine der folgenden Ketten: <\/strong><\/p>\n<p><strong>Ovale Erbskette  4,4 mm \/ 63 cm:<\/strong><\/p>\n<p><a href=\"https:\/\/shop.leinfelder-goldschmiede.de\/products\/ovale-erbskette-4-4-63-cm\"><img decoding=\"async\" alt=\"Ovale Erbskette  4,4 mm \/ 63 cm\" src=\"https:\/\/cdn.shopify.com\/s\/files\/1\/0537\/7205\/8797\/files\/38_55_19_D_4_4_zugeschnitten.jpg?v=1616745740\" target=\"_blank\" rel=\"noopener\"><\/a><\/p>\n<p><strong>Satinband mit Bajonett 2,7 mm \/ 50 cm:<\/strong><\/p>\n<p><a href=\"https:\/\/shop.leinfelder-goldschmiede.de\/products\/satinband-mit-bajonett-2-7-mm-50-cm\"><img decoding=\"async\" alt=\"Satinband mit Bajonett 2,7 mm \/ 50 cm\" src=\"https:\/\/cdn.shopify.com\/s\/files\/1\/0537\/7205\/8797\/files\/97_55_433_Satinband_mit_Bajonett_2_7_mm_zugeschnitten.jpg?v=1616748928\"><\/a><\/p>","protected":false},"excerpt":{"rendered":"<p>Anh\u00e4nger 750 Gelbgold mit 5 Diamanten Material: 750 Gelbgold Elemente: 5 Diamanten im princess cut gesamt 0,33 ct tw vsi 2,25 mm Kantenl\u00e4nge und eine S\u00fcdseeperle 15-16 mm Holen Sie sich die S\u00fcdsee nach Hause! Die organische S\u00fcdseeperle mit ihrem seidigen L\u00fcster bildet den reizvollen Kontrast zu der markanten Fassung. F\u00fcnf bet\u00f6rende Diamanten im princess [&hellip;]<\/p>","protected":false},"featured_media":10604,"comment_status":"open","ping_status":"closed","template":"","meta":{"_acf_changed":false,"_et_pb_use_builder":"","_et_pb_old_content":"","_et_gb_content_width":"","inline_featured_image":false},"product_brand":[332],"product_cat":[333],"product_tag":[],"class_list":{"0":"post-9338","1":"product","2":"type-product","3":"status-publish","4":"has-post-thumbnail","6":"product_brand-leinfelder","7":"product_cat-halsschmuck","9":"first","10":"outofstock","11":"shipping-taxable","12":"purchasable","13":"product-type-simple"},"acf":[],"_links":{"self":[{"href":"https:\/\/leinfelder-juweler.com\/en\/wp-json\/wp\/v2\/product\/9338","targetHints":{"allow":["GET"]}}],"collection":[{"href":"https:\/\/leinfelder-juweler.com\/en\/wp-json\/wp\/v2\/product"}],"about":[{"href":"https:\/\/leinfelder-juweler.com\/en\/wp-json\/wp\/v2\/types\/product"}],"replies":[{"embeddable":true,"href":"https:\/\/leinfelder-juweler.com\/en\/wp-json\/wp\/v2\/comments?post=9338"}],"wp:featuredmedia":[{"embeddable":true,"href":"https:\/\/leinfelder-juweler.com\/en\/wp-json\/wp\/v2\/media\/10604"}],"wp:attachment":[{"href":"https:\/\/leinfelder-juweler.com\/en\/wp-json\/wp\/v2\/media?parent=9338"}],"wp:term":[{"taxonomy":"product_brand","embeddable":true,"href":"https:\/\/leinfelder-juweler.com\/en\/wp-json\/wp\/v2\/product_brand?post=9338"},{"taxonomy":"product_cat","embeddable":true,"href":"https:\/\/leinfelder-juweler.com\/en\/wp-json\/wp\/v2\/product_cat?post=9338"},{"taxonomy":"product_tag","embeddable":true,"href":"https:\/\/leinfelder-juweler.com\/en\/wp-json\/wp\/v2\/product_tag?post=9338"}],"curies":[{"name":"wp","href":"https:\/\/api.w.org\/{rel}","templated":true}]}}