{"id":9339,"date":"2025-11-20T18:15:19","date_gmt":"2025-11-20T15:15:19","guid":{"rendered":"https:\/\/leinfelder-juweler.com\/?post_type=product&#038;p=9339"},"modified":"2025-11-20T20:50:46","modified_gmt":"2025-11-20T17:50:46","slug":"anhaenger-750-gelbgold-mit-einem-blauen-saphir-inklusive-rundankerkette","status":"publish","type":"product","link":"https:\/\/leinfelder-juweler.com\/en\/product\/anhaenger-750-gelbgold-mit-einem-blauen-saphir-inklusive-rundankerkette\/","title":{"rendered":"Anh\u00e4nger 750 Gelbgold mit einem blauen Saphir inklusive Rundankerkette"},"content":{"rendered":"<p data-mce-fragment=\"1\"><strong>Anh\u00e4nger 750 Gelbgold mit einem blauen Saphir inklusive Rundankerkette<\/strong><\/p>\n<p data-mce-fragment=\"1\"><strong>Material: <\/strong>750 Yellow Gold<\/p>\n<p data-mce-fragment=\"1\"><strong>Stein:<\/strong> blauer Saphir 0,20 ct \u00d8 3,5 mm<\/p>\n<p data-mce-fragment=\"1\"><strong>Ma\u00dfe: <\/strong>Rundankerkette 1,3 \/ 42 cm<\/p>\n<p><strong>Elfenhafte Leichtigkeit! Der leuchtend blaue Saphir ist f\u00f6rmlich in die zarte Fassung eingewoben. Die Kette verbindet sich sanft mit dem Anh\u00e4nger.<\/strong><\/p>","protected":false},"excerpt":{"rendered":"<p>Anh\u00e4nger 750 Gelbgold mit einem blauen Saphir inklusive Rundankerkette Material: 750 Gelbgold Stein: blauer Saphir 0,20 ct \u00d8 3,5 mm Ma\u00dfe: Rundankerkette 1,3 \/ 42 cm Elfenhafte Leichtigkeit! Der leuchtend blaue Saphir ist f\u00f6rmlich in die zarte Fassung eingewoben. Die Kette verbindet sich sanft mit dem Anh\u00e4nger.<\/p>","protected":false},"featured_media":10605,"comment_status":"open","ping_status":"closed","template":"","meta":{"_acf_changed":false,"_et_pb_use_builder":"","_et_pb_old_content":"","_et_gb_content_width":"","inline_featured_image":false},"product_brand":[332],"product_cat":[333],"product_tag":[],"class_list":{"0":"post-9339","1":"product","2":"type-product","3":"status-publish","4":"has-post-thumbnail","6":"product_brand-leinfelder","7":"product_cat-halsschmuck","9":"first","10":"outofstock","11":"shipping-taxable","12":"purchasable","13":"product-type-simple"},"acf":[],"_links":{"self":[{"href":"https:\/\/leinfelder-juweler.com\/en\/wp-json\/wp\/v2\/product\/9339","targetHints":{"allow":["GET"]}}],"collection":[{"href":"https:\/\/leinfelder-juweler.com\/en\/wp-json\/wp\/v2\/product"}],"about":[{"href":"https:\/\/leinfelder-juweler.com\/en\/wp-json\/wp\/v2\/types\/product"}],"replies":[{"embeddable":true,"href":"https:\/\/leinfelder-juweler.com\/en\/wp-json\/wp\/v2\/comments?post=9339"}],"wp:featuredmedia":[{"embeddable":true,"href":"https:\/\/leinfelder-juweler.com\/en\/wp-json\/wp\/v2\/media\/10605"}],"wp:attachment":[{"href":"https:\/\/leinfelder-juweler.com\/en\/wp-json\/wp\/v2\/media?parent=9339"}],"wp:term":[{"taxonomy":"product_brand","embeddable":true,"href":"https:\/\/leinfelder-juweler.com\/en\/wp-json\/wp\/v2\/product_brand?post=9339"},{"taxonomy":"product_cat","embeddable":true,"href":"https:\/\/leinfelder-juweler.com\/en\/wp-json\/wp\/v2\/product_cat?post=9339"},{"taxonomy":"product_tag","embeddable":true,"href":"https:\/\/leinfelder-juweler.com\/en\/wp-json\/wp\/v2\/product_tag?post=9339"}],"curies":[{"name":"wp","href":"https:\/\/api.w.org\/{rel}","templated":true}]}}